{"id":31236,"date":"2025-03-27T06:00:51","date_gmt":"2025-03-27T06:00:51","guid":{"rendered":"https:\/\/maxilladental.com\/?page_id=31236"},"modified":"2025-03-27T06:01:19","modified_gmt":"2025-03-27T06:01:19","slug":"sorumluluk-reddi-mukerrer-29108","status":"publish","type":"page","link":"https:\/\/maxilladental.com\/tr\/sorumluluk-reddi-mukerrer-29108\/","title":{"rendered":"Sorumluluk Reddi"},"content":{"rendered":"\t\t<div data-elementor-type=\"wp-page\" data-elementor-id=\"31236\" class=\"elementor elementor-31236 elementor-31235\" data-elementor-post-type=\"page\">\n\t\t\t\t\t\t<section data-ka-cursor-size=\"1\" class=\"elementor-section elementor-top-section elementor-element elementor-element-4c2ccc1 elementor-section-height-min-height elementor-section-boxed elementor-section-height-default elementor-section-items-middle\" data-id=\"4c2ccc1\" data-element_type=\"section\" data-e-type=\"section\" data-settings=\"{&quot;background_background&quot;:&quot;classic&quot;,&quot;kng_cursor_interaction&quot;:&quot;default&quot;,&quot;kng_cursor_magnetic&quot;:&quot;none&quot;,&quot;kng_cursor_size_multiplier&quot;:{&quot;unit&quot;:&quot;px&quot;,&quot;size&quot;:1,&quot;sizes&quot;:[]}}\">\n\t\t\t\t\t\t\t<div class=\"elementor-background-overlay\"><\/div>\n\t\t\t\t\t\t\t<div class=\"elementor-container elementor-column-gap-default\">\n\t\t\t\t\t<div data-ka-cursor-size=\"1\" class=\"elementor-column elementor-col-100 elementor-top-column elementor-element elementor-element-926bfba\" data-id=\"926bfba\" data-element_type=\"column\" data-e-type=\"column\" data-settings=\"{&quot;kng_cursor_interaction&quot;:&quot;default&quot;,&quot;kng_cursor_magnetic&quot;:&quot;none&quot;,&quot;kng_cursor_size_multiplier&quot;:{&quot;unit&quot;:&quot;px&quot;,&quot;size&quot;:1,&quot;sizes&quot;:[]}}\">\n\t\t\t<div class=\"elementor-widget-wrap elementor-element-populated\">\n\t\t\t\t\t\t<section data-ka-cursor-size=\"1\" class=\"elementor-section elementor-inner-section elementor-element elementor-element-dc1cf60 elementor-section-boxed elementor-section-height-default elementor-section-height-default elementor-invisible\" data-id=\"dc1cf60\" data-element_type=\"section\" data-e-type=\"section\" data-settings=\"{&quot;animation&quot;:&quot;fadeIn&quot;,&quot;animation_delay&quot;:100,&quot;kng_cursor_interaction&quot;:&quot;default&quot;,&quot;kng_cursor_magnetic&quot;:&quot;none&quot;,&quot;kng_cursor_size_multiplier&quot;:{&quot;unit&quot;:&quot;px&quot;,&quot;size&quot;:1,&quot;sizes&quot;:[]}}\">\n\t\t\t\t\t\t<div class=\"elementor-container elementor-column-gap-default\">\n\t\t\t\t\t<div data-ka-cursor-size=\"1\" class=\"elementor-column elementor-col-100 elementor-inner-column elementor-element elementor-element-6b745c4\" data-id=\"6b745c4\" data-element_type=\"column\" data-e-type=\"column\" data-settings=\"{&quot;kng_cursor_interaction&quot;:&quot;default&quot;,&quot;kng_cursor_magnetic&quot;:&quot;none&quot;,&quot;kng_cursor_size_multiplier&quot;:{&quot;unit&quot;:&quot;px&quot;,&quot;size&quot;:1,&quot;sizes&quot;:[]}}\">\n\t\t\t<div class=\"elementor-widget-wrap elementor-element-populated\">\n\t\t\t\t\t\t<div data-ka-cursor-size=\"1\" class=\"elementor-element elementor-element-a8b61a3 elementor-widget-mobile__width-inherit inner-page-heading elementor-widget elementor-widget-text-editor\" data-id=\"a8b61a3\" data-element_type=\"widget\" data-e-type=\"widget\" data-settings=\"{&quot;kng_cursor_interaction&quot;:&quot;default&quot;,&quot;kng_cursor_magnetic&quot;:&quot;none&quot;,&quot;kng_cursor_size_multiplier&quot;:{&quot;unit&quot;:&quot;px&quot;,&quot;size&quot;:1,&quot;sizes&quot;:[]}}\" data-widget_type=\"text-editor.default\">\n\t\t\t\t<div class=\"elementor-widget-container\">\n\t\t\t\t\t\t\t\t\t<p>Feragatname<\/p>\t\t\t\t\t\t\t\t<\/div>\n\t\t\t\t<\/div>\n\t\t\t\t\t<\/div>\n\t\t<\/div>\n\t\t\t\t\t<\/div>\n\t\t<\/section>\n\t\t\t\t\t<\/div>\n\t\t<\/div>\n\t\t\t\t\t<\/div>\n\t\t<\/section>\n\t\t\t\t<section data-ka-cursor-size=\"1\" class=\"elementor-section elementor-top-section elementor-element elementor-element-540cffb9 elementor-section-boxed elementor-section-height-default elementor-section-height-default\" data-id=\"540cffb9\" data-element_type=\"section\" data-e-type=\"section\" data-settings=\"{&quot;kng_cursor_interaction&quot;:&quot;default&quot;,&quot;kng_cursor_magnetic&quot;:&quot;none&quot;,&quot;kng_cursor_size_multiplier&quot;:{&quot;unit&quot;:&quot;px&quot;,&quot;size&quot;:1,&quot;sizes&quot;:[]}}\">\n\t\t\t\t\t\t<div class=\"elementor-container elementor-column-gap-default\">\n\t\t\t\t\t<div data-ka-cursor-size=\"1\" class=\"elementor-column elementor-col-100 elementor-top-column elementor-element elementor-element-391457d0\" data-id=\"391457d0\" data-element_type=\"column\" data-e-type=\"column\" data-settings=\"{&quot;kng_cursor_interaction&quot;:&quot;default&quot;,&quot;kng_cursor_magnetic&quot;:&quot;none&quot;,&quot;kng_cursor_size_multiplier&quot;:{&quot;unit&quot;:&quot;px&quot;,&quot;size&quot;:1,&quot;sizes&quot;:[]}}\">\n\t\t\t<div class=\"elementor-widget-wrap elementor-element-populated\">\n\t\t\t\t\t\t<div data-ka-cursor-size=\"1\" class=\"elementor-element elementor-element-54bc91b3 elementor-widget elementor-widget-text-editor\" data-id=\"54bc91b3\" data-element_type=\"widget\" data-e-type=\"widget\" data-settings=\"{&quot;kng_cursor_interaction&quot;:&quot;default&quot;,&quot;kng_cursor_magnetic&quot;:&quot;none&quot;,&quot;kng_cursor_size_multiplier&quot;:{&quot;unit&quot;:&quot;px&quot;,&quot;size&quot;:1,&quot;sizes&quot;:[]}}\" data-widget_type=\"text-editor.default\">\n\t\t\t\t<div class=\"elementor-widget-container\">\n\t\t\t\t\t\t\t\t\t<p><strong><\/strong><\/p>\n<p><br>Web Sitesi Feragatnamesi<br>Taraf\u0131m\u0131zdan (&#8220;biz&#8221;, &#8220;bize&#8221; veya &#8220;bizim&#8221;) https:\/\/maxilladental.com (bundan b\u00f6yle &#8220;Site&#8221; olarak an\u0131lacakt\u0131r) \u00fczerinde sa\u011flanan bilgiler yaln\u0131zca genel bilgilendirme ama\u00e7l\u0131d\u0131r. Sitedeki t\u00fcm bilgiler iyi niyetle sa\u011flanmaktad\u0131r, ancak bilgilerin do\u011frulu\u011fu, yeterlili\u011fi, ge\u00e7erlili\u011fi, g\u00fcvenilirli\u011fi, kullan\u0131labilirli\u011fi veya eksiksizli\u011fi konusunda a\u00e7\u0131k veya z\u0131mni herhangi bir beyan veya garanti vermemekteyiz.<br>Herhangi bir durumda, siteyi kullanman\u0131z veya sitedeki bilgilere g\u00fcvenmeniz sonucunda meydana gelen herhangi bir kay\u0131p veya zarar i\u00e7in size kar\u015f\u0131 hi\u00e7bir sorumlulu\u011fumuz olmayacakt\u0131r. Sitenin kullan\u0131m\u0131ndan ve sitedeki bilgilere g\u00fcvenmekten do\u011fan t\u00fcm riskler tamamen size aittir.   <\/p>\n\t\t\t\t\t\t\t\t<\/div>\n\t\t\t\t<\/div>\n\t\t\t\t\t<\/div>\n\t\t<\/div>\n\t\t\t\t\t<\/div>\n\t\t<\/section>\n\t\t\t\t<\/div>\n\t\t","protected":false},"excerpt":{"rendered":"<p>Feragatname Web Sitesi FeragatnamesiTaraf\u0131m\u0131zdan (&#8220;biz&#8221;, &#8220;bize&#8221; veya &#8220;bizim&#8221;) https:\/\/maxilladental.com (bundan b\u00f6yle &#8220;Site&#8221; olarak an\u0131lacakt\u0131r) \u00fczerinde sa\u011flanan bilgiler yaln\u0131zca genel bilgilendirme ama\u00e7l\u0131d\u0131r. Sitedeki t\u00fcm bilgiler iyi niyetle sa\u011flanmaktad\u0131r, ancak bilgilerin do\u011frulu\u011fu, yeterlili\u011fi, ge\u00e7erlili\u011fi, g\u00fcvenilirli\u011fi, kullan\u0131labilirli\u011fi veya eksiksizli\u011fi konusunda a\u00e7\u0131k veya z\u0131mni herhangi bir beyan veya garanti vermemekteyiz.Herhangi bir durumda, siteyi kullanman\u0131z veya sitedeki bilgilere g\u00fcvenmeniz sonucunda [&hellip;]<\/p>\n","protected":false},"author":2,"featured_media":0,"parent":0,"menu_order":0,"comment_status":"closed","ping_status":"closed","template":"page-templates\/template-full-width-page-without-header-title.php","meta":{"footnotes":""},"class_list":["post-31236","page","type-page","status-publish","hentry"],"aioseo_notices":[],"yoast_head":"<!-- This site is optimized with the Yoast SEO plugin v27.4 - https:\/\/yoast.com\/product\/yoast-seo-wordpress\/ -->\n<title>Sorumluluk Reddi - Maxilla Dental Clinic North York, Toronto<\/title>\n<meta name=\"robots\" content=\"index, follow, max-snippet:-1, max-image-preview:large, max-video-preview:-1\" \/>\n<link rel=\"canonical\" href=\"https:\/\/maxilladental.com\/tr\/sorumluluk-reddi-mukerrer-29108\/\" \/>\n<meta property=\"og:locale\" content=\"tr_TR\" \/>\n<meta property=\"og:type\" content=\"article\" \/>\n<meta property=\"og:title\" content=\"Sorumluluk Reddi - Maxilla Dental Clinic North York, Toronto\" \/>\n<meta property=\"og:description\" content=\"Feragatname Web Sitesi FeragatnamesiTaraf\u0131m\u0131zdan (&#8220;biz&#8221;, &#8220;bize&#8221; veya &#8220;bizim&#8221;) https:\/\/maxilladental.com (bundan b\u00f6yle &#8220;Site&#8221; olarak an\u0131lacakt\u0131r) \u00fczerinde sa\u011flanan bilgiler yaln\u0131zca genel bilgilendirme ama\u00e7l\u0131d\u0131r. Sitedeki t\u00fcm bilgiler iyi niyetle sa\u011flanmaktad\u0131r, ancak bilgilerin do\u011frulu\u011fu, yeterlili\u011fi, ge\u00e7erlili\u011fi, g\u00fcvenilirli\u011fi, kullan\u0131labilirli\u011fi veya eksiksizli\u011fi konusunda a\u00e7\u0131k veya z\u0131mni herhangi bir beyan veya garanti vermemekteyiz.Herhangi bir durumda, siteyi kullanman\u0131z veya sitedeki bilgilere g\u00fcvenmeniz sonucunda [&hellip;]\" \/>\n<meta property=\"og:url\" content=\"https:\/\/maxilladental.com\/tr\/sorumluluk-reddi-mukerrer-29108\/\" \/>\n<meta property=\"og:site_name\" content=\"Maxilla Dental Clinic North York, Toronto\" \/>\n<meta property=\"article:modified_time\" content=\"2025-03-27T06:01:19+00:00\" \/>\n<meta name=\"twitter:card\" content=\"summary_large_image\" \/>\n<meta name=\"twitter:label1\" content=\"Tahmini okuma s\u00fcresi\" \/>\n\t<meta name=\"twitter:data1\" content=\"1 dakika\" \/>\n<script type=\"application\/ld+json\" class=\"yoast-schema-graph\">{\"@context\":\"https:\\\/\\\/schema.org\",\"@graph\":[{\"@type\":\"WebPage\",\"@id\":\"https:\\\/\\\/maxilladental.com\\\/tr\\\/sorumluluk-reddi-mukerrer-29108\\\/\",\"url\":\"https:\\\/\\\/maxilladental.com\\\/tr\\\/sorumluluk-reddi-mukerrer-29108\\\/\",\"name\":\"Sorumluluk Reddi - Maxilla Dental Clinic North York, Toronto\",\"isPartOf\":{\"@id\":\"https:\\\/\\\/maxilladental.com\\\/tr\\\/#website\"},\"datePublished\":\"2025-03-27T06:00:51+00:00\",\"dateModified\":\"2025-03-27T06:01:19+00:00\",\"breadcrumb\":{\"@id\":\"https:\\\/\\\/maxilladental.com\\\/tr\\\/sorumluluk-reddi-mukerrer-29108\\\/#breadcrumb\"},\"inLanguage\":\"tr\",\"potentialAction\":[{\"@type\":\"ReadAction\",\"target\":[\"https:\\\/\\\/maxilladental.com\\\/tr\\\/sorumluluk-reddi-mukerrer-29108\\\/\"]}]},{\"@type\":\"BreadcrumbList\",\"@id\":\"https:\\\/\\\/maxilladental.com\\\/tr\\\/sorumluluk-reddi-mukerrer-29108\\\/#breadcrumb\",\"itemListElement\":[{\"@type\":\"ListItem\",\"position\":1,\"name\":\"Ev\",\"item\":\"https:\\\/\\\/maxilladental.com\\\/tr\\\/maxilla-dental\\\/\"},{\"@type\":\"ListItem\",\"position\":2,\"name\":\"Sorumluluk Reddi\"}]},{\"@type\":\"WebSite\",\"@id\":\"https:\\\/\\\/maxilladental.com\\\/tr\\\/#website\",\"url\":\"https:\\\/\\\/maxilladental.com\\\/tr\\\/\",\"name\":\"Maxilla Dental Clinic North York, Toronto\",\"description\":\"\",\"publisher\":{\"@id\":\"https:\\\/\\\/maxilladental.com\\\/tr\\\/#organization\"},\"potentialAction\":[{\"@type\":\"SearchAction\",\"target\":{\"@type\":\"EntryPoint\",\"urlTemplate\":\"https:\\\/\\\/maxilladental.com\\\/tr\\\/?s={search_term_string}\"},\"query-input\":{\"@type\":\"PropertyValueSpecification\",\"valueRequired\":true,\"valueName\":\"search_term_string\"}}],\"inLanguage\":\"tr\"},{\"@type\":\"Organization\",\"@id\":\"https:\\\/\\\/maxilladental.com\\\/tr\\\/#organization\",\"name\":\"Maxilla Di\u015f Klini\u011fi North York, Toronto\",\"url\":\"https:\\\/\\\/maxilladental.com\\\/tr\\\/\",\"logo\":{\"@type\":\"ImageObject\",\"inLanguage\":\"tr\",\"@id\":\"https:\\\/\\\/maxilladental.com\\\/tr\\\/#\\\/schema\\\/logo\\\/image\\\/\",\"url\":\"https:\\\/\\\/maxilladental.com\\\/wp-content\\\/uploads\\\/2021\\\/10\\\/Logo-maxilla.png\",\"contentUrl\":\"https:\\\/\\\/maxilladental.com\\\/wp-content\\\/uploads\\\/2021\\\/10\\\/Logo-maxilla.png\",\"width\":671,\"height\":454,\"caption\":\"Maxilla Di\u015f Klini\u011fi North York, Toronto\"},\"image\":{\"@id\":\"https:\\\/\\\/maxilladental.com\\\/tr\\\/#\\\/schema\\\/logo\\\/image\\\/\"}}]}<\/script>\n<!-- \/ Yoast SEO plugin. -->","yoast_head_json":{"title":"Sorumluluk Reddi - Maxilla Dental Clinic North York, Toronto","robots":{"index":"index","follow":"follow","max-snippet":"max-snippet:-1","max-image-preview":"max-image-preview:large","max-video-preview":"max-video-preview:-1"},"canonical":"https:\/\/maxilladental.com\/tr\/sorumluluk-reddi-mukerrer-29108\/","og_locale":"tr_TR","og_type":"article","og_title":"Sorumluluk Reddi - Maxilla Dental Clinic North York, Toronto","og_description":"Feragatname Web Sitesi FeragatnamesiTaraf\u0131m\u0131zdan (&#8220;biz&#8221;, &#8220;bize&#8221; veya &#8220;bizim&#8221;) https:\/\/maxilladental.com (bundan b\u00f6yle &#8220;Site&#8221; olarak an\u0131lacakt\u0131r) \u00fczerinde sa\u011flanan bilgiler yaln\u0131zca genel bilgilendirme ama\u00e7l\u0131d\u0131r. Sitedeki t\u00fcm bilgiler iyi niyetle sa\u011flanmaktad\u0131r, ancak bilgilerin do\u011frulu\u011fu, yeterlili\u011fi, ge\u00e7erlili\u011fi, g\u00fcvenilirli\u011fi, kullan\u0131labilirli\u011fi veya eksiksizli\u011fi konusunda a\u00e7\u0131k veya z\u0131mni herhangi bir beyan veya garanti vermemekteyiz.Herhangi bir durumda, siteyi kullanman\u0131z veya sitedeki bilgilere g\u00fcvenmeniz sonucunda [&hellip;]","og_url":"https:\/\/maxilladental.com\/tr\/sorumluluk-reddi-mukerrer-29108\/","og_site_name":"Maxilla Dental Clinic North York, Toronto","article_modified_time":"2025-03-27T06:01:19+00:00","twitter_card":"summary_large_image","twitter_misc":{"Tahmini okuma s\u00fcresi":"1 dakika"},"schema":{"@context":"https:\/\/schema.org","@graph":[{"@type":"WebPage","@id":"https:\/\/maxilladental.com\/tr\/sorumluluk-reddi-mukerrer-29108\/","url":"https:\/\/maxilladental.com\/tr\/sorumluluk-reddi-mukerrer-29108\/","name":"Sorumluluk Reddi - Maxilla Dental Clinic North York, Toronto","isPartOf":{"@id":"https:\/\/maxilladental.com\/tr\/#website"},"datePublished":"2025-03-27T06:00:51+00:00","dateModified":"2025-03-27T06:01:19+00:00","breadcrumb":{"@id":"https:\/\/maxilladental.com\/tr\/sorumluluk-reddi-mukerrer-29108\/#breadcrumb"},"inLanguage":"tr","potentialAction":[{"@type":"ReadAction","target":["https:\/\/maxilladental.com\/tr\/sorumluluk-reddi-mukerrer-29108\/"]}]},{"@type":"BreadcrumbList","@id":"https:\/\/maxilladental.com\/tr\/sorumluluk-reddi-mukerrer-29108\/#breadcrumb","itemListElement":[{"@type":"ListItem","position":1,"name":"Ev","item":"https:\/\/maxilladental.com\/tr\/maxilla-dental\/"},{"@type":"ListItem","position":2,"name":"Sorumluluk Reddi"}]},{"@type":"WebSite","@id":"https:\/\/maxilladental.com\/tr\/#website","url":"https:\/\/maxilladental.com\/tr\/","name":"Maxilla Dental Clinic North York, Toronto","description":"","publisher":{"@id":"https:\/\/maxilladental.com\/tr\/#organization"},"potentialAction":[{"@type":"SearchAction","target":{"@type":"EntryPoint","urlTemplate":"https:\/\/maxilladental.com\/tr\/?s={search_term_string}"},"query-input":{"@type":"PropertyValueSpecification","valueRequired":true,"valueName":"search_term_string"}}],"inLanguage":"tr"},{"@type":"Organization","@id":"https:\/\/maxilladental.com\/tr\/#organization","name":"Maxilla Di\u015f Klini\u011fi North York, Toronto","url":"https:\/\/maxilladental.com\/tr\/","logo":{"@type":"ImageObject","inLanguage":"tr","@id":"https:\/\/maxilladental.com\/tr\/#\/schema\/logo\/image\/","url":"https:\/\/maxilladental.com\/wp-content\/uploads\/2021\/10\/Logo-maxilla.png","contentUrl":"https:\/\/maxilladental.com\/wp-content\/uploads\/2021\/10\/Logo-maxilla.png","width":671,"height":454,"caption":"Maxilla Di\u015f Klini\u011fi North York, Toronto"},"image":{"@id":"https:\/\/maxilladental.com\/tr\/#\/schema\/logo\/image\/"}}]}},"_links":{"self":[{"href":"https:\/\/maxilladental.com\/tr\/wp-json\/wp\/v2\/pages\/31236","targetHints":{"allow":["GET"]}}],"collection":[{"href":"https:\/\/maxilladental.com\/tr\/wp-json\/wp\/v2\/pages"}],"about":[{"href":"https:\/\/maxilladental.com\/tr\/wp-json\/wp\/v2\/types\/page"}],"author":[{"embeddable":true,"href":"https:\/\/maxilladental.com\/tr\/wp-json\/wp\/v2\/users\/2"}],"replies":[{"embeddable":true,"href":"https:\/\/maxilladental.com\/tr\/wp-json\/wp\/v2\/comments?post=31236"}],"version-history":[{"count":0,"href":"https:\/\/maxilladental.com\/tr\/wp-json\/wp\/v2\/pages\/31236\/revisions"}],"wp:attachment":[{"href":"https:\/\/maxilladental.com\/tr\/wp-json\/wp\/v2\/media?parent=31236"}],"curies":[{"name":"wp","href":"https:\/\/api.w.org\/{rel}","templated":true}]}}