{"id":31009,"date":"2023-02-28T12:13:36","date_gmt":"2023-02-28T12:13:36","guid":{"rendered":"https:\/\/maxilladental.com\/dis-merkezi-hakkinda\/"},"modified":"2025-03-28T05:33:58","modified_gmt":"2025-03-28T05:33:58","slug":"dis-merkezi-hakkinda","status":"publish","type":"page","link":"https:\/\/maxilladental.com\/tr\/dis-merkezi-hakkinda\/","title":{"rendered":"Di\u015f Merkezi Hakk\u0131nda"},"content":{"rendered":"\t\t<div data-elementor-type=\"wp-page\" data-elementor-id=\"31009\" class=\"elementor elementor-31009 elementor-27550\" data-elementor-post-type=\"page\">\n\t\t\t\t\t\t<section data-ka-cursor-size=\"1\" class=\"elementor-section elementor-top-section elementor-element elementor-element-3e68cd6 elementor-section-height-min-height elementor-section-boxed elementor-section-height-default elementor-section-items-middle\" data-id=\"3e68cd6\" data-element_type=\"section\" data-e-type=\"section\" data-settings=\"{&quot;background_background&quot;:&quot;classic&quot;,&quot;kng_cursor_interaction&quot;:&quot;default&quot;,&quot;kng_cursor_magnetic&quot;:&quot;none&quot;,&quot;kng_cursor_size_multiplier&quot;:{&quot;unit&quot;:&quot;px&quot;,&quot;size&quot;:1,&quot;sizes&quot;:[]}}\">\n\t\t\t\t\t\t\t<div class=\"elementor-background-overlay\"><\/div>\n\t\t\t\t\t\t\t<div class=\"elementor-container elementor-column-gap-default\">\n\t\t\t\t\t<div data-ka-cursor-size=\"1\" class=\"elementor-column elementor-col-100 elementor-top-column elementor-element elementor-element-6b5ee68\" data-id=\"6b5ee68\" data-element_type=\"column\" data-e-type=\"column\" data-settings=\"{&quot;kng_cursor_interaction&quot;:&quot;default&quot;,&quot;kng_cursor_magnetic&quot;:&quot;none&quot;,&quot;kng_cursor_size_multiplier&quot;:{&quot;unit&quot;:&quot;px&quot;,&quot;size&quot;:1,&quot;sizes&quot;:[]}}\">\n\t\t\t<div class=\"elementor-widget-wrap elementor-element-populated\">\n\t\t\t\t\t\t<section data-ka-cursor-size=\"1\" class=\"elementor-section elementor-inner-section elementor-element elementor-element-3d6beed elementor-section-boxed elementor-section-height-default elementor-section-height-default elementor-invisible\" data-id=\"3d6beed\" data-element_type=\"section\" data-e-type=\"section\" data-settings=\"{&quot;animation&quot;:&quot;fadeIn&quot;,&quot;animation_delay&quot;:100,&quot;kng_cursor_interaction&quot;:&quot;default&quot;,&quot;kng_cursor_magnetic&quot;:&quot;none&quot;,&quot;kng_cursor_size_multiplier&quot;:{&quot;unit&quot;:&quot;px&quot;,&quot;size&quot;:1,&quot;sizes&quot;:[]}}\">\n\t\t\t\t\t\t<div class=\"elementor-container elementor-column-gap-default\">\n\t\t\t\t\t<div data-ka-cursor-size=\"1\" class=\"elementor-column elementor-col-100 elementor-inner-column elementor-element elementor-element-ac6a3bf\" data-id=\"ac6a3bf\" data-element_type=\"column\" data-e-type=\"column\" data-settings=\"{&quot;kng_cursor_interaction&quot;:&quot;default&quot;,&quot;kng_cursor_magnetic&quot;:&quot;none&quot;,&quot;kng_cursor_size_multiplier&quot;:{&quot;unit&quot;:&quot;px&quot;,&quot;size&quot;:1,&quot;sizes&quot;:[]}}\">\n\t\t\t<div class=\"elementor-widget-wrap elementor-element-populated\">\n\t\t\t\t\t\t<div data-ka-cursor-size=\"1\" class=\"elementor-element elementor-element-90f70e0 elementor-widget-mobile__width-inherit inner-page-heading elementor-widget elementor-widget-text-editor\" data-id=\"90f70e0\" data-element_type=\"widget\" data-e-type=\"widget\" data-settings=\"{&quot;kng_cursor_interaction&quot;:&quot;default&quot;,&quot;kng_cursor_magnetic&quot;:&quot;none&quot;,&quot;kng_cursor_size_multiplier&quot;:{&quot;unit&quot;:&quot;px&quot;,&quot;size&quot;:1,&quot;sizes&quot;:[]}}\" data-widget_type=\"text-editor.default\">\n\t\t\t\t<div class=\"elementor-widget-container\">\n\t\t\t\t\t\t\t\t\t<p>Di\u015f Merkezimiz Hakk\u0131nda<\/p>\t\t\t\t\t\t\t\t<\/div>\n\t\t\t\t<\/div>\n\t\t\t\t<div data-ka-cursor-size=\"1\" class=\"elementor-element elementor-element-8893b50 elementor-widget elementor-widget-text-editor\" data-id=\"8893b50\" data-element_type=\"widget\" data-e-type=\"widget\" data-settings=\"{&quot;kng_cursor_interaction&quot;:&quot;default&quot;,&quot;kng_cursor_magnetic&quot;:&quot;none&quot;,&quot;kng_cursor_size_multiplier&quot;:{&quot;unit&quot;:&quot;px&quot;,&quot;size&quot;:1,&quot;sizes&quot;:[]}}\" data-widget_type=\"text-editor.default\">\n\t\t\t\t<div class=\"elementor-widget-container\">\n\t\t\t\t\t\t\t\t\tEstetik, restoratif ve genel di\u015f hekimli\u011fi alanlar\u0131nda kaliteli hizmet sunmaya adanm\u0131\u015f \u00f6zel bir sa\u011fl\u0131k kurulu\u015fuyuz.\n\n\t\t\t\t\t\t\t\t<\/div>\n\t\t\t\t<\/div>\n\t\t\t\t\t<\/div>\n\t\t<\/div>\n\t\t\t\t\t<\/div>\n\t\t<\/section>\n\t\t\t\t\t<\/div>\n\t\t<\/div>\n\t\t\t\t\t<\/div>\n\t\t<\/section>\n\t\t\t\t<section data-ka-cursor-size=\"1\" class=\"elementor-section elementor-top-section elementor-element elementor-element-f1a868c elementor-section-full_width elementor-section-height-default elementor-section-height-default\" data-id=\"f1a868c\" data-element_type=\"section\" data-e-type=\"section\" data-settings=\"{&quot;background_background&quot;:&quot;classic&quot;,&quot;kng_cursor_interaction&quot;:&quot;default&quot;,&quot;kng_cursor_magnetic&quot;:&quot;none&quot;,&quot;kng_cursor_size_multiplier&quot;:{&quot;unit&quot;:&quot;px&quot;,&quot;size&quot;:1,&quot;sizes&quot;:[]}}\">\n\t\t\t\t\t\t\t<div class=\"elementor-background-overlay\"><\/div>\n\t\t\t\t\t\t\t<div class=\"elementor-container elementor-column-gap-default\">\n\t\t\t\t\t<div data-ka-cursor-size=\"1\" class=\"elementor-column elementor-col-100 elementor-top-column elementor-element elementor-element-c019f6f\" data-id=\"c019f6f\" data-element_type=\"column\" data-e-type=\"column\" data-settings=\"{&quot;kng_cursor_interaction&quot;:&quot;default&quot;,&quot;kng_cursor_magnetic&quot;:&quot;none&quot;,&quot;kng_cursor_size_multiplier&quot;:{&quot;unit&quot;:&quot;px&quot;,&quot;size&quot;:1,&quot;sizes&quot;:[]}}\">\n\t\t\t<div class=\"elementor-widget-wrap elementor-element-populated\">\n\t\t\t\t\t\t<section data-ka-cursor-size=\"1\" class=\"elementor-section elementor-inner-section elementor-element elementor-element-814c9d6 elementor-section-boxed elementor-section-height-default elementor-section-height-default\" data-id=\"814c9d6\" data-element_type=\"section\" data-e-type=\"section\" data-settings=\"{&quot;kng_cursor_interaction&quot;:&quot;default&quot;,&quot;kng_cursor_magnetic&quot;:&quot;none&quot;,&quot;kng_cursor_size_multiplier&quot;:{&quot;unit&quot;:&quot;px&quot;,&quot;size&quot;:1,&quot;sizes&quot;:[]}}\">\n\t\t\t\t\t\t<div class=\"elementor-container elementor-column-gap-default\">\n\t\t\t\t\t<div data-ka-cursor-size=\"1\" class=\"elementor-column elementor-col-50 elementor-inner-column elementor-element elementor-element-4a9e561 elementor-invisible\" data-id=\"4a9e561\" data-element_type=\"column\" data-e-type=\"column\" data-settings=\"{&quot;animation&quot;:&quot;fadeIn&quot;,&quot;animation_delay&quot;:200,&quot;background_background&quot;:&quot;classic&quot;,&quot;kng_cursor_interaction&quot;:&quot;default&quot;,&quot;kng_cursor_magnetic&quot;:&quot;none&quot;,&quot;kng_cursor_size_multiplier&quot;:{&quot;unit&quot;:&quot;px&quot;,&quot;size&quot;:1,&quot;sizes&quot;:[]}}\">\n\t\t\t<div class=\"elementor-widget-wrap elementor-element-populated\">\n\t\t\t\t\t\t<div data-ka-cursor-size=\"1\" class=\"elementor-element elementor-element-052b019 elementor-widget__width-initial elementor-widget elementor-widget-image\" data-id=\"052b019\" data-element_type=\"widget\" data-e-type=\"widget\" data-settings=\"{&quot;_animation&quot;:&quot;none&quot;,&quot;kng_cursor_interaction&quot;:&quot;default&quot;,&quot;kng_cursor_magnetic&quot;:&quot;none&quot;,&quot;kng_cursor_size_multiplier&quot;:{&quot;unit&quot;:&quot;px&quot;,&quot;size&quot;:1,&quot;sizes&quot;:[]}}\" data-widget_type=\"image.default\">\n\t\t\t\t<div class=\"elementor-widget-container\">\n\t\t\t\t\t\t\t\t\t\t\t\t\t\t\t<img fetchpriority=\"high\" decoding=\"async\" width=\"1024\" height=\"820\" src=\"https:\/\/maxilladental.com\/wp-content\/uploads\/2025\/03\/IMG_2224-1024x820.jpg\" class=\"attachment-large size-large wp-image-30841\" alt=\"Emergency Dental Service\" srcset=\"https:\/\/maxilladental.com\/wp-content\/uploads\/2025\/03\/IMG_2224-1024x820.jpg 1024w, https:\/\/maxilladental.com\/wp-content\/uploads\/2025\/03\/IMG_2224-300x240.jpg 300w, https:\/\/maxilladental.com\/wp-content\/uploads\/2025\/03\/IMG_2224-768x615.jpg 768w, https:\/\/maxilladental.com\/wp-content\/uploads\/2025\/03\/IMG_2224-1536x1229.jpg 1536w, https:\/\/maxilladental.com\/wp-content\/uploads\/2025\/03\/IMG_2224.jpg 2048w\" sizes=\"(max-width: 1024px) 100vw, 1024px\" \/>\t\t\t\t\t\t\t\t\t\t\t\t\t\t\t<\/div>\n\t\t\t\t<\/div>\n\t\t\t\t\t<\/div>\n\t\t<\/div>\n\t\t\t\t<div data-ka-cursor-size=\"1\" class=\"elementor-column elementor-col-50 elementor-inner-column elementor-element elementor-element-fbe3e97 elementor-invisible\" data-id=\"fbe3e97\" data-element_type=\"column\" data-e-type=\"column\" data-settings=\"{&quot;animation&quot;:&quot;fadeIn&quot;,&quot;animation_delay&quot;:0,&quot;kng_cursor_interaction&quot;:&quot;default&quot;,&quot;kng_cursor_magnetic&quot;:&quot;none&quot;,&quot;kng_cursor_size_multiplier&quot;:{&quot;unit&quot;:&quot;px&quot;,&quot;size&quot;:1,&quot;sizes&quot;:[]}}\">\n\t\t\t<div class=\"elementor-widget-wrap elementor-element-populated\">\n\t\t\t\t\t\t<div data-ka-cursor-size=\"1\" class=\"elementor-element elementor-element-c0b78cf elementor-widget-mobile__width-inherit elementor-widget elementor-widget-text-editor\" data-id=\"c0b78cf\" data-element_type=\"widget\" data-e-type=\"widget\" data-settings=\"{&quot;kng_cursor_interaction&quot;:&quot;default&quot;,&quot;kng_cursor_magnetic&quot;:&quot;none&quot;,&quot;kng_cursor_size_multiplier&quot;:{&quot;unit&quot;:&quot;px&quot;,&quot;size&quot;:1,&quot;sizes&quot;:[]}}\" data-widget_type=\"text-editor.default\">\n\t\t\t\t<div class=\"elementor-widget-container\">\n\t\t\t\t\t\t\t\t\t<p>Maxilla Dental<\/p>\t\t\t\t\t\t\t\t<\/div>\n\t\t\t\t<\/div>\n\t\t\t\t<div data-ka-cursor-size=\"1\" class=\"elementor-element elementor-element-c84ebfe elementor-widget__width-inherit elementor-widget elementor-widget-text-editor\" data-id=\"c84ebfe\" data-element_type=\"widget\" data-e-type=\"widget\" data-settings=\"{&quot;kng_cursor_interaction&quot;:&quot;default&quot;,&quot;kng_cursor_magnetic&quot;:&quot;none&quot;,&quot;kng_cursor_size_multiplier&quot;:{&quot;unit&quot;:&quot;px&quot;,&quot;size&quot;:1,&quot;sizes&quot;:[]}}\" data-widget_type=\"text-editor.default\">\n\t\t\t\t<div class=\"elementor-widget-container\">\n\t\t\t\t\t\t\t\t\t<p data-start=\"141\" data-end=\"418\"><strong data-start=\"144\" data-end=\"168\">Maxilla Dental Group<\/strong> olarak kendimizi <strong data-start=\"247\" data-end=\"277\">B\u00fcy\u00fck Toronto B\u00f6lgesi&#8217;nde (GTA)<\/strong> en y\u00fcksek standartta di\u015f bak\u0131m\u0131 sa\u011flamaya adad\u0131k. Misyonumuz, her hastan\u0131n a\u011f\u0131z sa\u011fl\u0131\u011f\u0131nda konfor, yenilik ve m\u00fckemmellik ile en kaliteli di\u015f hekimli\u011fi hizmetlerini almas\u0131n\u0131 sa\u011flamakt\u0131r. <\/p><p data-start=\"420\" data-end=\"661\"><strong data-start=\"460\" data-end=\"488\">\u0130ran, T\u00fcrkiye ve Kanada&#8217;d<\/strong>aki <strong data-start=\"425\" data-end=\"456\">30 y\u0131l\u0131 a\u015fk\u0131n deneyimimizle<\/strong>, hastalar\u0131m\u0131z\u0131n ihtiya\u00e7lar\u0131n\u0131 derinlemesine anlayarak, en son di\u015f teknolojisi ve uzman bak\u0131m\u0131yla <strong data-start=\"572\" data-end=\"603\">g\u00fczel ve kendinden emin g\u00fcl\u00fc\u015fler<\/strong> yaratmam\u0131z\u0131 sa\u011flad\u0131k.<\/p><p data-start=\"663\" data-end=\"1049\"><strong data-start=\"675\" data-end=\"705\">Son derece yetenekli uzmanlardan<\/strong> olu\u015fan ekibimiz <strong data-start=\"756\" data-end=\"855\">genel di\u015f hekimli\u011fi, ortodonti, implantlar, pediatrik di\u015f hekimli\u011fi, acil di\u015f bak\u0131m\u0131 ve daha fazlas\u0131<\/strong> dahil olmak \u00fczere \u00e7ok \u00e7e\u015fitli di\u015f hizmetleri sunmaktad\u0131r. Birden fazla klinik lokasyonu ve hatta hareket halindeyken sunulan hizmetler i\u00e7in bir <strong data-start=\"999\" data-end=\"1023\">mobil di\u015f klini\u011fi<\/strong> ile di\u015f bak\u0131m\u0131n\u0131 toplumun t\u00fcm \u00fcyeleri i\u00e7in <strong data-start=\"893\" data-end=\"922\">eri\u015filebilir ve kullan\u0131\u015fl\u0131<\/strong> hale getirmekten gurur duyuyoruz. <\/p><p data-start=\"1051\" data-end=\"1255\"><strong data-start=\"1054\" data-end=\"1072\">Maxilla Dental<\/strong> olarak, <strong data-start=\"1090\" data-end=\"1118\">g\u00fcl\u00fc\u015f\u00fcn\u00fcz\u00fcn bir hikaye anlatt\u0131\u011f\u0131na<\/strong> inan\u0131yoruz ve optimum a\u011f\u0131z sa\u011fl\u0131\u011f\u0131na giden yolculu\u011funuzun bir par\u00e7as\u0131 olmaktan onur duyuyoruz. G\u00fcvenilir di\u015f bak\u0131m\u0131 sa\u011flay\u0131c\u0131n\u0131z olarak bizi se\u00e7ti\u011finiz i\u00e7in te\u015fekk\u00fcr ederiz <\/p>\t\t\t\t\t\t\t\t<\/div>\n\t\t\t\t<\/div>\n\t\t\t\t\t<\/div>\n\t\t<\/div>\n\t\t\t\t\t<\/div>\n\t\t<\/section>\n\t\t\t\t\t<\/div>\n\t\t<\/div>\n\t\t\t\t\t<\/div>\n\t\t<\/section>\n\t\t\t\t<\/div>\n\t\t","protected":false},"excerpt":{"rendered":"<p>Di\u015f Merkezimiz Hakk\u0131nda Estetik, restoratif ve genel di\u015f hekimli\u011fi alanlar\u0131nda kaliteli hizmet sunmaya adanm\u0131\u015f \u00f6zel bir sa\u011fl\u0131k kurulu\u015fuyuz. Maxilla Dental Maxilla Dental Group olarak kendimizi B\u00fcy\u00fck Toronto B\u00f6lgesi&#8217;nde (GTA) en y\u00fcksek standartta di\u015f bak\u0131m\u0131 sa\u011flamaya adad\u0131k. Misyonumuz, her hastan\u0131n a\u011f\u0131z sa\u011fl\u0131\u011f\u0131nda konfor, yenilik ve m\u00fckemmellik ile en kaliteli di\u015f hekimli\u011fi hizmetlerini almas\u0131n\u0131 sa\u011flamakt\u0131r. \u0130ran, T\u00fcrkiye [&hellip;]<\/p>\n","protected":false},"author":2,"featured_media":0,"parent":0,"menu_order":0,"comment_status":"closed","ping_status":"closed","template":"page-templates\/template-full-width-page-without-header-title.php","meta":{"footnotes":""},"class_list":["post-31009","page","type-page","status-publish","hentry"],"aioseo_notices":[],"yoast_head":"<!-- This site is optimized with the Yoast SEO plugin v27.4 - https:\/\/yoast.com\/product\/yoast-seo-wordpress\/ -->\n<title>Di\u015f Merkezi Hakk\u0131nda - Maxilla Dental Clinic North York, Toronto<\/title>\n<meta name=\"robots\" content=\"index, follow, max-snippet:-1, max-image-preview:large, max-video-preview:-1\" \/>\n<link rel=\"canonical\" href=\"https:\/\/maxilladental.com\/tr\/dis-merkezi-hakkinda\/\" \/>\n<meta property=\"og:locale\" content=\"tr_TR\" \/>\n<meta property=\"og:type\" content=\"article\" \/>\n<meta property=\"og:title\" content=\"Di\u015f Merkezi Hakk\u0131nda - Maxilla Dental Clinic North York, Toronto\" \/>\n<meta property=\"og:description\" content=\"Di\u015f Merkezimiz Hakk\u0131nda Estetik, restoratif ve genel di\u015f hekimli\u011fi alanlar\u0131nda kaliteli hizmet sunmaya adanm\u0131\u015f \u00f6zel bir sa\u011fl\u0131k kurulu\u015fuyuz. Maxilla Dental Maxilla Dental Group olarak kendimizi B\u00fcy\u00fck Toronto B\u00f6lgesi&#8217;nde (GTA) en y\u00fcksek standartta di\u015f bak\u0131m\u0131 sa\u011flamaya adad\u0131k. Misyonumuz, her hastan\u0131n a\u011f\u0131z sa\u011fl\u0131\u011f\u0131nda konfor, yenilik ve m\u00fckemmellik ile en kaliteli di\u015f hekimli\u011fi hizmetlerini almas\u0131n\u0131 sa\u011flamakt\u0131r. \u0130ran, T\u00fcrkiye [&hellip;]\" \/>\n<meta property=\"og:url\" content=\"https:\/\/maxilladental.com\/tr\/dis-merkezi-hakkinda\/\" \/>\n<meta property=\"og:site_name\" content=\"Maxilla Dental Clinic North York, Toronto\" \/>\n<meta property=\"article:modified_time\" content=\"2025-03-28T05:33:58+00:00\" \/>\n<meta property=\"og:image\" content=\"https:\/\/maxilladental.com\/wp-content\/uploads\/2025\/03\/IMG_2224.jpg\" \/>\n\t<meta property=\"og:image:width\" content=\"2048\" \/>\n\t<meta property=\"og:image:height\" content=\"1639\" \/>\n\t<meta property=\"og:image:type\" content=\"image\/jpeg\" \/>\n<meta name=\"twitter:card\" content=\"summary_large_image\" \/>\n<meta name=\"twitter:label1\" content=\"Tahmini okuma s\u00fcresi\" \/>\n\t<meta name=\"twitter:data1\" content=\"1 dakika\" \/>\n<script type=\"application\/ld+json\" class=\"yoast-schema-graph\">{\"@context\":\"https:\\\/\\\/schema.org\",\"@graph\":[{\"@type\":\"WebPage\",\"@id\":\"https:\\\/\\\/maxilladental.com\\\/tr\\\/dis-merkezi-hakkinda\\\/\",\"url\":\"https:\\\/\\\/maxilladental.com\\\/tr\\\/dis-merkezi-hakkinda\\\/\",\"name\":\"Di\u015f Merkezi Hakk\u0131nda - Maxilla Dental Clinic North York, Toronto\",\"isPartOf\":{\"@id\":\"https:\\\/\\\/maxilladental.com\\\/tr\\\/#website\"},\"primaryImageOfPage\":{\"@id\":\"https:\\\/\\\/maxilladental.com\\\/tr\\\/dis-merkezi-hakkinda\\\/#primaryimage\"},\"image\":{\"@id\":\"https:\\\/\\\/maxilladental.com\\\/tr\\\/dis-merkezi-hakkinda\\\/#primaryimage\"},\"thumbnailUrl\":\"https:\\\/\\\/maxilladental.com\\\/wp-content\\\/uploads\\\/2025\\\/03\\\/IMG_2224-1024x820.jpg\",\"datePublished\":\"2023-02-28T12:13:36+00:00\",\"dateModified\":\"2025-03-28T05:33:58+00:00\",\"breadcrumb\":{\"@id\":\"https:\\\/\\\/maxilladental.com\\\/tr\\\/dis-merkezi-hakkinda\\\/#breadcrumb\"},\"inLanguage\":\"tr\",\"potentialAction\":[{\"@type\":\"ReadAction\",\"target\":[\"https:\\\/\\\/maxilladental.com\\\/tr\\\/dis-merkezi-hakkinda\\\/\"]}]},{\"@type\":\"ImageObject\",\"inLanguage\":\"tr\",\"@id\":\"https:\\\/\\\/maxilladental.com\\\/tr\\\/dis-merkezi-hakkinda\\\/#primaryimage\",\"url\":\"https:\\\/\\\/maxilladental.com\\\/wp-content\\\/uploads\\\/2025\\\/03\\\/IMG_2224-1024x820.jpg\",\"contentUrl\":\"https:\\\/\\\/maxilladental.com\\\/wp-content\\\/uploads\\\/2025\\\/03\\\/IMG_2224-1024x820.jpg\"},{\"@type\":\"BreadcrumbList\",\"@id\":\"https:\\\/\\\/maxilladental.com\\\/tr\\\/dis-merkezi-hakkinda\\\/#breadcrumb\",\"itemListElement\":[{\"@type\":\"ListItem\",\"position\":1,\"name\":\"Ev\",\"item\":\"https:\\\/\\\/maxilladental.com\\\/tr\\\/maxilla-dental\\\/\"},{\"@type\":\"ListItem\",\"position\":2,\"name\":\"Di\u015f Merkezi Hakk\u0131nda\"}]},{\"@type\":\"WebSite\",\"@id\":\"https:\\\/\\\/maxilladental.com\\\/tr\\\/#website\",\"url\":\"https:\\\/\\\/maxilladental.com\\\/tr\\\/\",\"name\":\"Maxilla Dental Clinic North York, Toronto\",\"description\":\"\",\"publisher\":{\"@id\":\"https:\\\/\\\/maxilladental.com\\\/tr\\\/#organization\"},\"potentialAction\":[{\"@type\":\"SearchAction\",\"target\":{\"@type\":\"EntryPoint\",\"urlTemplate\":\"https:\\\/\\\/maxilladental.com\\\/tr\\\/?s={search_term_string}\"},\"query-input\":{\"@type\":\"PropertyValueSpecification\",\"valueRequired\":true,\"valueName\":\"search_term_string\"}}],\"inLanguage\":\"tr\"},{\"@type\":\"Organization\",\"@id\":\"https:\\\/\\\/maxilladental.com\\\/tr\\\/#organization\",\"name\":\"Maxilla Di\u015f Klini\u011fi North York, Toronto\",\"url\":\"https:\\\/\\\/maxilladental.com\\\/tr\\\/\",\"logo\":{\"@type\":\"ImageObject\",\"inLanguage\":\"tr\",\"@id\":\"https:\\\/\\\/maxilladental.com\\\/tr\\\/#\\\/schema\\\/logo\\\/image\\\/\",\"url\":\"https:\\\/\\\/maxilladental.com\\\/wp-content\\\/uploads\\\/2021\\\/10\\\/Logo-maxilla.png\",\"contentUrl\":\"https:\\\/\\\/maxilladental.com\\\/wp-content\\\/uploads\\\/2021\\\/10\\\/Logo-maxilla.png\",\"width\":671,\"height\":454,\"caption\":\"Maxilla Di\u015f Klini\u011fi North York, Toronto\"},\"image\":{\"@id\":\"https:\\\/\\\/maxilladental.com\\\/tr\\\/#\\\/schema\\\/logo\\\/image\\\/\"}}]}<\/script>\n<!-- \/ Yoast SEO plugin. -->","yoast_head_json":{"title":"Di\u015f Merkezi Hakk\u0131nda - Maxilla Dental Clinic North York, Toronto","robots":{"index":"index","follow":"follow","max-snippet":"max-snippet:-1","max-image-preview":"max-image-preview:large","max-video-preview":"max-video-preview:-1"},"canonical":"https:\/\/maxilladental.com\/tr\/dis-merkezi-hakkinda\/","og_locale":"tr_TR","og_type":"article","og_title":"Di\u015f Merkezi Hakk\u0131nda - Maxilla Dental Clinic North York, Toronto","og_description":"Di\u015f Merkezimiz Hakk\u0131nda Estetik, restoratif ve genel di\u015f hekimli\u011fi alanlar\u0131nda kaliteli hizmet sunmaya adanm\u0131\u015f \u00f6zel bir sa\u011fl\u0131k kurulu\u015fuyuz. Maxilla Dental Maxilla Dental Group olarak kendimizi B\u00fcy\u00fck Toronto B\u00f6lgesi&#8217;nde (GTA) en y\u00fcksek standartta di\u015f bak\u0131m\u0131 sa\u011flamaya adad\u0131k. Misyonumuz, her hastan\u0131n a\u011f\u0131z sa\u011fl\u0131\u011f\u0131nda konfor, yenilik ve m\u00fckemmellik ile en kaliteli di\u015f hekimli\u011fi hizmetlerini almas\u0131n\u0131 sa\u011flamakt\u0131r. \u0130ran, T\u00fcrkiye [&hellip;]","og_url":"https:\/\/maxilladental.com\/tr\/dis-merkezi-hakkinda\/","og_site_name":"Maxilla Dental Clinic North York, Toronto","article_modified_time":"2025-03-28T05:33:58+00:00","og_image":[{"width":2048,"height":1639,"url":"https:\/\/maxilladental.com\/wp-content\/uploads\/2025\/03\/IMG_2224.jpg","type":"image\/jpeg"}],"twitter_card":"summary_large_image","twitter_misc":{"Tahmini okuma s\u00fcresi":"1 dakika"},"schema":{"@context":"https:\/\/schema.org","@graph":[{"@type":"WebPage","@id":"https:\/\/maxilladental.com\/tr\/dis-merkezi-hakkinda\/","url":"https:\/\/maxilladental.com\/tr\/dis-merkezi-hakkinda\/","name":"Di\u015f Merkezi Hakk\u0131nda - Maxilla Dental Clinic North York, Toronto","isPartOf":{"@id":"https:\/\/maxilladental.com\/tr\/#website"},"primaryImageOfPage":{"@id":"https:\/\/maxilladental.com\/tr\/dis-merkezi-hakkinda\/#primaryimage"},"image":{"@id":"https:\/\/maxilladental.com\/tr\/dis-merkezi-hakkinda\/#primaryimage"},"thumbnailUrl":"https:\/\/maxilladental.com\/wp-content\/uploads\/2025\/03\/IMG_2224-1024x820.jpg","datePublished":"2023-02-28T12:13:36+00:00","dateModified":"2025-03-28T05:33:58+00:00","breadcrumb":{"@id":"https:\/\/maxilladental.com\/tr\/dis-merkezi-hakkinda\/#breadcrumb"},"inLanguage":"tr","potentialAction":[{"@type":"ReadAction","target":["https:\/\/maxilladental.com\/tr\/dis-merkezi-hakkinda\/"]}]},{"@type":"ImageObject","inLanguage":"tr","@id":"https:\/\/maxilladental.com\/tr\/dis-merkezi-hakkinda\/#primaryimage","url":"https:\/\/maxilladental.com\/wp-content\/uploads\/2025\/03\/IMG_2224-1024x820.jpg","contentUrl":"https:\/\/maxilladental.com\/wp-content\/uploads\/2025\/03\/IMG_2224-1024x820.jpg"},{"@type":"BreadcrumbList","@id":"https:\/\/maxilladental.com\/tr\/dis-merkezi-hakkinda\/#breadcrumb","itemListElement":[{"@type":"ListItem","position":1,"name":"Ev","item":"https:\/\/maxilladental.com\/tr\/maxilla-dental\/"},{"@type":"ListItem","position":2,"name":"Di\u015f Merkezi Hakk\u0131nda"}]},{"@type":"WebSite","@id":"https:\/\/maxilladental.com\/tr\/#website","url":"https:\/\/maxilladental.com\/tr\/","name":"Maxilla Dental Clinic North York, Toronto","description":"","publisher":{"@id":"https:\/\/maxilladental.com\/tr\/#organization"},"potentialAction":[{"@type":"SearchAction","target":{"@type":"EntryPoint","urlTemplate":"https:\/\/maxilladental.com\/tr\/?s={search_term_string}"},"query-input":{"@type":"PropertyValueSpecification","valueRequired":true,"valueName":"search_term_string"}}],"inLanguage":"tr"},{"@type":"Organization","@id":"https:\/\/maxilladental.com\/tr\/#organization","name":"Maxilla Di\u015f Klini\u011fi North York, Toronto","url":"https:\/\/maxilladental.com\/tr\/","logo":{"@type":"ImageObject","inLanguage":"tr","@id":"https:\/\/maxilladental.com\/tr\/#\/schema\/logo\/image\/","url":"https:\/\/maxilladental.com\/wp-content\/uploads\/2021\/10\/Logo-maxilla.png","contentUrl":"https:\/\/maxilladental.com\/wp-content\/uploads\/2021\/10\/Logo-maxilla.png","width":671,"height":454,"caption":"Maxilla Di\u015f Klini\u011fi North York, Toronto"},"image":{"@id":"https:\/\/maxilladental.com\/tr\/#\/schema\/logo\/image\/"}}]}},"_links":{"self":[{"href":"https:\/\/maxilladental.com\/tr\/wp-json\/wp\/v2\/pages\/31009","targetHints":{"allow":["GET"]}}],"collection":[{"href":"https:\/\/maxilladental.com\/tr\/wp-json\/wp\/v2\/pages"}],"about":[{"href":"https:\/\/maxilladental.com\/tr\/wp-json\/wp\/v2\/types\/page"}],"author":[{"embeddable":true,"href":"https:\/\/maxilladental.com\/tr\/wp-json\/wp\/v2\/users\/2"}],"replies":[{"embeddable":true,"href":"https:\/\/maxilladental.com\/tr\/wp-json\/wp\/v2\/comments?post=31009"}],"version-history":[{"count":0,"href":"https:\/\/maxilladental.com\/tr\/wp-json\/wp\/v2\/pages\/31009\/revisions"}],"wp:attachment":[{"href":"https:\/\/maxilladental.com\/tr\/wp-json\/wp\/v2\/media?parent=31009"}],"curies":[{"name":"wp","href":"https:\/\/api.w.org\/{rel}","templated":true}]}}