{"id":30990,"date":"2024-07-01T12:16:29","date_gmt":"2024-07-01T12:16:29","guid":{"rendered":"https:\/\/maxilladental.com\/tam-agiz-restorasyonu\/"},"modified":"2025-03-27T04:14:07","modified_gmt":"2025-03-27T04:14:07","slug":"tam-agiz-restorasyonu","status":"publish","type":"page","link":"https:\/\/maxilladental.com\/tr\/hizmetler\/tam-agiz-restorasyonu\/","title":{"rendered":"Tam A\u011f\u0131z Restorasyonu"},"content":{"rendered":"\t\t<div data-elementor-type=\"wp-page\" data-elementor-id=\"30990\" class=\"elementor elementor-30990 elementor-27981\" data-elementor-post-type=\"page\">\n\t\t\t\t\t\t<section data-ka-cursor-size=\"1\" class=\"elementor-section elementor-top-section elementor-element elementor-element-26476ce elementor-section-height-min-height elementor-section-boxed elementor-section-height-default elementor-section-items-middle\" data-id=\"26476ce\" data-element_type=\"section\" data-e-type=\"section\" data-settings=\"{&quot;background_background&quot;:&quot;classic&quot;,&quot;kng_cursor_interaction&quot;:&quot;default&quot;,&quot;kng_cursor_magnetic&quot;:&quot;none&quot;,&quot;kng_cursor_size_multiplier&quot;:{&quot;unit&quot;:&quot;px&quot;,&quot;size&quot;:1,&quot;sizes&quot;:[]}}\">\n\t\t\t\t\t\t\t<div class=\"elementor-background-overlay\"><\/div>\n\t\t\t\t\t\t\t<div class=\"elementor-container elementor-column-gap-default\">\n\t\t\t\t\t<div data-ka-cursor-size=\"1\" class=\"elementor-column elementor-col-100 elementor-top-column elementor-element elementor-element-88c60df\" data-id=\"88c60df\" data-element_type=\"column\" data-e-type=\"column\" data-settings=\"{&quot;kng_cursor_interaction&quot;:&quot;default&quot;,&quot;kng_cursor_magnetic&quot;:&quot;none&quot;,&quot;kng_cursor_size_multiplier&quot;:{&quot;unit&quot;:&quot;px&quot;,&quot;size&quot;:1,&quot;sizes&quot;:[]}}\">\n\t\t\t<div class=\"elementor-widget-wrap elementor-element-populated\">\n\t\t\t\t\t\t<section data-ka-cursor-size=\"1\" class=\"elementor-section elementor-inner-section elementor-element elementor-element-600a2d9 elementor-section-boxed elementor-section-height-default elementor-section-height-default elementor-invisible\" data-id=\"600a2d9\" data-element_type=\"section\" data-e-type=\"section\" data-settings=\"{&quot;animation&quot;:&quot;fadeIn&quot;,&quot;animation_delay&quot;:100,&quot;kng_cursor_interaction&quot;:&quot;default&quot;,&quot;kng_cursor_magnetic&quot;:&quot;none&quot;,&quot;kng_cursor_size_multiplier&quot;:{&quot;unit&quot;:&quot;px&quot;,&quot;size&quot;:1,&quot;sizes&quot;:[]}}\">\n\t\t\t\t\t\t<div class=\"elementor-container elementor-column-gap-default\">\n\t\t\t\t\t<div data-ka-cursor-size=\"1\" class=\"elementor-column elementor-col-100 elementor-inner-column elementor-element elementor-element-e7843e1\" data-id=\"e7843e1\" data-element_type=\"column\" data-e-type=\"column\" data-settings=\"{&quot;kng_cursor_interaction&quot;:&quot;default&quot;,&quot;kng_cursor_magnetic&quot;:&quot;none&quot;,&quot;kng_cursor_size_multiplier&quot;:{&quot;unit&quot;:&quot;px&quot;,&quot;size&quot;:1,&quot;sizes&quot;:[]}}\">\n\t\t\t<div class=\"elementor-widget-wrap elementor-element-populated\">\n\t\t\t\t\t\t<div data-ka-cursor-size=\"1\" class=\"elementor-element elementor-element-0687f90 elementor-widget-mobile__width-inherit inner-page-heading elementor-widget elementor-widget-text-editor\" data-id=\"0687f90\" data-element_type=\"widget\" data-e-type=\"widget\" data-settings=\"{&quot;kng_cursor_interaction&quot;:&quot;default&quot;,&quot;kng_cursor_magnetic&quot;:&quot;none&quot;,&quot;kng_cursor_size_multiplier&quot;:{&quot;unit&quot;:&quot;px&quot;,&quot;size&quot;:1,&quot;sizes&quot;:[]}}\" data-widget_type=\"text-editor.default\">\n\t\t\t\t<div class=\"elementor-widget-container\">\n\t\t\t\t\t\t\t\t\t<h1><span style=\"color: #ff0066;\">Tam A\u011f\u0131z Restorasyonu<\/span><\/h1>\t\t\t\t\t\t\t\t<\/div>\n\t\t\t\t<\/div>\n\t\t\t\t<div data-ka-cursor-size=\"1\" class=\"elementor-element elementor-element-9dc32cf elementor-icon-list--layout-inline elementor-align-center breadcrum elementor-list-item-link-full_width elementor-widget elementor-widget-icon-list\" data-id=\"9dc32cf\" data-element_type=\"widget\" data-e-type=\"widget\" data-settings=\"{&quot;kng_cursor_interaction&quot;:&quot;default&quot;,&quot;kng_cursor_magnetic&quot;:&quot;none&quot;,&quot;kng_cursor_size_multiplier&quot;:{&quot;unit&quot;:&quot;px&quot;,&quot;size&quot;:1,&quot;sizes&quot;:[]}}\" data-widget_type=\"icon-list.default\">\n\t\t\t\t<div class=\"elementor-widget-container\">\n\t\t\t\t\t\t\t<ul class=\"elementor-icon-list-items elementor-inline-items\">\n\t\t\t\t\t\t\t<li class=\"elementor-icon-list-item elementor-inline-item\">\n\t\t\t\t\t\t\t\t\t\t\t<a href=\"\/\">\n\n\t\t\t\t\t\t\t\t\t\t\t<span class=\"elementor-icon-list-text\">Ev<\/span>\n\t\t\t\t\t\t\t\t\t\t\t<\/a>\n\t\t\t\t\t\t\t\t\t<\/li>\n\t\t\t\t\t\t\t\t<li class=\"elementor-icon-list-item elementor-inline-item\">\n\t\t\t\t\t\t\t\t\t\t\t<a href=\"https:\/\/maxilladental.com\/services\/\">\n\n\t\t\t\t\t\t\t\t\t\t\t\t<span class=\"elementor-icon-list-icon\">\n\t\t\t\t\t\t\t<svg xmlns=\"http:\/\/www.w3.org\/2000\/svg\" width=\"800px\" height=\"800px\" viewBox=\"0 0 24 24\" fill=\"none\"><path d=\"M9.71069 18.2929C10.1012 18.6834 10.7344 18.6834 11.1249 18.2929L16.0123 13.4006C16.7927 12.6195 16.7924 11.3537 16.0117 10.5729L11.1213 5.68254C10.7308 5.29202 10.0976 5.29202 9.70708 5.68254C9.31655 6.07307 9.31655 6.70623 9.70708 7.09676L13.8927 11.2824C14.2833 11.6729 14.2833 12.3061 13.8927 12.6966L9.71069 16.8787C9.32016 17.2692 9.32016 17.9023 9.71069 18.2929Z\" fill=\"#0F0F0F\"><\/path><\/svg>\t\t\t\t\t\t<\/span>\n\t\t\t\t\t\t\t\t\t\t<span class=\"elementor-icon-list-text\">Hizmet<\/span>\n\t\t\t\t\t\t\t\t\t\t\t<\/a>\n\t\t\t\t\t\t\t\t\t<\/li>\n\t\t\t\t\t\t\t\t<li class=\"elementor-icon-list-item elementor-inline-item\">\n\t\t\t\t\t\t\t\t\t\t\t<span class=\"elementor-icon-list-icon\">\n\t\t\t\t\t\t\t<svg xmlns=\"http:\/\/www.w3.org\/2000\/svg\" width=\"800px\" height=\"800px\" viewBox=\"0 0 24 24\" fill=\"none\"><path d=\"M9.71069 18.2929C10.1012 18.6834 10.7344 18.6834 11.1249 18.2929L16.0123 13.4006C16.7927 12.6195 16.7924 11.3537 16.0117 10.5729L11.1213 5.68254C10.7308 5.29202 10.0976 5.29202 9.70708 5.68254C9.31655 6.07307 9.31655 6.70623 9.70708 7.09676L13.8927 11.2824C14.2833 11.6729 14.2833 12.3061 13.8927 12.6966L9.71069 16.8787C9.32016 17.2692 9.32016 17.9023 9.71069 18.2929Z\" fill=\"#0F0F0F\"><\/path><\/svg>\t\t\t\t\t\t<\/span>\n\t\t\t\t\t\t\t\t\t\t<span class=\"elementor-icon-list-text\">Tam A\u011f\u0131z Restorasyonu<\/span>\n\t\t\t\t\t\t\t\t\t<\/li>\n\t\t\t\t\t\t<\/ul>\n\t\t\t\t\t\t<\/div>\n\t\t\t\t<\/div>\n\t\t\t\t\t<\/div>\n\t\t<\/div>\n\t\t\t\t\t<\/div>\n\t\t<\/section>\n\t\t\t\t\t<\/div>\n\t\t<\/div>\n\t\t\t\t\t<\/div>\n\t\t<\/section>\n\t\t\t\t<section data-ka-cursor-size=\"1\" class=\"elementor-section elementor-top-section elementor-element elementor-element-3608505 elementor-section-boxed elementor-section-height-default elementor-section-height-default\" data-id=\"3608505\" data-element_type=\"section\" data-e-type=\"section\" data-settings=\"{&quot;background_background&quot;:&quot;classic&quot;,&quot;kng_cursor_interaction&quot;:&quot;default&quot;,&quot;kng_cursor_magnetic&quot;:&quot;none&quot;,&quot;kng_cursor_size_multiplier&quot;:{&quot;unit&quot;:&quot;px&quot;,&quot;size&quot;:1,&quot;sizes&quot;:[]}}\">\n\t\t\t\t\t\t\t<div class=\"elementor-background-overlay\"><\/div>\n\t\t\t\t\t\t\t<div class=\"elementor-container elementor-column-gap-default\">\n\t\t\t\t\t<div data-ka-cursor-size=\"1\" class=\"elementor-column elementor-col-100 elementor-top-column elementor-element elementor-element-b963ece\" data-id=\"b963ece\" data-element_type=\"column\" data-e-type=\"column\" data-settings=\"{&quot;kng_cursor_interaction&quot;:&quot;default&quot;,&quot;kng_cursor_magnetic&quot;:&quot;none&quot;,&quot;kng_cursor_size_multiplier&quot;:{&quot;unit&quot;:&quot;px&quot;,&quot;size&quot;:1,&quot;sizes&quot;:[]}}\">\n\t\t\t<div class=\"elementor-widget-wrap elementor-element-populated\">\n\t\t\t\t\t\t<div data-ka-cursor-size=\"1\" class=\"elementor-element elementor-element-d8bce4c elementor-widget elementor-widget-image\" data-id=\"d8bce4c\" data-element_type=\"widget\" data-e-type=\"widget\" data-settings=\"{&quot;kng_cursor_interaction&quot;:&quot;default&quot;,&quot;kng_cursor_magnetic&quot;:&quot;none&quot;,&quot;kng_cursor_size_multiplier&quot;:{&quot;unit&quot;:&quot;px&quot;,&quot;size&quot;:1,&quot;sizes&quot;:[]}}\" data-widget_type=\"image.default\">\n\t\t\t\t<div class=\"elementor-widget-container\">\n\t\t\t\t\t\t\t\t\t\t\t\t\t\t\t<img fetchpriority=\"high\" decoding=\"async\" width=\"1024\" height=\"382\" src=\"https:\/\/maxilladental.com\/wp-content\/uploads\/2024\/07\/header_05-1280x478-1-1024x382.jpg\" class=\"attachment-large size-large wp-image-29920\" alt=\"maxilla dental\" srcset=\"https:\/\/maxilladental.com\/wp-content\/uploads\/2024\/07\/header_05-1280x478-1-1024x382.jpg 1024w, https:\/\/maxilladental.com\/wp-content\/uploads\/2024\/07\/header_05-1280x478-1-300x112.jpg 300w, https:\/\/maxilladental.com\/wp-content\/uploads\/2024\/07\/header_05-1280x478-1-768x287.jpg 768w, https:\/\/maxilladental.com\/wp-content\/uploads\/2024\/07\/header_05-1280x478-1.jpg 1280w\" sizes=\"(max-width: 1024px) 100vw, 1024px\" \/>\t\t\t\t\t\t\t\t\t\t\t\t\t\t\t<\/div>\n\t\t\t\t<\/div>\n\t\t\t\t<div data-ka-cursor-size=\"1\" class=\"elementor-element elementor-element-7bd4743 elementor-widget elementor-widget-text-editor\" data-id=\"7bd4743\" data-element_type=\"widget\" data-e-type=\"widget\" data-settings=\"{&quot;kng_cursor_interaction&quot;:&quot;default&quot;,&quot;kng_cursor_magnetic&quot;:&quot;none&quot;,&quot;kng_cursor_size_multiplier&quot;:{&quot;unit&quot;:&quot;px&quot;,&quot;size&quot;:1,&quot;sizes&quot;:[]}}\" data-widget_type=\"text-editor.default\">\n\t\t\t\t<div class=\"elementor-widget-container\">\n\t\t\t\t\t\t\t\t\t<p><span style=\"font-weight: 400;\">Hi\u00e7bir k\u0131r\u0131k g\u00fcl\u00fcmseme onar\u0131lamaz de\u011fildir; g\u00fcl\u00fcmsemenizi ve g\u00fcveninizi her zaman yeniden kazanabilirsiniz. Maxilla Dental, hastalar\u0131na tam a\u011f\u0131z rekonstr\u00fcksiyonu da dahil olmak \u00fczere kapsaml\u0131 bir restoratif di\u015f hekimli\u011fi hizmetleri yelpazesi sunmaktad\u0131r. En zorlu ve karma\u015f\u0131k a\u011f\u0131z rekonstr\u00fcksiyonu vakalar\u0131n\u0131 ele almak i\u00e7in gereken onlarca y\u0131ll\u0131k deneyime sahibiz.  <\/span><\/p>\t\t\t\t\t\t\t\t<\/div>\n\t\t\t\t<\/div>\n\t\t\t\t<section data-ka-cursor-size=\"1\" class=\"elementor-section elementor-inner-section elementor-element elementor-element-df99df4 elementor-section-height-min-height elementor-section-boxed elementor-section-height-default\" data-id=\"df99df4\" data-element_type=\"section\" data-e-type=\"section\" data-settings=\"{&quot;kng_cursor_interaction&quot;:&quot;default&quot;,&quot;kng_cursor_magnetic&quot;:&quot;none&quot;,&quot;kng_cursor_size_multiplier&quot;:{&quot;unit&quot;:&quot;px&quot;,&quot;size&quot;:1,&quot;sizes&quot;:[]}}\">\n\t\t\t\t\t\t<div class=\"elementor-container elementor-column-gap-default\">\n\t\t\t\t\t<div data-ka-cursor-size=\"1\" class=\"elementor-column elementor-col-100 elementor-inner-column elementor-element elementor-element-569d83b\" data-id=\"569d83b\" data-element_type=\"column\" data-e-type=\"column\" data-settings=\"{&quot;kng_cursor_interaction&quot;:&quot;default&quot;,&quot;kng_cursor_magnetic&quot;:&quot;none&quot;,&quot;kng_cursor_size_multiplier&quot;:{&quot;unit&quot;:&quot;px&quot;,&quot;size&quot;:1,&quot;sizes&quot;:[]}}\">\n\t\t\t<div class=\"elementor-widget-wrap elementor-element-populated\">\n\t\t\t\t\t\t<div data-ka-cursor-size=\"1\" class=\"elementor-element elementor-element-b4dd0e0 elementor-widget elementor-widget-image\" data-id=\"b4dd0e0\" data-element_type=\"widget\" data-e-type=\"widget\" data-settings=\"{&quot;kng_cursor_interaction&quot;:&quot;default&quot;,&quot;kng_cursor_magnetic&quot;:&quot;none&quot;,&quot;kng_cursor_size_multiplier&quot;:{&quot;unit&quot;:&quot;px&quot;,&quot;size&quot;:1,&quot;sizes&quot;:[]}}\" data-widget_type=\"image.default\">\n\t\t\t\t<div class=\"elementor-widget-container\">\n\t\t\t\t\t\t\t\t\t\t\t\t\t\t\t<img decoding=\"async\" width=\"1024\" height=\"909\" src=\"https:\/\/maxilladental.com\/wp-content\/uploads\/2024\/07\/mouth-restoration-min-1280x1136-1-1024x909.jpg\" class=\"attachment-large size-large wp-image-29923\" alt=\"maxilla dental\" srcset=\"https:\/\/maxilladental.com\/wp-content\/uploads\/2024\/07\/mouth-restoration-min-1280x1136-1-1024x909.jpg 1024w, https:\/\/maxilladental.com\/wp-content\/uploads\/2024\/07\/mouth-restoration-min-1280x1136-1-300x266.jpg 300w, https:\/\/maxilladental.com\/wp-content\/uploads\/2024\/07\/mouth-restoration-min-1280x1136-1-768x682.jpg 768w, https:\/\/maxilladental.com\/wp-content\/uploads\/2024\/07\/mouth-restoration-min-1280x1136-1.jpg 1280w\" sizes=\"(max-width: 1024px) 100vw, 1024px\" \/>\t\t\t\t\t\t\t\t\t\t\t\t\t\t\t<\/div>\n\t\t\t\t<\/div>\n\t\t\t\t\t<\/div>\n\t\t<\/div>\n\t\t\t\t\t<\/div>\n\t\t<\/section>\n\t\t\t\t<div data-ka-cursor-size=\"1\" class=\"elementor-element elementor-element-ac12e73 elementor-widget elementor-widget-text-editor\" data-id=\"ac12e73\" data-element_type=\"widget\" data-e-type=\"widget\" data-settings=\"{&quot;kng_cursor_interaction&quot;:&quot;default&quot;,&quot;kng_cursor_magnetic&quot;:&quot;none&quot;,&quot;kng_cursor_size_multiplier&quot;:{&quot;unit&quot;:&quot;px&quot;,&quot;size&quot;:1,&quot;sizes&quot;:[]}}\" data-widget_type=\"text-editor.default\">\n\t\t\t\t<div class=\"elementor-widget-container\">\n\t\t\t\t\t\t\t\t\t<h2>Tam A\u011f\u0131z Rekonstr\u00fcksiyonu Nedir?<\/h2><p><span style=\"font-weight: 400;\">Tedavi plan\u0131n\u0131z, rekonstr\u00fcksiyonunuzun t\u00fcm y\u00f6nlerini detayland\u0131ran ad\u0131m ad\u0131m bir s\u00fcre\u00e7 i\u00e7erecektir. Tedavinizin s\u00fcresi, ihtiya\u00e7 duyulan i\u015fin kapsam\u0131na ba\u011fl\u0131 olacakt\u0131r, ancak sonunda her \u015feye de\u011fecektir. Di\u015fleriniz, a\u011fz\u0131n\u0131z ve g\u00fcl\u00fc\u015f\u00fcn\u00fcz hayat\u0131n\u0131z\u0131n geri kalan\u0131 boyunca sa\u011fl\u0131kl\u0131 ve g\u00fczel olacakt\u0131r. Tam a\u011f\u0131z restorasyonunu, i\u015flevselli\u011fini ve kozmetik \u00e7ekicili\u011fini kaybetmi\u015f di\u015fleri ba\u015far\u0131l\u0131 bir \u015fekilde d\u00fczelten bir g\u00fcl\u00fc\u015f makyaj\u0131 olarak d\u00fc\u015f\u00fcn\u00fcn. Di\u015flerinizi restore etme fikri kula\u011fa invaziv veya ac\u0131 verici gelse de, di\u015f hekimlerimiz sekt\u00f6r\u00fcn en iyi uygulamalar\u0131n\u0131 ger\u00e7ekle\u015ftirmekte ve di\u015f restorasyonuna muhafazakar yakla\u015f\u0131mlar benimsemekte, konforunuzu ve g\u00fcveninizi g\u00f6z \u00f6n\u00fcnde bulundurarak g\u00fcl\u00fc\u015f\u00fcn\u00fcz\u00fc gen\u00e7le\u015ftirmek i\u00e7in \u00e7ok \u00e7e\u015fitli prosed\u00fcrler kullanmaktad\u0131r.    <\/span><\/p>\t\t\t\t\t\t\t\t<\/div>\n\t\t\t\t<\/div>\n\t\t\t\t\t<\/div>\n\t\t<\/div>\n\t\t\t\t\t<\/div>\n\t\t<\/section>\n\t\t\t\t<\/div>\n\t\t","protected":false},"excerpt":{"rendered":"<p>Tam A\u011f\u0131z Restorasyonu Ev Hizmet Tam A\u011f\u0131z Restorasyonu Hi\u00e7bir k\u0131r\u0131k g\u00fcl\u00fcmseme onar\u0131lamaz de\u011fildir; g\u00fcl\u00fcmsemenizi ve g\u00fcveninizi her zaman yeniden kazanabilirsiniz. Maxilla Dental, hastalar\u0131na tam a\u011f\u0131z rekonstr\u00fcksiyonu da dahil olmak \u00fczere kapsaml\u0131 bir restoratif di\u015f hekimli\u011fi hizmetleri yelpazesi sunmaktad\u0131r. En zorlu ve karma\u015f\u0131k a\u011f\u0131z rekonstr\u00fcksiyonu vakalar\u0131n\u0131 ele almak i\u00e7in gereken onlarca y\u0131ll\u0131k deneyime sahibiz. Tam A\u011f\u0131z [&hellip;]<\/p>\n","protected":false},"author":1,"featured_media":0,"parent":31043,"menu_order":0,"comment_status":"closed","ping_status":"closed","template":"page-templates\/template-full-width-page-without-header-title.php","meta":{"footnotes":""},"class_list":["post-30990","page","type-page","status-publish","hentry"],"aioseo_notices":[],"yoast_head":"<!-- This site is optimized with the Yoast SEO plugin v27.4 - https:\/\/yoast.com\/product\/yoast-seo-wordpress\/ -->\n<title>Tam A\u011f\u0131z Restorasyonu - Maxilla Dental Clinic North York, Toronto<\/title>\n<meta name=\"robots\" content=\"index, follow, max-snippet:-1, max-image-preview:large, max-video-preview:-1\" \/>\n<link rel=\"canonical\" href=\"https:\/\/maxilladental.com\/tr\/hizmetler\/tam-agiz-restorasyonu\/\" \/>\n<meta property=\"og:locale\" content=\"tr_TR\" \/>\n<meta property=\"og:type\" content=\"article\" \/>\n<meta property=\"og:title\" content=\"Tam A\u011f\u0131z Restorasyonu - Maxilla Dental Clinic North York, Toronto\" \/>\n<meta property=\"og:description\" content=\"Tam A\u011f\u0131z Restorasyonu Ev Hizmet Tam A\u011f\u0131z Restorasyonu Hi\u00e7bir k\u0131r\u0131k g\u00fcl\u00fcmseme onar\u0131lamaz de\u011fildir; g\u00fcl\u00fcmsemenizi ve g\u00fcveninizi her zaman yeniden kazanabilirsiniz. Maxilla Dental, hastalar\u0131na tam a\u011f\u0131z rekonstr\u00fcksiyonu da dahil olmak \u00fczere kapsaml\u0131 bir restoratif di\u015f hekimli\u011fi hizmetleri yelpazesi sunmaktad\u0131r. En zorlu ve karma\u015f\u0131k a\u011f\u0131z rekonstr\u00fcksiyonu vakalar\u0131n\u0131 ele almak i\u00e7in gereken onlarca y\u0131ll\u0131k deneyime sahibiz. Tam A\u011f\u0131z [&hellip;]\" \/>\n<meta property=\"og:url\" content=\"https:\/\/maxilladental.com\/tr\/hizmetler\/tam-agiz-restorasyonu\/\" \/>\n<meta property=\"og:site_name\" content=\"Maxilla Dental Clinic North York, Toronto\" \/>\n<meta property=\"article:modified_time\" content=\"2025-03-27T04:14:07+00:00\" \/>\n<meta property=\"og:image\" content=\"https:\/\/maxilladental.com\/wp-content\/uploads\/2024\/07\/header_05-1280x478-1.jpg\" \/>\n\t<meta property=\"og:image:width\" content=\"1280\" \/>\n\t<meta property=\"og:image:height\" content=\"478\" \/>\n\t<meta property=\"og:image:type\" content=\"image\/jpeg\" \/>\n<meta name=\"twitter:card\" content=\"summary_large_image\" \/>\n<meta name=\"twitter:label1\" content=\"Tahmini okuma s\u00fcresi\" \/>\n\t<meta name=\"twitter:data1\" content=\"1 dakika\" \/>\n<script type=\"application\/ld+json\" class=\"yoast-schema-graph\">{\"@context\":\"https:\\\/\\\/schema.org\",\"@graph\":[{\"@type\":\"WebPage\",\"@id\":\"https:\\\/\\\/maxilladental.com\\\/tr\\\/hizmetler\\\/tam-agiz-restorasyonu\\\/\",\"url\":\"https:\\\/\\\/maxilladental.com\\\/tr\\\/hizmetler\\\/tam-agiz-restorasyonu\\\/\",\"name\":\"Tam A\u011f\u0131z Restorasyonu - Maxilla Dental Clinic North York, Toronto\",\"isPartOf\":{\"@id\":\"https:\\\/\\\/maxilladental.com\\\/tr\\\/#website\"},\"primaryImageOfPage\":{\"@id\":\"https:\\\/\\\/maxilladental.com\\\/tr\\\/hizmetler\\\/tam-agiz-restorasyonu\\\/#primaryimage\"},\"image\":{\"@id\":\"https:\\\/\\\/maxilladental.com\\\/tr\\\/hizmetler\\\/tam-agiz-restorasyonu\\\/#primaryimage\"},\"thumbnailUrl\":\"https:\\\/\\\/maxilladental.com\\\/wp-content\\\/uploads\\\/2024\\\/07\\\/header_05-1280x478-1-1024x382.jpg\",\"datePublished\":\"2024-07-01T12:16:29+00:00\",\"dateModified\":\"2025-03-27T04:14:07+00:00\",\"breadcrumb\":{\"@id\":\"https:\\\/\\\/maxilladental.com\\\/tr\\\/hizmetler\\\/tam-agiz-restorasyonu\\\/#breadcrumb\"},\"inLanguage\":\"tr\",\"potentialAction\":[{\"@type\":\"ReadAction\",\"target\":[\"https:\\\/\\\/maxilladental.com\\\/tr\\\/hizmetler\\\/tam-agiz-restorasyonu\\\/\"]}]},{\"@type\":\"ImageObject\",\"inLanguage\":\"tr\",\"@id\":\"https:\\\/\\\/maxilladental.com\\\/tr\\\/hizmetler\\\/tam-agiz-restorasyonu\\\/#primaryimage\",\"url\":\"https:\\\/\\\/maxilladental.com\\\/wp-content\\\/uploads\\\/2024\\\/07\\\/header_05-1280x478-1-1024x382.jpg\",\"contentUrl\":\"https:\\\/\\\/maxilladental.com\\\/wp-content\\\/uploads\\\/2024\\\/07\\\/header_05-1280x478-1-1024x382.jpg\"},{\"@type\":\"BreadcrumbList\",\"@id\":\"https:\\\/\\\/maxilladental.com\\\/tr\\\/hizmetler\\\/tam-agiz-restorasyonu\\\/#breadcrumb\",\"itemListElement\":[{\"@type\":\"ListItem\",\"position\":1,\"name\":\"Ev\",\"item\":\"https:\\\/\\\/maxilladental.com\\\/tr\\\/maxilla-dental\\\/\"},{\"@type\":\"ListItem\",\"position\":2,\"name\":\"Hizmetler\",\"item\":\"https:\\\/\\\/maxilladental.com\\\/tr\\\/hizmetler\\\/\"},{\"@type\":\"ListItem\",\"position\":3,\"name\":\"Tam A\u011f\u0131z Restorasyonu\"}]},{\"@type\":\"WebSite\",\"@id\":\"https:\\\/\\\/maxilladental.com\\\/tr\\\/#website\",\"url\":\"https:\\\/\\\/maxilladental.com\\\/tr\\\/\",\"name\":\"Maxilla Dental Clinic North York, Toronto\",\"description\":\"\",\"publisher\":{\"@id\":\"https:\\\/\\\/maxilladental.com\\\/tr\\\/#organization\"},\"potentialAction\":[{\"@type\":\"SearchAction\",\"target\":{\"@type\":\"EntryPoint\",\"urlTemplate\":\"https:\\\/\\\/maxilladental.com\\\/tr\\\/?s={search_term_string}\"},\"query-input\":{\"@type\":\"PropertyValueSpecification\",\"valueRequired\":true,\"valueName\":\"search_term_string\"}}],\"inLanguage\":\"tr\"},{\"@type\":\"Organization\",\"@id\":\"https:\\\/\\\/maxilladental.com\\\/tr\\\/#organization\",\"name\":\"Maxilla Di\u015f Klini\u011fi North York, Toronto\",\"url\":\"https:\\\/\\\/maxilladental.com\\\/tr\\\/\",\"logo\":{\"@type\":\"ImageObject\",\"inLanguage\":\"tr\",\"@id\":\"https:\\\/\\\/maxilladental.com\\\/tr\\\/#\\\/schema\\\/logo\\\/image\\\/\",\"url\":\"https:\\\/\\\/maxilladental.com\\\/wp-content\\\/uploads\\\/2021\\\/10\\\/Logo-maxilla.png\",\"contentUrl\":\"https:\\\/\\\/maxilladental.com\\\/wp-content\\\/uploads\\\/2021\\\/10\\\/Logo-maxilla.png\",\"width\":671,\"height\":454,\"caption\":\"Maxilla Di\u015f Klini\u011fi North York, Toronto\"},\"image\":{\"@id\":\"https:\\\/\\\/maxilladental.com\\\/tr\\\/#\\\/schema\\\/logo\\\/image\\\/\"}}]}<\/script>\n<!-- \/ Yoast SEO plugin. -->","yoast_head_json":{"title":"Tam A\u011f\u0131z Restorasyonu - Maxilla Dental Clinic North York, Toronto","robots":{"index":"index","follow":"follow","max-snippet":"max-snippet:-1","max-image-preview":"max-image-preview:large","max-video-preview":"max-video-preview:-1"},"canonical":"https:\/\/maxilladental.com\/tr\/hizmetler\/tam-agiz-restorasyonu\/","og_locale":"tr_TR","og_type":"article","og_title":"Tam A\u011f\u0131z Restorasyonu - Maxilla Dental Clinic North York, Toronto","og_description":"Tam A\u011f\u0131z Restorasyonu Ev Hizmet Tam A\u011f\u0131z Restorasyonu Hi\u00e7bir k\u0131r\u0131k g\u00fcl\u00fcmseme onar\u0131lamaz de\u011fildir; g\u00fcl\u00fcmsemenizi ve g\u00fcveninizi her zaman yeniden kazanabilirsiniz. Maxilla Dental, hastalar\u0131na tam a\u011f\u0131z rekonstr\u00fcksiyonu da dahil olmak \u00fczere kapsaml\u0131 bir restoratif di\u015f hekimli\u011fi hizmetleri yelpazesi sunmaktad\u0131r. En zorlu ve karma\u015f\u0131k a\u011f\u0131z rekonstr\u00fcksiyonu vakalar\u0131n\u0131 ele almak i\u00e7in gereken onlarca y\u0131ll\u0131k deneyime sahibiz. Tam A\u011f\u0131z [&hellip;]","og_url":"https:\/\/maxilladental.com\/tr\/hizmetler\/tam-agiz-restorasyonu\/","og_site_name":"Maxilla Dental Clinic North York, Toronto","article_modified_time":"2025-03-27T04:14:07+00:00","og_image":[{"width":1280,"height":478,"url":"https:\/\/maxilladental.com\/wp-content\/uploads\/2024\/07\/header_05-1280x478-1.jpg","type":"image\/jpeg"}],"twitter_card":"summary_large_image","twitter_misc":{"Tahmini okuma s\u00fcresi":"1 dakika"},"schema":{"@context":"https:\/\/schema.org","@graph":[{"@type":"WebPage","@id":"https:\/\/maxilladental.com\/tr\/hizmetler\/tam-agiz-restorasyonu\/","url":"https:\/\/maxilladental.com\/tr\/hizmetler\/tam-agiz-restorasyonu\/","name":"Tam A\u011f\u0131z Restorasyonu - Maxilla Dental Clinic North York, Toronto","isPartOf":{"@id":"https:\/\/maxilladental.com\/tr\/#website"},"primaryImageOfPage":{"@id":"https:\/\/maxilladental.com\/tr\/hizmetler\/tam-agiz-restorasyonu\/#primaryimage"},"image":{"@id":"https:\/\/maxilladental.com\/tr\/hizmetler\/tam-agiz-restorasyonu\/#primaryimage"},"thumbnailUrl":"https:\/\/maxilladental.com\/wp-content\/uploads\/2024\/07\/header_05-1280x478-1-1024x382.jpg","datePublished":"2024-07-01T12:16:29+00:00","dateModified":"2025-03-27T04:14:07+00:00","breadcrumb":{"@id":"https:\/\/maxilladental.com\/tr\/hizmetler\/tam-agiz-restorasyonu\/#breadcrumb"},"inLanguage":"tr","potentialAction":[{"@type":"ReadAction","target":["https:\/\/maxilladental.com\/tr\/hizmetler\/tam-agiz-restorasyonu\/"]}]},{"@type":"ImageObject","inLanguage":"tr","@id":"https:\/\/maxilladental.com\/tr\/hizmetler\/tam-agiz-restorasyonu\/#primaryimage","url":"https:\/\/maxilladental.com\/wp-content\/uploads\/2024\/07\/header_05-1280x478-1-1024x382.jpg","contentUrl":"https:\/\/maxilladental.com\/wp-content\/uploads\/2024\/07\/header_05-1280x478-1-1024x382.jpg"},{"@type":"BreadcrumbList","@id":"https:\/\/maxilladental.com\/tr\/hizmetler\/tam-agiz-restorasyonu\/#breadcrumb","itemListElement":[{"@type":"ListItem","position":1,"name":"Ev","item":"https:\/\/maxilladental.com\/tr\/maxilla-dental\/"},{"@type":"ListItem","position":2,"name":"Hizmetler","item":"https:\/\/maxilladental.com\/tr\/hizmetler\/"},{"@type":"ListItem","position":3,"name":"Tam A\u011f\u0131z Restorasyonu"}]},{"@type":"WebSite","@id":"https:\/\/maxilladental.com\/tr\/#website","url":"https:\/\/maxilladental.com\/tr\/","name":"Maxilla Dental Clinic North York, Toronto","description":"","publisher":{"@id":"https:\/\/maxilladental.com\/tr\/#organization"},"potentialAction":[{"@type":"SearchAction","target":{"@type":"EntryPoint","urlTemplate":"https:\/\/maxilladental.com\/tr\/?s={search_term_string}"},"query-input":{"@type":"PropertyValueSpecification","valueRequired":true,"valueName":"search_term_string"}}],"inLanguage":"tr"},{"@type":"Organization","@id":"https:\/\/maxilladental.com\/tr\/#organization","name":"Maxilla Di\u015f Klini\u011fi North York, Toronto","url":"https:\/\/maxilladental.com\/tr\/","logo":{"@type":"ImageObject","inLanguage":"tr","@id":"https:\/\/maxilladental.com\/tr\/#\/schema\/logo\/image\/","url":"https:\/\/maxilladental.com\/wp-content\/uploads\/2021\/10\/Logo-maxilla.png","contentUrl":"https:\/\/maxilladental.com\/wp-content\/uploads\/2021\/10\/Logo-maxilla.png","width":671,"height":454,"caption":"Maxilla Di\u015f Klini\u011fi North York, Toronto"},"image":{"@id":"https:\/\/maxilladental.com\/tr\/#\/schema\/logo\/image\/"}}]}},"_links":{"self":[{"href":"https:\/\/maxilladental.com\/tr\/wp-json\/wp\/v2\/pages\/30990","targetHints":{"allow":["GET"]}}],"collection":[{"href":"https:\/\/maxilladental.com\/tr\/wp-json\/wp\/v2\/pages"}],"about":[{"href":"https:\/\/maxilladental.com\/tr\/wp-json\/wp\/v2\/types\/page"}],"author":[{"embeddable":true,"href":"https:\/\/maxilladental.com\/tr\/wp-json\/wp\/v2\/users\/1"}],"replies":[{"embeddable":true,"href":"https:\/\/maxilladental.com\/tr\/wp-json\/wp\/v2\/comments?post=30990"}],"version-history":[{"count":0,"href":"https:\/\/maxilladental.com\/tr\/wp-json\/wp\/v2\/pages\/30990\/revisions"}],"up":[{"embeddable":true,"href":"https:\/\/maxilladental.com\/tr\/wp-json\/wp\/v2\/pages\/31043"}],"wp:attachment":[{"href":"https:\/\/maxilladental.com\/tr\/wp-json\/wp\/v2\/media?parent=30990"}],"curies":[{"name":"wp","href":"https:\/\/api.w.org\/{rel}","templated":true}]}}