{"id":30974,"date":"2024-07-22T05:06:43","date_gmt":"2024-07-22T05:06:43","guid":{"rendered":"https:\/\/maxilladental.com\/kurucu\/"},"modified":"2025-03-27T04:14:09","modified_gmt":"2025-03-27T04:14:09","slug":"kurucu","status":"publish","type":"page","link":"https:\/\/maxilladental.com\/tr\/bizim-takimimiz\/kurucu\/","title":{"rendered":"Kurucu"},"content":{"rendered":"\t\t<div data-elementor-type=\"wp-page\" data-elementor-id=\"30974\" class=\"elementor elementor-30974 elementor-28332\" data-elementor-post-type=\"page\">\n\t\t\t\t\t\t<section data-ka-cursor-size=\"1\" class=\"elementor-section elementor-top-section elementor-element elementor-element-fec9020 elementor-section-height-min-height elementor-section-boxed elementor-section-height-default elementor-section-items-middle\" data-id=\"fec9020\" data-element_type=\"section\" data-e-type=\"section\" data-settings=\"{&quot;background_background&quot;:&quot;classic&quot;,&quot;kng_cursor_interaction&quot;:&quot;default&quot;,&quot;kng_cursor_magnetic&quot;:&quot;none&quot;,&quot;kng_cursor_size_multiplier&quot;:{&quot;unit&quot;:&quot;px&quot;,&quot;size&quot;:1,&quot;sizes&quot;:[]}}\">\n\t\t\t\t\t\t\t<div class=\"elementor-background-overlay\"><\/div>\n\t\t\t\t\t\t\t<div class=\"elementor-container elementor-column-gap-default\">\n\t\t\t\t\t<div data-ka-cursor-size=\"1\" class=\"elementor-column elementor-col-100 elementor-top-column elementor-element elementor-element-ecd775d\" data-id=\"ecd775d\" data-element_type=\"column\" data-e-type=\"column\" data-settings=\"{&quot;kng_cursor_interaction&quot;:&quot;default&quot;,&quot;kng_cursor_magnetic&quot;:&quot;none&quot;,&quot;kng_cursor_size_multiplier&quot;:{&quot;unit&quot;:&quot;px&quot;,&quot;size&quot;:1,&quot;sizes&quot;:[]}}\">\n\t\t\t<div class=\"elementor-widget-wrap elementor-element-populated\">\n\t\t\t\t\t\t<section data-ka-cursor-size=\"1\" class=\"elementor-section elementor-inner-section elementor-element elementor-element-83a60b2 elementor-section-boxed elementor-section-height-default elementor-section-height-default elementor-invisible\" data-id=\"83a60b2\" data-element_type=\"section\" data-e-type=\"section\" data-settings=\"{&quot;animation&quot;:&quot;fadeIn&quot;,&quot;animation_delay&quot;:100,&quot;kng_cursor_interaction&quot;:&quot;default&quot;,&quot;kng_cursor_magnetic&quot;:&quot;none&quot;,&quot;kng_cursor_size_multiplier&quot;:{&quot;unit&quot;:&quot;px&quot;,&quot;size&quot;:1,&quot;sizes&quot;:[]}}\">\n\t\t\t\t\t\t<div class=\"elementor-container elementor-column-gap-default\">\n\t\t\t\t\t<div data-ka-cursor-size=\"1\" class=\"elementor-column elementor-col-100 elementor-inner-column elementor-element elementor-element-f0900d3\" data-id=\"f0900d3\" data-element_type=\"column\" data-e-type=\"column\" data-settings=\"{&quot;kng_cursor_interaction&quot;:&quot;default&quot;,&quot;kng_cursor_magnetic&quot;:&quot;none&quot;,&quot;kng_cursor_size_multiplier&quot;:{&quot;unit&quot;:&quot;px&quot;,&quot;size&quot;:1,&quot;sizes&quot;:[]}}\">\n\t\t\t<div class=\"elementor-widget-wrap elementor-element-populated\">\n\t\t\t\t\t\t<div data-ka-cursor-size=\"1\" class=\"elementor-element elementor-element-c0e5a16 elementor-widget-mobile__width-inherit inner-page-heading elementor-widget elementor-widget-text-editor\" data-id=\"c0e5a16\" data-element_type=\"widget\" data-e-type=\"widget\" data-settings=\"{&quot;kng_cursor_interaction&quot;:&quot;default&quot;,&quot;kng_cursor_magnetic&quot;:&quot;none&quot;,&quot;kng_cursor_size_multiplier&quot;:{&quot;unit&quot;:&quot;px&quot;,&quot;size&quot;:1,&quot;sizes&quot;:[]}}\" data-widget_type=\"text-editor.default\">\n\t\t\t\t<div class=\"elementor-widget-container\">\n\t\t\t\t\t\t\t\t\tKurucumuzla Tan\u0131\u015f\u0131n\t\t\t\t\t\t\t\t<\/div>\n\t\t\t\t<\/div>\n\t\t\t\t\t<\/div>\n\t\t<\/div>\n\t\t\t\t\t<\/div>\n\t\t<\/section>\n\t\t\t\t\t<\/div>\n\t\t<\/div>\n\t\t\t\t\t<\/div>\n\t\t<\/section>\n\t\t\t\t<section data-ka-cursor-size=\"1\" class=\"elementor-section elementor-top-section elementor-element elementor-element-0100f32 elementor-section-boxed elementor-section-height-default elementor-section-height-default\" data-id=\"0100f32\" data-element_type=\"section\" data-e-type=\"section\" data-settings=\"{&quot;background_background&quot;:&quot;classic&quot;,&quot;kng_cursor_interaction&quot;:&quot;default&quot;,&quot;kng_cursor_magnetic&quot;:&quot;none&quot;,&quot;kng_cursor_size_multiplier&quot;:{&quot;unit&quot;:&quot;px&quot;,&quot;size&quot;:1,&quot;sizes&quot;:[]}}\">\n\t\t\t\t\t\t\t<div class=\"elementor-background-overlay\"><\/div>\n\t\t\t\t\t\t\t<div class=\"elementor-container elementor-column-gap-default\">\n\t\t\t\t\t<div data-ka-cursor-size=\"1\" class=\"elementor-column elementor-col-100 elementor-top-column elementor-element elementor-element-716ce85\" data-id=\"716ce85\" data-element_type=\"column\" data-e-type=\"column\" data-settings=\"{&quot;kng_cursor_interaction&quot;:&quot;default&quot;,&quot;kng_cursor_magnetic&quot;:&quot;none&quot;,&quot;kng_cursor_size_multiplier&quot;:{&quot;unit&quot;:&quot;px&quot;,&quot;size&quot;:1,&quot;sizes&quot;:[]}}\">\n\t\t\t<div class=\"elementor-widget-wrap elementor-element-populated\">\n\t\t\t\t\t\t<section data-ka-cursor-size=\"1\" class=\"elementor-section elementor-inner-section elementor-element elementor-element-be72b36 elementor-section-full_width elementor-section-height-default elementor-section-height-default elementor-invisible\" data-id=\"be72b36\" data-element_type=\"section\" data-e-type=\"section\" data-settings=\"{&quot;animation&quot;:&quot;fadeIn&quot;,&quot;kng_cursor_interaction&quot;:&quot;default&quot;,&quot;kng_cursor_magnetic&quot;:&quot;none&quot;,&quot;kng_cursor_size_multiplier&quot;:{&quot;unit&quot;:&quot;px&quot;,&quot;size&quot;:1,&quot;sizes&quot;:[]}}\">\n\t\t\t\t\t\t<div class=\"elementor-container elementor-column-gap-no\">\n\t\t\t\t\t<div data-ka-cursor-size=\"1\" class=\"elementor-column elementor-col-50 elementor-inner-column elementor-element elementor-element-beb9c79\" data-id=\"beb9c79\" data-element_type=\"column\" data-e-type=\"column\" data-settings=\"{&quot;kng_cursor_interaction&quot;:&quot;default&quot;,&quot;kng_cursor_magnetic&quot;:&quot;none&quot;,&quot;kng_cursor_size_multiplier&quot;:{&quot;unit&quot;:&quot;px&quot;,&quot;size&quot;:1,&quot;sizes&quot;:[]}}\">\n\t\t\t<div class=\"elementor-widget-wrap elementor-element-populated\">\n\t\t\t\t\t\t<div data-ka-cursor-size=\"1\" class=\"elementor-element elementor-element-ab779f7 elementor-widget__width-inherit elementor-widget elementor-widget-image\" data-id=\"ab779f7\" data-element_type=\"widget\" data-e-type=\"widget\" data-settings=\"{&quot;_animation&quot;:&quot;none&quot;,&quot;kng_cursor_interaction&quot;:&quot;default&quot;,&quot;kng_cursor_magnetic&quot;:&quot;none&quot;,&quot;kng_cursor_size_multiplier&quot;:{&quot;unit&quot;:&quot;px&quot;,&quot;size&quot;:1,&quot;sizes&quot;:[]}}\" data-widget_type=\"image.default\">\n\t\t\t\t<div class=\"elementor-widget-container\">\n\t\t\t\t\t\t\t\t\t\t\t\t\t\t\t<img fetchpriority=\"high\" decoding=\"async\" width=\"683\" height=\"1024\" src=\"https:\/\/maxilladental.com\/wp-content\/uploads\/2025\/02\/Dr.-Nariman-Forootan-683x1024.jpg\" class=\"attachment-large size-large wp-image-30631\" alt=\"\" srcset=\"https:\/\/maxilladental.com\/wp-content\/uploads\/2025\/02\/Dr.-Nariman-Forootan-683x1024.jpg 683w, https:\/\/maxilladental.com\/wp-content\/uploads\/2025\/02\/Dr.-Nariman-Forootan-200x300.jpg 200w, https:\/\/maxilladental.com\/wp-content\/uploads\/2025\/02\/Dr.-Nariman-Forootan-768x1152.jpg 768w, https:\/\/maxilladental.com\/wp-content\/uploads\/2025\/02\/Dr.-Nariman-Forootan-1024x1536.jpg 1024w, https:\/\/maxilladental.com\/wp-content\/uploads\/2025\/02\/Dr.-Nariman-Forootan-1365x2048.jpg 1365w, https:\/\/maxilladental.com\/wp-content\/uploads\/2025\/02\/Dr.-Nariman-Forootan-scaled.jpg 1707w\" sizes=\"(max-width: 683px) 100vw, 683px\" \/>\t\t\t\t\t\t\t\t\t\t\t\t\t\t\t<\/div>\n\t\t\t\t<\/div>\n\t\t\t\t\t<\/div>\n\t\t<\/div>\n\t\t\t\t<div data-ka-cursor-size=\"1\" class=\"elementor-column elementor-col-50 elementor-inner-column elementor-element elementor-element-cdaa54c\" data-id=\"cdaa54c\" data-element_type=\"column\" data-e-type=\"column\" data-settings=\"{&quot;kng_cursor_interaction&quot;:&quot;default&quot;,&quot;kng_cursor_magnetic&quot;:&quot;none&quot;,&quot;kng_cursor_size_multiplier&quot;:{&quot;unit&quot;:&quot;px&quot;,&quot;size&quot;:1,&quot;sizes&quot;:[]}}\">\n\t\t\t<div class=\"elementor-widget-wrap elementor-element-populated\">\n\t\t\t\t\t\t<div data-ka-cursor-size=\"1\" class=\"elementor-element elementor-element-87c038a elementor-widget-mobile__width-inherit elementor-widget elementor-widget-text-editor\" data-id=\"87c038a\" data-element_type=\"widget\" data-e-type=\"widget\" data-settings=\"{&quot;kng_cursor_interaction&quot;:&quot;default&quot;,&quot;kng_cursor_magnetic&quot;:&quot;none&quot;,&quot;kng_cursor_size_multiplier&quot;:{&quot;unit&quot;:&quot;px&quot;,&quot;size&quot;:1,&quot;sizes&quot;:[]}}\" data-widget_type=\"text-editor.default\">\n\t\t\t\t<div class=\"elementor-widget-container\">\n\t\t\t\t\t\t\t\t\t<p>Dr. Nariman Forootan<\/p>\t\t\t\t\t\t\t\t<\/div>\n\t\t\t\t<\/div>\n\t\t\t\t<div data-ka-cursor-size=\"1\" class=\"elementor-element elementor-element-0e2de0e elementor-widget elementor-widget-text-editor\" data-id=\"0e2de0e\" data-element_type=\"widget\" data-e-type=\"widget\" data-settings=\"{&quot;kng_cursor_interaction&quot;:&quot;default&quot;,&quot;kng_cursor_magnetic&quot;:&quot;none&quot;,&quot;kng_cursor_size_multiplier&quot;:{&quot;unit&quot;:&quot;px&quot;,&quot;size&quot;:1,&quot;sizes&quot;:[]}}\" data-widget_type=\"text-editor.default\">\n\t\t\t\t<div class=\"elementor-widget-container\">\n\t\t\t\t\t\t\t\t\t<p>Tahran, \u0130ran&#8217;da do\u011fup \u0130stanbul, T\u00fcrkiye&#8217;de b\u00fcy\u00fcyen Dr. Forootan, T\u00fcrkiye&#8217;de Marmara \u00dcniversitesi Di\u015f Hekimli\u011fi Fak\u00fcltesi&#8217;nden mezun oldu.<br>Maceras\u0131na \u0130ran&#8217;a d\u00f6nerek, s\u0131navlar\u0131 ge\u00e7erek ve orada di\u015f hekimi olarak ba\u015flad\u0131 ve hastalar\u0131na \u00fcst d\u00fczey kozmetik di\u015f hizmetleri sunmak i\u00e7in l\u00fcks di\u015f klini\u011fini a\u00e7t\u0131. 15 y\u0131l di\u015f hekimli\u011fi yapt\u0131ktan sonra Kanada&#8217;ya g\u00f6\u00e7 etti. Daha sonra Dental Board s\u0131navlar\u0131n\u0131 ge\u00e7meyi ba\u015fard\u0131 ve Kanadal\u0131 bir di\u015f hekimi olarak \u00e7al\u0131\u015fmaya ba\u015flad\u0131. O zamandan beri GTA&#8217;da kendi muayenehanelerini i\u015fletmektedir. Dr. Forootan, \u00fc\u00e7 dili ak\u0131c\u0131 bir \u015fekilde konu\u015fabilmesi, insanlar\u0131 dinleme ve hastalar\u0131n stresini azaltma becerisi sayesinde farkl\u0131 etnik k\u00f6kenlerden \u00e7e\u015fitli hastalarla g\u00f6r\u00fc\u015fmektedir.<br>Kendisi benzersiz bir problem \u00e7\u00f6z\u00fcc\u00fc, yarat\u0131c\u0131 bir ekip koordinat\u00f6r\u00fc, harika bir kozmetik ve aile di\u015f hekimi ve Maxilla Dental&#8217;deki ekibimizin \u00f6nemli bir \u00fcyesidir. Dr. Forootan, t\u0131p ve di\u015f hekimli\u011fi alan\u0131n\u0131n giri\u015fimcilik y\u00f6nleri konusunda uzun s\u00fcreli deneyime ve derin i\u00e7g\u00f6r\u00fcye sahip profesyonel bir di\u015f hekimidir. Deneyimleri, Kanada&#8217;da ve deniza\u015f\u0131r\u0131 \u00fclkelerde \u00e7e\u015fitli t\u0131bbi ve dental komplekslerin kurulmas\u0131, y\u00f6netilmesi ve geni\u015fletilmesine kadar uzanmaktad\u0131r. T\u0131p ve di\u015f hekimli\u011fi profesyonelleriyle yeni f\u0131rsatlar ke\u015ffetmeye ve deneyimlerini benzer d\u00fc\u015f\u00fcnen profesyonellere sunmaya her zaman a\u00e7\u0131kt\u0131r.       <\/p>\t\t\t\t\t\t\t\t<\/div>\n\t\t\t\t<\/div>\n\t\t\t\t\t<\/div>\n\t\t<\/div>\n\t\t\t\t\t<\/div>\n\t\t<\/section>\n\t\t\t\t\t<\/div>\n\t\t<\/div>\n\t\t\t\t\t<\/div>\n\t\t<\/section>\n\t\t\t\t<\/div>\n\t\t","protected":false},"excerpt":{"rendered":"<p>Kurucumuzla Tan\u0131\u015f\u0131n Dr. Nariman Forootan Tahran, \u0130ran&#8217;da do\u011fup \u0130stanbul, T\u00fcrkiye&#8217;de b\u00fcy\u00fcyen Dr. Forootan, T\u00fcrkiye&#8217;de Marmara \u00dcniversitesi Di\u015f Hekimli\u011fi Fak\u00fcltesi&#8217;nden mezun oldu.Maceras\u0131na \u0130ran&#8217;a d\u00f6nerek, s\u0131navlar\u0131 ge\u00e7erek ve orada di\u015f hekimi olarak ba\u015flad\u0131 ve hastalar\u0131na \u00fcst d\u00fczey kozmetik di\u015f hizmetleri sunmak i\u00e7in l\u00fcks di\u015f klini\u011fini a\u00e7t\u0131. 15 y\u0131l di\u015f hekimli\u011fi yapt\u0131ktan sonra Kanada&#8217;ya g\u00f6\u00e7 etti. Daha sonra [&hellip;]<\/p>\n","protected":false},"author":1,"featured_media":0,"parent":31052,"menu_order":0,"comment_status":"closed","ping_status":"closed","template":"page-templates\/template-full-width-page-without-header-title.php","meta":{"footnotes":""},"class_list":["post-30974","page","type-page","status-publish","hentry"],"aioseo_notices":[],"yoast_head":"<!-- This site is optimized with the Yoast SEO plugin v27.5 - https:\/\/yoast.com\/product\/yoast-seo-wordpress\/ -->\n<title>Kurucu - Maxilla Dental Clinic North York, Toronto<\/title>\n<meta name=\"robots\" content=\"index, follow, max-snippet:-1, max-image-preview:large, max-video-preview:-1\" \/>\n<link rel=\"canonical\" href=\"https:\/\/maxilladental.com\/tr\/bizim-takimimiz\/kurucu\/\" \/>\n<meta property=\"og:locale\" content=\"tr_TR\" \/>\n<meta property=\"og:type\" content=\"article\" \/>\n<meta property=\"og:title\" content=\"Kurucu - Maxilla Dental Clinic North York, Toronto\" \/>\n<meta property=\"og:description\" content=\"Kurucumuzla Tan\u0131\u015f\u0131n Dr. Nariman Forootan Tahran, \u0130ran&#8217;da do\u011fup \u0130stanbul, T\u00fcrkiye&#8217;de b\u00fcy\u00fcyen Dr. Forootan, T\u00fcrkiye&#8217;de Marmara \u00dcniversitesi Di\u015f Hekimli\u011fi Fak\u00fcltesi&#8217;nden mezun oldu.Maceras\u0131na \u0130ran&#8217;a d\u00f6nerek, s\u0131navlar\u0131 ge\u00e7erek ve orada di\u015f hekimi olarak ba\u015flad\u0131 ve hastalar\u0131na \u00fcst d\u00fczey kozmetik di\u015f hizmetleri sunmak i\u00e7in l\u00fcks di\u015f klini\u011fini a\u00e7t\u0131. 15 y\u0131l di\u015f hekimli\u011fi yapt\u0131ktan sonra Kanada&#8217;ya g\u00f6\u00e7 etti. Daha sonra [&hellip;]\" \/>\n<meta property=\"og:url\" content=\"https:\/\/maxilladental.com\/tr\/bizim-takimimiz\/kurucu\/\" \/>\n<meta property=\"og:site_name\" content=\"Maxilla Dental Clinic North York, Toronto\" \/>\n<meta property=\"article:modified_time\" content=\"2025-03-27T04:14:09+00:00\" \/>\n<meta property=\"og:image\" content=\"https:\/\/maxilladental.com\/wp-content\/uploads\/2025\/02\/Dr.-Nariman-Forootan-scaled.jpg\" \/>\n\t<meta property=\"og:image:width\" content=\"1707\" \/>\n\t<meta property=\"og:image:height\" content=\"2560\" \/>\n\t<meta property=\"og:image:type\" content=\"image\/jpeg\" \/>\n<meta name=\"twitter:card\" content=\"summary_large_image\" \/>\n<meta name=\"twitter:label1\" content=\"Tahmini okuma s\u00fcresi\" \/>\n\t<meta name=\"twitter:data1\" content=\"1 dakika\" \/>\n<script type=\"application\/ld+json\" class=\"yoast-schema-graph\">{\"@context\":\"https:\\\/\\\/schema.org\",\"@graph\":[{\"@type\":\"WebPage\",\"@id\":\"https:\\\/\\\/maxilladental.com\\\/tr\\\/bizim-takimimiz\\\/kurucu\\\/\",\"url\":\"https:\\\/\\\/maxilladental.com\\\/tr\\\/bizim-takimimiz\\\/kurucu\\\/\",\"name\":\"Kurucu - Maxilla Dental Clinic North York, Toronto\",\"isPartOf\":{\"@id\":\"https:\\\/\\\/maxilladental.com\\\/tr\\\/#website\"},\"primaryImageOfPage\":{\"@id\":\"https:\\\/\\\/maxilladental.com\\\/tr\\\/bizim-takimimiz\\\/kurucu\\\/#primaryimage\"},\"image\":{\"@id\":\"https:\\\/\\\/maxilladental.com\\\/tr\\\/bizim-takimimiz\\\/kurucu\\\/#primaryimage\"},\"thumbnailUrl\":\"https:\\\/\\\/maxilladental.com\\\/wp-content\\\/uploads\\\/2025\\\/02\\\/Dr.-Nariman-Forootan-683x1024.jpg\",\"datePublished\":\"2024-07-22T05:06:43+00:00\",\"dateModified\":\"2025-03-27T04:14:09+00:00\",\"breadcrumb\":{\"@id\":\"https:\\\/\\\/maxilladental.com\\\/tr\\\/bizim-takimimiz\\\/kurucu\\\/#breadcrumb\"},\"inLanguage\":\"tr\",\"potentialAction\":[{\"@type\":\"ReadAction\",\"target\":[\"https:\\\/\\\/maxilladental.com\\\/tr\\\/bizim-takimimiz\\\/kurucu\\\/\"]}]},{\"@type\":\"ImageObject\",\"inLanguage\":\"tr\",\"@id\":\"https:\\\/\\\/maxilladental.com\\\/tr\\\/bizim-takimimiz\\\/kurucu\\\/#primaryimage\",\"url\":\"https:\\\/\\\/maxilladental.com\\\/wp-content\\\/uploads\\\/2025\\\/02\\\/Dr.-Nariman-Forootan-683x1024.jpg\",\"contentUrl\":\"https:\\\/\\\/maxilladental.com\\\/wp-content\\\/uploads\\\/2025\\\/02\\\/Dr.-Nariman-Forootan-683x1024.jpg\"},{\"@type\":\"BreadcrumbList\",\"@id\":\"https:\\\/\\\/maxilladental.com\\\/tr\\\/bizim-takimimiz\\\/kurucu\\\/#breadcrumb\",\"itemListElement\":[{\"@type\":\"ListItem\",\"position\":1,\"name\":\"Ev\",\"item\":\"https:\\\/\\\/maxilladental.com\\\/tr\\\/maxilla-dental\\\/\"},{\"@type\":\"ListItem\",\"position\":2,\"name\":\"Bizim Tak\u0131m\u0131m\u0131z\",\"item\":\"https:\\\/\\\/maxilladental.com\\\/tr\\\/bizim-takimimiz\\\/\"},{\"@type\":\"ListItem\",\"position\":3,\"name\":\"Kurucu\"}]},{\"@type\":\"WebSite\",\"@id\":\"https:\\\/\\\/maxilladental.com\\\/tr\\\/#website\",\"url\":\"https:\\\/\\\/maxilladental.com\\\/tr\\\/\",\"name\":\"Maxilla Dental Clinic North York, Toronto\",\"description\":\"\",\"publisher\":{\"@id\":\"https:\\\/\\\/maxilladental.com\\\/tr\\\/#organization\"},\"potentialAction\":[{\"@type\":\"SearchAction\",\"target\":{\"@type\":\"EntryPoint\",\"urlTemplate\":\"https:\\\/\\\/maxilladental.com\\\/tr\\\/?s={search_term_string}\"},\"query-input\":{\"@type\":\"PropertyValueSpecification\",\"valueRequired\":true,\"valueName\":\"search_term_string\"}}],\"inLanguage\":\"tr\"},{\"@type\":\"Organization\",\"@id\":\"https:\\\/\\\/maxilladental.com\\\/tr\\\/#organization\",\"name\":\"Maxilla Di\u015f Klini\u011fi North York, Toronto\",\"url\":\"https:\\\/\\\/maxilladental.com\\\/tr\\\/\",\"logo\":{\"@type\":\"ImageObject\",\"inLanguage\":\"tr\",\"@id\":\"https:\\\/\\\/maxilladental.com\\\/tr\\\/#\\\/schema\\\/logo\\\/image\\\/\",\"url\":\"https:\\\/\\\/maxilladental.com\\\/wp-content\\\/uploads\\\/2021\\\/10\\\/Logo-maxilla.png\",\"contentUrl\":\"https:\\\/\\\/maxilladental.com\\\/wp-content\\\/uploads\\\/2021\\\/10\\\/Logo-maxilla.png\",\"width\":671,\"height\":454,\"caption\":\"Maxilla Di\u015f Klini\u011fi North York, Toronto\"},\"image\":{\"@id\":\"https:\\\/\\\/maxilladental.com\\\/tr\\\/#\\\/schema\\\/logo\\\/image\\\/\"}}]}<\/script>\n<!-- \/ Yoast SEO plugin. -->","yoast_head_json":{"title":"Kurucu - Maxilla Dental Clinic North York, Toronto","robots":{"index":"index","follow":"follow","max-snippet":"max-snippet:-1","max-image-preview":"max-image-preview:large","max-video-preview":"max-video-preview:-1"},"canonical":"https:\/\/maxilladental.com\/tr\/bizim-takimimiz\/kurucu\/","og_locale":"tr_TR","og_type":"article","og_title":"Kurucu - Maxilla Dental Clinic North York, Toronto","og_description":"Kurucumuzla Tan\u0131\u015f\u0131n Dr. Nariman Forootan Tahran, \u0130ran&#8217;da do\u011fup \u0130stanbul, T\u00fcrkiye&#8217;de b\u00fcy\u00fcyen Dr. Forootan, T\u00fcrkiye&#8217;de Marmara \u00dcniversitesi Di\u015f Hekimli\u011fi Fak\u00fcltesi&#8217;nden mezun oldu.Maceras\u0131na \u0130ran&#8217;a d\u00f6nerek, s\u0131navlar\u0131 ge\u00e7erek ve orada di\u015f hekimi olarak ba\u015flad\u0131 ve hastalar\u0131na \u00fcst d\u00fczey kozmetik di\u015f hizmetleri sunmak i\u00e7in l\u00fcks di\u015f klini\u011fini a\u00e7t\u0131. 15 y\u0131l di\u015f hekimli\u011fi yapt\u0131ktan sonra Kanada&#8217;ya g\u00f6\u00e7 etti. Daha sonra [&hellip;]","og_url":"https:\/\/maxilladental.com\/tr\/bizim-takimimiz\/kurucu\/","og_site_name":"Maxilla Dental Clinic North York, Toronto","article_modified_time":"2025-03-27T04:14:09+00:00","og_image":[{"width":1707,"height":2560,"url":"https:\/\/maxilladental.com\/wp-content\/uploads\/2025\/02\/Dr.-Nariman-Forootan-scaled.jpg","type":"image\/jpeg"}],"twitter_card":"summary_large_image","twitter_misc":{"Tahmini okuma s\u00fcresi":"1 dakika"},"schema":{"@context":"https:\/\/schema.org","@graph":[{"@type":"WebPage","@id":"https:\/\/maxilladental.com\/tr\/bizim-takimimiz\/kurucu\/","url":"https:\/\/maxilladental.com\/tr\/bizim-takimimiz\/kurucu\/","name":"Kurucu - Maxilla Dental Clinic North York, Toronto","isPartOf":{"@id":"https:\/\/maxilladental.com\/tr\/#website"},"primaryImageOfPage":{"@id":"https:\/\/maxilladental.com\/tr\/bizim-takimimiz\/kurucu\/#primaryimage"},"image":{"@id":"https:\/\/maxilladental.com\/tr\/bizim-takimimiz\/kurucu\/#primaryimage"},"thumbnailUrl":"https:\/\/maxilladental.com\/wp-content\/uploads\/2025\/02\/Dr.-Nariman-Forootan-683x1024.jpg","datePublished":"2024-07-22T05:06:43+00:00","dateModified":"2025-03-27T04:14:09+00:00","breadcrumb":{"@id":"https:\/\/maxilladental.com\/tr\/bizim-takimimiz\/kurucu\/#breadcrumb"},"inLanguage":"tr","potentialAction":[{"@type":"ReadAction","target":["https:\/\/maxilladental.com\/tr\/bizim-takimimiz\/kurucu\/"]}]},{"@type":"ImageObject","inLanguage":"tr","@id":"https:\/\/maxilladental.com\/tr\/bizim-takimimiz\/kurucu\/#primaryimage","url":"https:\/\/maxilladental.com\/wp-content\/uploads\/2025\/02\/Dr.-Nariman-Forootan-683x1024.jpg","contentUrl":"https:\/\/maxilladental.com\/wp-content\/uploads\/2025\/02\/Dr.-Nariman-Forootan-683x1024.jpg"},{"@type":"BreadcrumbList","@id":"https:\/\/maxilladental.com\/tr\/bizim-takimimiz\/kurucu\/#breadcrumb","itemListElement":[{"@type":"ListItem","position":1,"name":"Ev","item":"https:\/\/maxilladental.com\/tr\/maxilla-dental\/"},{"@type":"ListItem","position":2,"name":"Bizim Tak\u0131m\u0131m\u0131z","item":"https:\/\/maxilladental.com\/tr\/bizim-takimimiz\/"},{"@type":"ListItem","position":3,"name":"Kurucu"}]},{"@type":"WebSite","@id":"https:\/\/maxilladental.com\/tr\/#website","url":"https:\/\/maxilladental.com\/tr\/","name":"Maxilla Dental Clinic North York, Toronto","description":"","publisher":{"@id":"https:\/\/maxilladental.com\/tr\/#organization"},"potentialAction":[{"@type":"SearchAction","target":{"@type":"EntryPoint","urlTemplate":"https:\/\/maxilladental.com\/tr\/?s={search_term_string}"},"query-input":{"@type":"PropertyValueSpecification","valueRequired":true,"valueName":"search_term_string"}}],"inLanguage":"tr"},{"@type":"Organization","@id":"https:\/\/maxilladental.com\/tr\/#organization","name":"Maxilla Di\u015f Klini\u011fi North York, Toronto","url":"https:\/\/maxilladental.com\/tr\/","logo":{"@type":"ImageObject","inLanguage":"tr","@id":"https:\/\/maxilladental.com\/tr\/#\/schema\/logo\/image\/","url":"https:\/\/maxilladental.com\/wp-content\/uploads\/2021\/10\/Logo-maxilla.png","contentUrl":"https:\/\/maxilladental.com\/wp-content\/uploads\/2021\/10\/Logo-maxilla.png","width":671,"height":454,"caption":"Maxilla Di\u015f Klini\u011fi North York, Toronto"},"image":{"@id":"https:\/\/maxilladental.com\/tr\/#\/schema\/logo\/image\/"}}]}},"_links":{"self":[{"href":"https:\/\/maxilladental.com\/tr\/wp-json\/wp\/v2\/pages\/30974","targetHints":{"allow":["GET"]}}],"collection":[{"href":"https:\/\/maxilladental.com\/tr\/wp-json\/wp\/v2\/pages"}],"about":[{"href":"https:\/\/maxilladental.com\/tr\/wp-json\/wp\/v2\/types\/page"}],"author":[{"embeddable":true,"href":"https:\/\/maxilladental.com\/tr\/wp-json\/wp\/v2\/users\/1"}],"replies":[{"embeddable":true,"href":"https:\/\/maxilladental.com\/tr\/wp-json\/wp\/v2\/comments?post=30974"}],"version-history":[{"count":0,"href":"https:\/\/maxilladental.com\/tr\/wp-json\/wp\/v2\/pages\/30974\/revisions"}],"up":[{"embeddable":true,"href":"https:\/\/maxilladental.com\/tr\/wp-json\/wp\/v2\/pages\/31052"}],"wp:attachment":[{"href":"https:\/\/maxilladental.com\/tr\/wp-json\/wp\/v2\/media?parent=30974"}],"curies":[{"name":"wp","href":"https:\/\/api.w.org\/{rel}","templated":true}]}}