{"id":30957,"date":"2024-07-02T11:17:14","date_gmt":"2024-07-02T11:17:14","guid":{"rendered":"https:\/\/maxilladental.com\/finansman-lendcare\/"},"modified":"2025-03-27T05:23:29","modified_gmt":"2025-03-27T05:23:29","slug":"finansman-lendcare","status":"publish","type":"page","link":"https:\/\/maxilladental.com\/tr\/finansman-lendcare\/","title":{"rendered":"Finansman &#8211; LENDCARE"},"content":{"rendered":"\t\t<div data-elementor-type=\"wp-page\" data-elementor-id=\"30957\" class=\"elementor elementor-30957 elementor-28081\" data-elementor-post-type=\"page\">\n\t\t\t\t\t\t<section data-ka-cursor-size=\"1\" class=\"elementor-section elementor-top-section elementor-element elementor-element-9334b55 elementor-section-height-min-height elementor-section-boxed elementor-section-height-default elementor-section-items-middle\" data-id=\"9334b55\" data-element_type=\"section\" data-e-type=\"section\" data-settings=\"{&quot;background_background&quot;:&quot;classic&quot;,&quot;kng_cursor_interaction&quot;:&quot;default&quot;,&quot;kng_cursor_magnetic&quot;:&quot;none&quot;,&quot;kng_cursor_size_multiplier&quot;:{&quot;unit&quot;:&quot;px&quot;,&quot;size&quot;:1,&quot;sizes&quot;:[]}}\">\n\t\t\t\t\t\t\t<div class=\"elementor-background-overlay\"><\/div>\n\t\t\t\t\t\t\t<div class=\"elementor-container elementor-column-gap-default\">\n\t\t\t\t\t<div data-ka-cursor-size=\"1\" class=\"elementor-column elementor-col-100 elementor-top-column elementor-element elementor-element-61316f1\" data-id=\"61316f1\" data-element_type=\"column\" data-e-type=\"column\" data-settings=\"{&quot;kng_cursor_interaction&quot;:&quot;default&quot;,&quot;kng_cursor_magnetic&quot;:&quot;none&quot;,&quot;kng_cursor_size_multiplier&quot;:{&quot;unit&quot;:&quot;px&quot;,&quot;size&quot;:1,&quot;sizes&quot;:[]}}\">\n\t\t\t<div class=\"elementor-widget-wrap elementor-element-populated\">\n\t\t\t\t\t\t<section data-ka-cursor-size=\"1\" class=\"elementor-section elementor-inner-section elementor-element elementor-element-99ff96d elementor-section-boxed elementor-section-height-default elementor-section-height-default elementor-invisible\" data-id=\"99ff96d\" data-element_type=\"section\" data-e-type=\"section\" data-settings=\"{&quot;animation&quot;:&quot;fadeIn&quot;,&quot;animation_delay&quot;:100,&quot;kng_cursor_interaction&quot;:&quot;default&quot;,&quot;kng_cursor_magnetic&quot;:&quot;none&quot;,&quot;kng_cursor_size_multiplier&quot;:{&quot;unit&quot;:&quot;px&quot;,&quot;size&quot;:1,&quot;sizes&quot;:[]}}\">\n\t\t\t\t\t\t<div class=\"elementor-container elementor-column-gap-default\">\n\t\t\t\t\t<div data-ka-cursor-size=\"1\" class=\"elementor-column elementor-col-100 elementor-inner-column elementor-element elementor-element-ffb6840\" data-id=\"ffb6840\" data-element_type=\"column\" data-e-type=\"column\" data-settings=\"{&quot;kng_cursor_interaction&quot;:&quot;default&quot;,&quot;kng_cursor_magnetic&quot;:&quot;none&quot;,&quot;kng_cursor_size_multiplier&quot;:{&quot;unit&quot;:&quot;px&quot;,&quot;size&quot;:1,&quot;sizes&quot;:[]}}\">\n\t\t\t<div class=\"elementor-widget-wrap elementor-element-populated\">\n\t\t\t\t\t\t<div data-ka-cursor-size=\"1\" class=\"elementor-element elementor-element-8cf3f5d elementor-widget-mobile__width-inherit inner-page-heading elementor-widget elementor-widget-text-editor\" data-id=\"8cf3f5d\" data-element_type=\"widget\" data-e-type=\"widget\" data-settings=\"{&quot;kng_cursor_interaction&quot;:&quot;default&quot;,&quot;kng_cursor_magnetic&quot;:&quot;none&quot;,&quot;kng_cursor_size_multiplier&quot;:{&quot;unit&quot;:&quot;px&quot;,&quot;size&quot;:1,&quot;sizes&quot;:[]}}\" data-widget_type=\"text-editor.default\">\n\t\t\t\t<div class=\"elementor-widget-container\">\n\t\t\t\t\t\t\t\t\t<p><span style=\"font-weight: 400;\">Finansman &#8211; LENDCARE<\/span><\/p>\t\t\t\t\t\t\t\t<\/div>\n\t\t\t\t<\/div>\n\t\t\t\t\t<\/div>\n\t\t<\/div>\n\t\t\t\t\t<\/div>\n\t\t<\/section>\n\t\t\t\t\t<\/div>\n\t\t<\/div>\n\t\t\t\t\t<\/div>\n\t\t<\/section>\n\t\t\t\t<section data-ka-cursor-size=\"1\" class=\"elementor-section elementor-top-section elementor-element elementor-element-3433c8a elementor-section-boxed elementor-section-height-default elementor-section-height-default\" data-id=\"3433c8a\" data-element_type=\"section\" data-e-type=\"section\" data-settings=\"{&quot;background_background&quot;:&quot;classic&quot;,&quot;kng_cursor_interaction&quot;:&quot;default&quot;,&quot;kng_cursor_magnetic&quot;:&quot;none&quot;,&quot;kng_cursor_size_multiplier&quot;:{&quot;unit&quot;:&quot;px&quot;,&quot;size&quot;:1,&quot;sizes&quot;:[]}}\">\n\t\t\t\t\t\t\t<div class=\"elementor-background-overlay\"><\/div>\n\t\t\t\t\t\t\t<div class=\"elementor-container elementor-column-gap-default\">\n\t\t\t\t\t<div data-ka-cursor-size=\"1\" class=\"elementor-column elementor-col-100 elementor-top-column elementor-element elementor-element-3833631\" data-id=\"3833631\" data-element_type=\"column\" data-e-type=\"column\" data-settings=\"{&quot;kng_cursor_interaction&quot;:&quot;default&quot;,&quot;kng_cursor_magnetic&quot;:&quot;none&quot;,&quot;kng_cursor_size_multiplier&quot;:{&quot;unit&quot;:&quot;px&quot;,&quot;size&quot;:1,&quot;sizes&quot;:[]}}\">\n\t\t\t<div class=\"elementor-widget-wrap elementor-element-populated\">\n\t\t\t\t\t\t<div data-ka-cursor-size=\"1\" class=\"elementor-element elementor-element-be47a73 elementor-widget elementor-widget-image\" data-id=\"be47a73\" data-element_type=\"widget\" data-e-type=\"widget\" data-settings=\"{&quot;kng_cursor_interaction&quot;:&quot;default&quot;,&quot;kng_cursor_magnetic&quot;:&quot;none&quot;,&quot;kng_cursor_size_multiplier&quot;:{&quot;unit&quot;:&quot;px&quot;,&quot;size&quot;:1,&quot;sizes&quot;:[]}}\" data-widget_type=\"image.default\">\n\t\t\t\t<div class=\"elementor-widget-container\">\n\t\t\t\t\t\t\t\t\t\t\t\t\t\t\t<img fetchpriority=\"high\" decoding=\"async\" width=\"600\" height=\"160\" src=\"https:\/\/maxilladental.com\/wp-content\/uploads\/2024\/07\/image16.jpg\" class=\"attachment-large size-large wp-image-30034\" alt=\"\" srcset=\"https:\/\/maxilladental.com\/wp-content\/uploads\/2024\/07\/image16.jpg 600w, https:\/\/maxilladental.com\/wp-content\/uploads\/2024\/07\/image16-300x80.jpg 300w\" sizes=\"(max-width: 600px) 100vw, 600px\" \/>\t\t\t\t\t\t\t\t\t\t\t\t\t\t\t<\/div>\n\t\t\t\t<\/div>\n\t\t\t\t<section data-ka-cursor-size=\"1\" class=\"elementor-section elementor-inner-section elementor-element elementor-element-e90919c elementor-section-boxed elementor-section-height-default elementor-section-height-default\" data-id=\"e90919c\" data-element_type=\"section\" data-e-type=\"section\" data-settings=\"{&quot;kng_cursor_interaction&quot;:&quot;default&quot;,&quot;kng_cursor_magnetic&quot;:&quot;none&quot;,&quot;kng_cursor_size_multiplier&quot;:{&quot;unit&quot;:&quot;px&quot;,&quot;size&quot;:1,&quot;sizes&quot;:[]}}\">\n\t\t\t\t\t\t<div class=\"elementor-container elementor-column-gap-default\">\n\t\t\t\t\t<div data-ka-cursor-size=\"1\" class=\"elementor-column elementor-col-100 elementor-inner-column elementor-element elementor-element-ea2f2e7 elementor-invisible\" data-id=\"ea2f2e7\" data-element_type=\"column\" data-e-type=\"column\" data-settings=\"{&quot;animation&quot;:&quot;fadeIn&quot;,&quot;kng_cursor_interaction&quot;:&quot;default&quot;,&quot;kng_cursor_magnetic&quot;:&quot;none&quot;,&quot;kng_cursor_size_multiplier&quot;:{&quot;unit&quot;:&quot;px&quot;,&quot;size&quot;:1,&quot;sizes&quot;:[]}}\">\n\t\t\t<div class=\"elementor-widget-wrap elementor-element-populated\">\n\t\t\t\t\t\t<div data-ka-cursor-size=\"1\" class=\"elementor-element elementor-element-f9deb6e elementor-widget elementor-widget-text-editor\" data-id=\"f9deb6e\" data-element_type=\"widget\" data-e-type=\"widget\" data-settings=\"{&quot;kng_cursor_interaction&quot;:&quot;default&quot;,&quot;kng_cursor_magnetic&quot;:&quot;none&quot;,&quot;kng_cursor_size_multiplier&quot;:{&quot;unit&quot;:&quot;px&quot;,&quot;size&quot;:1,&quot;sizes&quot;:[]}}\" data-widget_type=\"text-editor.default\">\n\t\t\t\t<div class=\"elementor-widget-container\">\n\t\t\t\t\t\t\t\t\t<p><span style=\"font-weight: 400;\">LendCare&#8217;in kolay finansman se\u00e7enekleri art\u0131k Maxilla Dental Group arac\u0131l\u0131\u011f\u0131yla sunuluyor ve temel di\u015f bak\u0131m\u0131n\u0131 kar\u015f\u0131lamakta zorlanan milyonlarca Kanadal\u0131ya \u00f6nemli bir destek sa\u011fl\u0131yor.  <\/span><\/p><p><span style=\"font-weight: 400;\">Ba\u015flamak i\u00e7in sadece hasta konumunuzu se\u00e7in ve birka\u00e7 basit soruyu yan\u0131tlay\u0131n!<\/span><\/p>\t\t\t\t\t\t\t\t<\/div>\n\t\t\t\t<\/div>\n\t\t\t\t<div data-ka-cursor-size=\"1\" class=\"elementor-element elementor-element-8f5e3e2 elementor-tablet-align-center elementor-align-center elementor-widget__width-auto elementor-widget elementor-widget-button\" data-id=\"8f5e3e2\" data-element_type=\"widget\" data-e-type=\"widget\" data-settings=\"{&quot;kng_cursor_interaction&quot;:&quot;default&quot;,&quot;kng_cursor_magnetic&quot;:&quot;none&quot;,&quot;kng_cursor_size_multiplier&quot;:{&quot;unit&quot;:&quot;px&quot;,&quot;size&quot;:1,&quot;sizes&quot;:[]}}\" data-widget_type=\"button.default\">\n\t\t\t\t<div class=\"elementor-widget-container\">\n\t\t\t\t\t\t\t\t\t<div class=\"elementor-button-wrapper\">\n\t\t\t\t\t<a class=\"elementor-button elementor-button-link elementor-size-xl elementor-animation-float\" href=\"https:\/\/applicant.myfrontline.app\/LendCare\/QW4TYWX37564\">\n\t\t\t\t\t\t<span class=\"elementor-button-content-wrapper\">\n\t\t\t\t\t\t\t\t\t<span class=\"elementor-button-text\">Yonge<\/span>\n\t\t\t\t\t<\/span>\n\t\t\t\t\t<\/a>\n\t\t\t\t<\/div>\n\t\t\t\t\t\t\t\t<\/div>\n\t\t\t\t<\/div>\n\t\t\t\t<div data-ka-cursor-size=\"1\" class=\"elementor-element elementor-element-99b1623 elementor-tablet-align-center elementor-align-center elementor-widget__width-auto elementor-widget elementor-widget-button\" data-id=\"99b1623\" data-element_type=\"widget\" data-e-type=\"widget\" data-settings=\"{&quot;kng_cursor_interaction&quot;:&quot;default&quot;,&quot;kng_cursor_magnetic&quot;:&quot;none&quot;,&quot;kng_cursor_size_multiplier&quot;:{&quot;unit&quot;:&quot;px&quot;,&quot;size&quot;:1,&quot;sizes&quot;:[]}}\" data-widget_type=\"button.default\">\n\t\t\t\t<div class=\"elementor-widget-container\">\n\t\t\t\t\t\t\t\t\t<div class=\"elementor-button-wrapper\">\n\t\t\t\t\t<a class=\"elementor-button elementor-button-link elementor-size-xl elementor-animation-float\" href=\"https:\/\/applicant.myfrontline.app\/LendCare\/YWNA3WT4KYMV\">\n\t\t\t\t\t\t<span class=\"elementor-button-content-wrapper\">\n\t\t\t\t\t\t\t\t\t<span class=\"elementor-button-text\">Bloor<\/span>\n\t\t\t\t\t<\/span>\n\t\t\t\t\t<\/a>\n\t\t\t\t<\/div>\n\t\t\t\t\t\t\t\t<\/div>\n\t\t\t\t<\/div>\n\t\t\t\t<div data-ka-cursor-size=\"1\" class=\"elementor-element elementor-element-b02e149 elementor-tablet-align-center elementor-align-center elementor-widget__width-auto elementor-widget elementor-widget-button\" data-id=\"b02e149\" data-element_type=\"widget\" data-e-type=\"widget\" data-settings=\"{&quot;kng_cursor_interaction&quot;:&quot;default&quot;,&quot;kng_cursor_magnetic&quot;:&quot;none&quot;,&quot;kng_cursor_size_multiplier&quot;:{&quot;unit&quot;:&quot;px&quot;,&quot;size&quot;:1,&quot;sizes&quot;:[]}}\" data-widget_type=\"button.default\">\n\t\t\t\t<div class=\"elementor-widget-container\">\n\t\t\t\t\t\t\t\t\t<div class=\"elementor-button-wrapper\">\n\t\t\t\t\t<a class=\"elementor-button elementor-button-link elementor-size-xl elementor-animation-float\" href=\"https:\/\/applicant.myfrontline.app\/LendCare\/65MMXVMXTRY3\">\n\t\t\t\t\t\t<span class=\"elementor-button-content-wrapper\">\n\t\t\t\t\t\t\t\t\t<span class=\"elementor-button-text\">Woodbridge<\/span>\n\t\t\t\t\t<\/span>\n\t\t\t\t\t<\/a>\n\t\t\t\t<\/div>\n\t\t\t\t\t\t\t\t<\/div>\n\t\t\t\t<\/div>\n\t\t\t\t<div data-ka-cursor-size=\"1\" class=\"elementor-element elementor-element-af7cc7b elementor-tablet-align-center elementor-align-center elementor-widget__width-auto elementor-widget elementor-widget-button\" data-id=\"af7cc7b\" data-element_type=\"widget\" data-e-type=\"widget\" data-settings=\"{&quot;kng_cursor_interaction&quot;:&quot;default&quot;,&quot;kng_cursor_magnetic&quot;:&quot;none&quot;,&quot;kng_cursor_size_multiplier&quot;:{&quot;unit&quot;:&quot;px&quot;,&quot;size&quot;:1,&quot;sizes&quot;:[]}}\" data-widget_type=\"button.default\">\n\t\t\t\t<div class=\"elementor-widget-container\">\n\t\t\t\t\t\t\t\t\t<div class=\"elementor-button-wrapper\">\n\t\t\t\t\t<a class=\"elementor-button elementor-button-link elementor-size-xl elementor-animation-float\" href=\"https:\/\/applicant.myfrontline.app\/LendCare\/XT4XX44TXNA5\">\n\t\t\t\t\t\t<span class=\"elementor-button-content-wrapper\">\n\t\t\t\t\t\t\t\t\t<span class=\"elementor-button-text\">Wilson<\/span>\n\t\t\t\t\t<\/span>\n\t\t\t\t\t<\/a>\n\t\t\t\t<\/div>\n\t\t\t\t\t\t\t\t<\/div>\n\t\t\t\t<\/div>\n\t\t\t\t\t<\/div>\n\t\t<\/div>\n\t\t\t\t\t<\/div>\n\t\t<\/section>\n\t\t\t\t\t<\/div>\n\t\t<\/div>\n\t\t\t\t\t<\/div>\n\t\t<\/section>\n\t\t\t\t<\/div>\n\t\t","protected":false},"excerpt":{"rendered":"<p>Finansman &#8211; LENDCARE LendCare&#8217;in kolay finansman se\u00e7enekleri art\u0131k Maxilla Dental Group arac\u0131l\u0131\u011f\u0131yla sunuluyor ve temel di\u015f bak\u0131m\u0131n\u0131 kar\u015f\u0131lamakta zorlanan milyonlarca Kanadal\u0131ya \u00f6nemli bir destek sa\u011fl\u0131yor. Ba\u015flamak i\u00e7in sadece hasta konumunuzu se\u00e7in ve birka\u00e7 basit soruyu yan\u0131tlay\u0131n! Yonge Bloor Woodbridge Wilson<\/p>\n","protected":false},"author":1,"featured_media":0,"parent":0,"menu_order":0,"comment_status":"closed","ping_status":"closed","template":"page-templates\/template-full-width-page-without-header-title.php","meta":{"footnotes":""},"class_list":["post-30957","page","type-page","status-publish","hentry"],"aioseo_notices":[],"yoast_head":"<!-- This site is optimized with the Yoast SEO plugin v27.5 - https:\/\/yoast.com\/product\/yoast-seo-wordpress\/ -->\n<title>Finansman - LENDCARE - Maxilla Dental Clinic North York, Toronto<\/title>\n<meta name=\"robots\" content=\"index, follow, max-snippet:-1, max-image-preview:large, max-video-preview:-1\" \/>\n<link rel=\"canonical\" href=\"https:\/\/maxilladental.com\/tr\/finansman-lendcare\/\" \/>\n<meta property=\"og:locale\" content=\"tr_TR\" \/>\n<meta property=\"og:type\" content=\"article\" \/>\n<meta property=\"og:title\" content=\"Finansman - LENDCARE - Maxilla Dental Clinic North York, Toronto\" \/>\n<meta property=\"og:description\" content=\"Finansman &#8211; LENDCARE LendCare&#8217;in kolay finansman se\u00e7enekleri art\u0131k Maxilla Dental Group arac\u0131l\u0131\u011f\u0131yla sunuluyor ve temel di\u015f bak\u0131m\u0131n\u0131 kar\u015f\u0131lamakta zorlanan milyonlarca Kanadal\u0131ya \u00f6nemli bir destek sa\u011fl\u0131yor. Ba\u015flamak i\u00e7in sadece hasta konumunuzu se\u00e7in ve birka\u00e7 basit soruyu yan\u0131tlay\u0131n! Yonge Bloor Woodbridge Wilson\" \/>\n<meta property=\"og:url\" content=\"https:\/\/maxilladental.com\/tr\/finansman-lendcare\/\" \/>\n<meta property=\"og:site_name\" content=\"Maxilla Dental Clinic North York, Toronto\" \/>\n<meta property=\"article:modified_time\" content=\"2025-03-27T05:23:29+00:00\" \/>\n<meta property=\"og:image\" content=\"https:\/\/maxilladental.com\/wp-content\/uploads\/2024\/07\/image16.jpg\" \/>\n\t<meta property=\"og:image:width\" content=\"600\" \/>\n\t<meta property=\"og:image:height\" content=\"160\" \/>\n\t<meta property=\"og:image:type\" content=\"image\/jpeg\" \/>\n<meta name=\"twitter:card\" content=\"summary_large_image\" \/>\n<script type=\"application\/ld+json\" class=\"yoast-schema-graph\">{\"@context\":\"https:\\\/\\\/schema.org\",\"@graph\":[{\"@type\":\"WebPage\",\"@id\":\"https:\\\/\\\/maxilladental.com\\\/tr\\\/finansman-lendcare\\\/\",\"url\":\"https:\\\/\\\/maxilladental.com\\\/tr\\\/finansman-lendcare\\\/\",\"name\":\"Finansman - LENDCARE - Maxilla Dental Clinic North York, Toronto\",\"isPartOf\":{\"@id\":\"https:\\\/\\\/maxilladental.com\\\/tr\\\/#website\"},\"primaryImageOfPage\":{\"@id\":\"https:\\\/\\\/maxilladental.com\\\/tr\\\/finansman-lendcare\\\/#primaryimage\"},\"image\":{\"@id\":\"https:\\\/\\\/maxilladental.com\\\/tr\\\/finansman-lendcare\\\/#primaryimage\"},\"thumbnailUrl\":\"https:\\\/\\\/maxilladental.com\\\/wp-content\\\/uploads\\\/2024\\\/07\\\/image16.jpg\",\"datePublished\":\"2024-07-02T11:17:14+00:00\",\"dateModified\":\"2025-03-27T05:23:29+00:00\",\"breadcrumb\":{\"@id\":\"https:\\\/\\\/maxilladental.com\\\/tr\\\/finansman-lendcare\\\/#breadcrumb\"},\"inLanguage\":\"tr\",\"potentialAction\":[{\"@type\":\"ReadAction\",\"target\":[\"https:\\\/\\\/maxilladental.com\\\/tr\\\/finansman-lendcare\\\/\"]}]},{\"@type\":\"ImageObject\",\"inLanguage\":\"tr\",\"@id\":\"https:\\\/\\\/maxilladental.com\\\/tr\\\/finansman-lendcare\\\/#primaryimage\",\"url\":\"https:\\\/\\\/maxilladental.com\\\/wp-content\\\/uploads\\\/2024\\\/07\\\/image16.jpg\",\"contentUrl\":\"https:\\\/\\\/maxilladental.com\\\/wp-content\\\/uploads\\\/2024\\\/07\\\/image16.jpg\"},{\"@type\":\"BreadcrumbList\",\"@id\":\"https:\\\/\\\/maxilladental.com\\\/tr\\\/finansman-lendcare\\\/#breadcrumb\",\"itemListElement\":[{\"@type\":\"ListItem\",\"position\":1,\"name\":\"Ev\",\"item\":\"https:\\\/\\\/maxilladental.com\\\/tr\\\/maxilla-dental\\\/\"},{\"@type\":\"ListItem\",\"position\":2,\"name\":\"Finansman &#8211; LENDCARE\"}]},{\"@type\":\"WebSite\",\"@id\":\"https:\\\/\\\/maxilladental.com\\\/tr\\\/#website\",\"url\":\"https:\\\/\\\/maxilladental.com\\\/tr\\\/\",\"name\":\"Maxilla Dental Clinic North York, Toronto\",\"description\":\"\",\"publisher\":{\"@id\":\"https:\\\/\\\/maxilladental.com\\\/tr\\\/#organization\"},\"potentialAction\":[{\"@type\":\"SearchAction\",\"target\":{\"@type\":\"EntryPoint\",\"urlTemplate\":\"https:\\\/\\\/maxilladental.com\\\/tr\\\/?s={search_term_string}\"},\"query-input\":{\"@type\":\"PropertyValueSpecification\",\"valueRequired\":true,\"valueName\":\"search_term_string\"}}],\"inLanguage\":\"tr\"},{\"@type\":\"Organization\",\"@id\":\"https:\\\/\\\/maxilladental.com\\\/tr\\\/#organization\",\"name\":\"Maxilla Di\u015f Klini\u011fi North York, Toronto\",\"url\":\"https:\\\/\\\/maxilladental.com\\\/tr\\\/\",\"logo\":{\"@type\":\"ImageObject\",\"inLanguage\":\"tr\",\"@id\":\"https:\\\/\\\/maxilladental.com\\\/tr\\\/#\\\/schema\\\/logo\\\/image\\\/\",\"url\":\"https:\\\/\\\/maxilladental.com\\\/wp-content\\\/uploads\\\/2021\\\/10\\\/Logo-maxilla.png\",\"contentUrl\":\"https:\\\/\\\/maxilladental.com\\\/wp-content\\\/uploads\\\/2021\\\/10\\\/Logo-maxilla.png\",\"width\":671,\"height\":454,\"caption\":\"Maxilla Di\u015f Klini\u011fi North York, Toronto\"},\"image\":{\"@id\":\"https:\\\/\\\/maxilladental.com\\\/tr\\\/#\\\/schema\\\/logo\\\/image\\\/\"}}]}<\/script>\n<!-- \/ Yoast SEO plugin. -->","yoast_head_json":{"title":"Finansman - LENDCARE - Maxilla Dental Clinic North York, Toronto","robots":{"index":"index","follow":"follow","max-snippet":"max-snippet:-1","max-image-preview":"max-image-preview:large","max-video-preview":"max-video-preview:-1"},"canonical":"https:\/\/maxilladental.com\/tr\/finansman-lendcare\/","og_locale":"tr_TR","og_type":"article","og_title":"Finansman - LENDCARE - Maxilla Dental Clinic North York, Toronto","og_description":"Finansman &#8211; LENDCARE LendCare&#8217;in kolay finansman se\u00e7enekleri art\u0131k Maxilla Dental Group arac\u0131l\u0131\u011f\u0131yla sunuluyor ve temel di\u015f bak\u0131m\u0131n\u0131 kar\u015f\u0131lamakta zorlanan milyonlarca Kanadal\u0131ya \u00f6nemli bir destek sa\u011fl\u0131yor. Ba\u015flamak i\u00e7in sadece hasta konumunuzu se\u00e7in ve birka\u00e7 basit soruyu yan\u0131tlay\u0131n! Yonge Bloor Woodbridge Wilson","og_url":"https:\/\/maxilladental.com\/tr\/finansman-lendcare\/","og_site_name":"Maxilla Dental Clinic North York, Toronto","article_modified_time":"2025-03-27T05:23:29+00:00","og_image":[{"width":600,"height":160,"url":"https:\/\/maxilladental.com\/wp-content\/uploads\/2024\/07\/image16.jpg","type":"image\/jpeg"}],"twitter_card":"summary_large_image","schema":{"@context":"https:\/\/schema.org","@graph":[{"@type":"WebPage","@id":"https:\/\/maxilladental.com\/tr\/finansman-lendcare\/","url":"https:\/\/maxilladental.com\/tr\/finansman-lendcare\/","name":"Finansman - LENDCARE - Maxilla Dental Clinic North York, Toronto","isPartOf":{"@id":"https:\/\/maxilladental.com\/tr\/#website"},"primaryImageOfPage":{"@id":"https:\/\/maxilladental.com\/tr\/finansman-lendcare\/#primaryimage"},"image":{"@id":"https:\/\/maxilladental.com\/tr\/finansman-lendcare\/#primaryimage"},"thumbnailUrl":"https:\/\/maxilladental.com\/wp-content\/uploads\/2024\/07\/image16.jpg","datePublished":"2024-07-02T11:17:14+00:00","dateModified":"2025-03-27T05:23:29+00:00","breadcrumb":{"@id":"https:\/\/maxilladental.com\/tr\/finansman-lendcare\/#breadcrumb"},"inLanguage":"tr","potentialAction":[{"@type":"ReadAction","target":["https:\/\/maxilladental.com\/tr\/finansman-lendcare\/"]}]},{"@type":"ImageObject","inLanguage":"tr","@id":"https:\/\/maxilladental.com\/tr\/finansman-lendcare\/#primaryimage","url":"https:\/\/maxilladental.com\/wp-content\/uploads\/2024\/07\/image16.jpg","contentUrl":"https:\/\/maxilladental.com\/wp-content\/uploads\/2024\/07\/image16.jpg"},{"@type":"BreadcrumbList","@id":"https:\/\/maxilladental.com\/tr\/finansman-lendcare\/#breadcrumb","itemListElement":[{"@type":"ListItem","position":1,"name":"Ev","item":"https:\/\/maxilladental.com\/tr\/maxilla-dental\/"},{"@type":"ListItem","position":2,"name":"Finansman &#8211; LENDCARE"}]},{"@type":"WebSite","@id":"https:\/\/maxilladental.com\/tr\/#website","url":"https:\/\/maxilladental.com\/tr\/","name":"Maxilla Dental Clinic North York, Toronto","description":"","publisher":{"@id":"https:\/\/maxilladental.com\/tr\/#organization"},"potentialAction":[{"@type":"SearchAction","target":{"@type":"EntryPoint","urlTemplate":"https:\/\/maxilladental.com\/tr\/?s={search_term_string}"},"query-input":{"@type":"PropertyValueSpecification","valueRequired":true,"valueName":"search_term_string"}}],"inLanguage":"tr"},{"@type":"Organization","@id":"https:\/\/maxilladental.com\/tr\/#organization","name":"Maxilla Di\u015f Klini\u011fi North York, Toronto","url":"https:\/\/maxilladental.com\/tr\/","logo":{"@type":"ImageObject","inLanguage":"tr","@id":"https:\/\/maxilladental.com\/tr\/#\/schema\/logo\/image\/","url":"https:\/\/maxilladental.com\/wp-content\/uploads\/2021\/10\/Logo-maxilla.png","contentUrl":"https:\/\/maxilladental.com\/wp-content\/uploads\/2021\/10\/Logo-maxilla.png","width":671,"height":454,"caption":"Maxilla Di\u015f Klini\u011fi North York, Toronto"},"image":{"@id":"https:\/\/maxilladental.com\/tr\/#\/schema\/logo\/image\/"}}]}},"_links":{"self":[{"href":"https:\/\/maxilladental.com\/tr\/wp-json\/wp\/v2\/pages\/30957","targetHints":{"allow":["GET"]}}],"collection":[{"href":"https:\/\/maxilladental.com\/tr\/wp-json\/wp\/v2\/pages"}],"about":[{"href":"https:\/\/maxilladental.com\/tr\/wp-json\/wp\/v2\/types\/page"}],"author":[{"embeddable":true,"href":"https:\/\/maxilladental.com\/tr\/wp-json\/wp\/v2\/users\/1"}],"replies":[{"embeddable":true,"href":"https:\/\/maxilladental.com\/tr\/wp-json\/wp\/v2\/comments?post=30957"}],"version-history":[{"count":0,"href":"https:\/\/maxilladental.com\/tr\/wp-json\/wp\/v2\/pages\/30957\/revisions"}],"wp:attachment":[{"href":"https:\/\/maxilladental.com\/tr\/wp-json\/wp\/v2\/media?parent=30957"}],"curies":[{"name":"wp","href":"https:\/\/api.w.org\/{rel}","templated":true}]}}