{"id":30945,"date":"2024-08-03T03:37:05","date_gmt":"2024-08-03T03:37:05","guid":{"rendered":"https:\/\/maxilladental.com\/maxilla-dental-groupun-gizlilik-politikasi\/"},"modified":"2025-03-27T04:13:13","modified_gmt":"2025-03-27T04:13:13","slug":"maxilla-dental-groupun-gizlilik-politikasi","status":"publish","type":"page","link":"https:\/\/maxilladental.com\/tr\/maxilla-dental-groupun-gizlilik-politikasi\/","title":{"rendered":"Maxilla Dental Group&#8217;un Gizlilik Politikas\u0131"},"content":{"rendered":"\t\t<div data-elementor-type=\"wp-page\" data-elementor-id=\"30945\" class=\"elementor elementor-30945 elementor-28596\" data-elementor-post-type=\"page\">\n\t\t\t\t\t\t<section data-ka-cursor-size=\"1\" class=\"elementor-section elementor-top-section elementor-element elementor-element-4c2ccc1 elementor-section-height-min-height elementor-section-boxed elementor-section-height-default elementor-section-items-middle\" data-id=\"4c2ccc1\" data-element_type=\"section\" data-e-type=\"section\" data-settings=\"{&quot;background_background&quot;:&quot;classic&quot;,&quot;kng_cursor_interaction&quot;:&quot;default&quot;,&quot;kng_cursor_magnetic&quot;:&quot;none&quot;,&quot;kng_cursor_size_multiplier&quot;:{&quot;unit&quot;:&quot;px&quot;,&quot;size&quot;:1,&quot;sizes&quot;:[]}}\">\n\t\t\t\t\t\t\t<div class=\"elementor-background-overlay\"><\/div>\n\t\t\t\t\t\t\t<div class=\"elementor-container elementor-column-gap-default\">\n\t\t\t\t\t<div data-ka-cursor-size=\"1\" class=\"elementor-column elementor-col-100 elementor-top-column elementor-element elementor-element-926bfba\" data-id=\"926bfba\" data-element_type=\"column\" data-e-type=\"column\" data-settings=\"{&quot;kng_cursor_interaction&quot;:&quot;default&quot;,&quot;kng_cursor_magnetic&quot;:&quot;none&quot;,&quot;kng_cursor_size_multiplier&quot;:{&quot;unit&quot;:&quot;px&quot;,&quot;size&quot;:1,&quot;sizes&quot;:[]}}\">\n\t\t\t<div class=\"elementor-widget-wrap elementor-element-populated\">\n\t\t\t\t\t\t<section data-ka-cursor-size=\"1\" class=\"elementor-section elementor-inner-section elementor-element elementor-element-dc1cf60 elementor-section-boxed elementor-section-height-default elementor-section-height-default elementor-invisible\" data-id=\"dc1cf60\" data-element_type=\"section\" data-e-type=\"section\" data-settings=\"{&quot;animation&quot;:&quot;fadeIn&quot;,&quot;animation_delay&quot;:100,&quot;kng_cursor_interaction&quot;:&quot;default&quot;,&quot;kng_cursor_magnetic&quot;:&quot;none&quot;,&quot;kng_cursor_size_multiplier&quot;:{&quot;unit&quot;:&quot;px&quot;,&quot;size&quot;:1,&quot;sizes&quot;:[]}}\">\n\t\t\t\t\t\t<div class=\"elementor-container elementor-column-gap-default\">\n\t\t\t\t\t<div data-ka-cursor-size=\"1\" class=\"elementor-column elementor-col-100 elementor-inner-column elementor-element elementor-element-6b745c4\" data-id=\"6b745c4\" data-element_type=\"column\" data-e-type=\"column\" data-settings=\"{&quot;kng_cursor_interaction&quot;:&quot;default&quot;,&quot;kng_cursor_magnetic&quot;:&quot;none&quot;,&quot;kng_cursor_size_multiplier&quot;:{&quot;unit&quot;:&quot;px&quot;,&quot;size&quot;:1,&quot;sizes&quot;:[]}}\">\n\t\t\t<div class=\"elementor-widget-wrap elementor-element-populated\">\n\t\t\t\t\t\t<div data-ka-cursor-size=\"1\" class=\"elementor-element elementor-element-a8b61a3 elementor-widget-mobile__width-inherit inner-page-heading elementor-widget elementor-widget-text-editor\" data-id=\"a8b61a3\" data-element_type=\"widget\" data-e-type=\"widget\" data-settings=\"{&quot;kng_cursor_interaction&quot;:&quot;default&quot;,&quot;kng_cursor_magnetic&quot;:&quot;none&quot;,&quot;kng_cursor_size_multiplier&quot;:{&quot;unit&quot;:&quot;px&quot;,&quot;size&quot;:1,&quot;sizes&quot;:[]}}\" data-widget_type=\"text-editor.default\">\n\t\t\t\t<div class=\"elementor-widget-container\">\n\t\t\t\t\t\t\t\t\tGizlilik Politikas\u0131\t\t\t\t\t\t\t\t<\/div>\n\t\t\t\t<\/div>\n\t\t\t\t\t<\/div>\n\t\t<\/div>\n\t\t\t\t\t<\/div>\n\t\t<\/section>\n\t\t\t\t\t<\/div>\n\t\t<\/div>\n\t\t\t\t\t<\/div>\n\t\t<\/section>\n\t\t\t\t<section data-ka-cursor-size=\"1\" class=\"elementor-section elementor-top-section elementor-element elementor-element-540cffb9 elementor-section-boxed elementor-section-height-default elementor-section-height-default\" data-id=\"540cffb9\" data-element_type=\"section\" data-e-type=\"section\" data-settings=\"{&quot;kng_cursor_interaction&quot;:&quot;default&quot;,&quot;kng_cursor_magnetic&quot;:&quot;none&quot;,&quot;kng_cursor_size_multiplier&quot;:{&quot;unit&quot;:&quot;px&quot;,&quot;size&quot;:1,&quot;sizes&quot;:[]}}\">\n\t\t\t\t\t\t<div class=\"elementor-container elementor-column-gap-default\">\n\t\t\t\t\t<div data-ka-cursor-size=\"1\" class=\"elementor-column elementor-col-100 elementor-top-column elementor-element elementor-element-391457d0\" data-id=\"391457d0\" data-element_type=\"column\" data-e-type=\"column\" data-settings=\"{&quot;kng_cursor_interaction&quot;:&quot;default&quot;,&quot;kng_cursor_magnetic&quot;:&quot;none&quot;,&quot;kng_cursor_size_multiplier&quot;:{&quot;unit&quot;:&quot;px&quot;,&quot;size&quot;:1,&quot;sizes&quot;:[]}}\">\n\t\t\t<div class=\"elementor-widget-wrap elementor-element-populated\">\n\t\t\t\t\t\t<div data-ka-cursor-size=\"1\" class=\"elementor-element elementor-element-54bc91b3 elementor-widget elementor-widget-text-editor\" data-id=\"54bc91b3\" data-element_type=\"widget\" data-e-type=\"widget\" data-settings=\"{&quot;kng_cursor_interaction&quot;:&quot;default&quot;,&quot;kng_cursor_magnetic&quot;:&quot;none&quot;,&quot;kng_cursor_size_multiplier&quot;:{&quot;unit&quot;:&quot;px&quot;,&quot;size&quot;:1,&quot;sizes&quot;:[]}}\" data-widget_type=\"text-editor.default\">\n\t\t\t\t<div class=\"elementor-widget-container\">\n\t\t\t\t\t\t\t\t\t<p><strong><\/strong><\/p>\n<p>Maxilla Dental Group, H\u0130ZMET sa\u011flayan https:\/\/maxilladental.com\/ web sitesini i\u015fletmektedir.<\/p>\n\n<p>Bu sayfa, Hizmetimiz olan https:\/\/maxilladental.com\/ web sitesini kullanmaya karar veren web sitesi ziyaret\u00e7ilerini Ki\u015fisel Bilgilerin toplanmas\u0131, kullan\u0131lmas\u0131 ve if\u015fa edilmesi ile ilgili politikalar\u0131m\u0131z hakk\u0131nda bilgilendirmek i\u00e7in kullan\u0131l\u0131r.<\/p>\n\n<p>Hizmetimizi kullanmay\u0131 se\u00e7erseniz, bu politikayla ilgili bilgilerin toplanmas\u0131n\u0131 ve kullan\u0131lmas\u0131n\u0131 kabul etmi\u015f olursunuz. Toplad\u0131\u011f\u0131m\u0131z Ki\u015fisel Bilgiler, Hizmeti sa\u011flamak ve geli\u015ftirmek i\u00e7in kullan\u0131l\u0131r. Bilgilerinizi bu Gizlilik Politikas\u0131nda a\u00e7\u0131klananlar d\u0131\u015f\u0131nda kullanmayacak veya kimseyle payla\u015fmayaca\u011f\u0131z.  <\/p>\n\n<p>Bu Gizlilik Politikas\u0131nda kullan\u0131lan terimler, bu Gizlilik Politikas\u0131nda aksi belirtilmedik\u00e7e, https:\/\/maxilladental.com\/ adresinden eri\u015filebilen \u015eartlar ve Ko\u015fullar\u0131m\u0131zdakilerle ayn\u0131 anlamlara sahiptir.<\/p>\n\n<h2 class=\"wp-block-heading\">Bilgi Toplama ve Kullanma<\/h2>\n\n<p>Hizmetimizi kullan\u0131rken daha iyi bir deneyim i\u00e7in, ad\u0131n\u0131z, telefon numaran\u0131z ve posta adresiniz dahil ancak bunlarla s\u0131n\u0131rl\u0131 olmamak \u00fczere ki\u015fisel olarak tan\u0131mlanabilir baz\u0131 bilgileri bize sa\u011flaman\u0131z\u0131 isteyebiliriz. Toplad\u0131\u011f\u0131m\u0131z bilgiler sizinle ileti\u015fime ge\u00e7mek veya sizi tan\u0131mlamak i\u00e7in kullan\u0131lacakt\u0131r. <\/p>\n\n<h2 class=\"wp-block-heading\">G\u00fcnl\u00fck Verileri<\/h2>\n\n<p>Hizmetimizi her ziyaret etti\u011finizde, taray\u0131c\u0131n\u0131z\u0131n bize g\u00f6nderdi\u011fi ve G\u00fcnl\u00fck Verileri olarak adland\u0131r\u0131lan bilgileri toplad\u0131\u011f\u0131m\u0131z konusunda sizi bilgilendirmek istiyoruz. Bu G\u00fcnl\u00fck Verileri, bilgisayar\u0131n\u0131z\u0131n \u0130nternet Protokol\u00fc (&#8220;IP&#8221;) adresi, taray\u0131c\u0131 s\u00fcr\u00fcm\u00fc, Hizmetimizin ziyaret etti\u011finiz sayfalar\u0131, ziyaretinizin saati ve tarihi, bu sayfalarda ge\u00e7irilen s\u00fcre ve di\u011fer istatistikler gibi bilgileri i\u00e7erebilir. <\/p>\n\n<h2 class=\"wp-block-heading\">\u00c7erezler<\/h2>\n\n<p>\u00c7erezler, genellikle anonim benzersiz bir tan\u0131mlay\u0131c\u0131 olarak kullan\u0131lan az miktarda veri i\u00e7eren dosyalard\u0131r. Bunlar, ziyaret etti\u011finiz web sitesinden taray\u0131c\u0131n\u0131za g\u00f6nderilir ve bilgisayar\u0131n\u0131z\u0131n sabit diskinde saklan\u0131r. <\/p>\n\n<p>Web sitemiz bu &#8220;\u00e7erezleri&#8221; bilgi toplamak ve Hizmetimizi geli\u015ftirmek i\u00e7in kullanmaktad\u0131r. Bu \u00e7erezleri kabul etme veya reddetme ve bilgisayar\u0131n\u0131za ne zaman bir \u00e7erez g\u00f6nderildi\u011fini bilme se\u00e7ene\u011finiz vard\u0131r. \u00c7erezlerimizi reddetmeyi tercih ederseniz, Hizmetimizin baz\u0131 b\u00f6l\u00fcmlerini kullanamayabilirsiniz.  <\/p>\n\n<h2 class=\"wp-block-heading\">Hizmet Sa\u011flay\u0131c\u0131lar<\/h2>\n\n<p>A\u015fa\u011f\u0131daki nedenlerden dolay\u0131 \u00fc\u00e7\u00fcnc\u00fc taraf \u015firketleri ve bireyleri istihdam edebiliriz:<\/p>\n\n<ul class=\"wp-block-list\">\n<li>Hizmetimizi kolayla\u015ft\u0131rmak i\u00e7in;<\/li>\n\n<li>Hizmeti bizim ad\u0131m\u0131za sa\u011flamak i\u00e7in;<\/li>\n\n<li>Hizmetle ilgili hizmetleri ger\u00e7ekle\u015ftirmek i\u00e7in; veya<\/li>\n\n<li>Hizmetimizin nas\u0131l kullan\u0131ld\u0131\u011f\u0131n\u0131 analiz etmemize yard\u0131mc\u0131 olmak i\u00e7in.<\/li>\n<\/ul>\n\n<p>Hizmet kullan\u0131c\u0131lar\u0131m\u0131z\u0131, bu \u00fc\u00e7\u00fcnc\u00fc taraflar\u0131n Ki\u015fisel Bilgilerinize eri\u015fimi oldu\u011fu konusunda bilgilendirmek istiyoruz. Bunun nedeni, bizim ad\u0131m\u0131za kendilerine verilen g\u00f6revleri yerine getirmektir. Ancak, bilgileri ba\u015fka herhangi bir ama\u00e7la if\u015fa etmemek veya kullanmamakla y\u00fck\u00fcml\u00fcd\u00fcrler.  <\/p>\n\n<h2 class=\"wp-block-heading\">G\u00fcvenlik<\/h2>\n\n<p>Bize Ki\u015fisel Bilgilerinizi sa\u011flama konusundaki g\u00fcveninize de\u011fer veriyoruz, bu nedenle bunlar\u0131 korumak i\u00e7in ticari olarak kabul edilebilir ara\u00e7lar kullanmaya \u00e7al\u0131\u015f\u0131yoruz. Ancak internet \u00fczerinden hi\u00e7bir iletim y\u00f6nteminin veya elektronik depolama y\u00f6nteminin %100 g\u00fcvenli ve g\u00fcvenilir olmad\u0131\u011f\u0131n\u0131 ve mutlak g\u00fcvenli\u011fini garanti edemeyece\u011fimizi unutmay\u0131n. <\/p>\n\n<h2 class=\"wp-block-heading\">Di\u011fer Sitelere Ba\u011flant\u0131lar<\/h2>\n\n<p>Hizmetimiz di\u011fer sitelere ba\u011flant\u0131lar i\u00e7erebilir. Bir \u00fc\u00e7\u00fcnc\u00fc taraf ba\u011flant\u0131s\u0131na t\u0131klarsan\u0131z, o siteye y\u00f6nlendirilirsiniz. Bu harici sitelerin bizim taraf\u0131m\u0131zdan i\u015fletilmedi\u011fini unutmay\u0131n. Bu nedenle, bu web sitelerinin Gizlilik Politikas\u0131n\u0131 incelemenizi \u00f6nemle tavsiye ederiz. \u00dc\u00e7\u00fcnc\u00fc taraf sitelerinin veya hizmetlerinin i\u00e7eri\u011fi, gizlilik politikalar\u0131 veya uygulamalar\u0131 \u00fczerinde hi\u00e7bir kontrol\u00fcm\u00fcz yoktur ve bunlar i\u00e7in hi\u00e7bir sorumluluk kabul etmiyoruz.    <\/p>\n\n<p>\u00c7ocuklar\u0131n Gizlili\u011fi<\/p>\n\n<p>Hizmetlerimiz 13 ya\u015f\u0131n alt\u0131ndaki hi\u00e7 kimseye hitap etmemektedir. Bilerek 13 ya\u015f\u0131n alt\u0131ndaki \u00e7ocuklardan ki\u015fisel tan\u0131mlanabilir bilgi toplam\u0131yoruz. E\u011fer 13 ya\u015f\u0131ndan k\u00fc\u00e7\u00fck bir \u00e7ocu\u011fun bize ki\u015fisel bilgi verdi\u011fini fark edersek, bu bilgileri derhal sunucular\u0131m\u0131zdan sileriz. Ebeveyn veya veli iseniz ve \u00e7ocu\u011funuzun bize ki\u015fisel bilgi verdi\u011finin fark\u0131ndaysan\u0131z, gerekli i\u015flemleri yapabilmemiz i\u00e7in l\u00fctfen bizimle ileti\u015fime ge\u00e7in.   <\/p>\n\n<h2 class=\"wp-block-heading\">Bu Gizlilik Politikas\u0131ndaki De\u011fi\u015fiklikler<\/h2>\n\n<p>Gizlilik Politikam\u0131z\u0131 zaman zaman g\u00fcncelleyebiliriz. Bu nedenle, herhangi bir de\u011fi\u015fiklik i\u00e7in bu sayfay\u0131 periyodik olarak g\u00f6zden ge\u00e7irmenizi tavsiye ederiz. Yeni Gizlilik Politikas\u0131n\u0131 bu sayfada yay\u0131nlayarak de\u011fi\u015fiklikleri size bildirece\u011fiz. Bu de\u011fi\u015fiklikler, bu sayfada yay\u0131nland\u0131ktan hemen sonra y\u00fcr\u00fcrl\u00fc\u011fe girer.   <\/p>\n\n<h2 class=\"wp-block-heading\">Bize Ula\u015f\u0131n<\/h2>\n\n<p>Gizlilik Politikam\u0131z hakk\u0131nda herhangi bir sorunuz veya \u00f6neriniz varsa, bizimle ileti\u015fime ge\u00e7mekten \u00e7ekinmeyin.<\/p>\n\t\t\t\t\t\t\t\t<\/div>\n\t\t\t\t<\/div>\n\t\t\t\t\t<\/div>\n\t\t<\/div>\n\t\t\t\t\t<\/div>\n\t\t<\/section>\n\t\t\t\t<\/div>\n\t\t","protected":false},"excerpt":{"rendered":"<p>Gizlilik Politikas\u0131 Maxilla Dental Group, H\u0130ZMET sa\u011flayan https:\/\/maxilladental.com\/ web sitesini i\u015fletmektedir. Bu sayfa, Hizmetimiz olan https:\/\/maxilladental.com\/ web sitesini kullanmaya karar veren web sitesi ziyaret\u00e7ilerini Ki\u015fisel Bilgilerin toplanmas\u0131, kullan\u0131lmas\u0131 ve if\u015fa edilmesi ile ilgili politikalar\u0131m\u0131z hakk\u0131nda bilgilendirmek i\u00e7in kullan\u0131l\u0131r. Hizmetimizi kullanmay\u0131 se\u00e7erseniz, bu politikayla ilgili bilgilerin toplanmas\u0131n\u0131 ve kullan\u0131lmas\u0131n\u0131 kabul etmi\u015f olursunuz. Toplad\u0131\u011f\u0131m\u0131z Ki\u015fisel Bilgiler, Hizmeti [&hellip;]<\/p>\n","protected":false},"author":1,"featured_media":0,"parent":0,"menu_order":0,"comment_status":"closed","ping_status":"closed","template":"page-templates\/template-full-width-page-without-header-title.php","meta":{"footnotes":""},"class_list":["post-30945","page","type-page","status-publish","hentry"],"aioseo_notices":[],"yoast_head":"<!-- This site is optimized with the Yoast SEO plugin v27.4 - https:\/\/yoast.com\/product\/yoast-seo-wordpress\/ -->\n<title>Maxilla Dental Group&#039;un Gizlilik Politikas\u0131 - Maxilla Dental Clinic North York, Toronto<\/title>\n<meta name=\"robots\" content=\"index, follow, max-snippet:-1, max-image-preview:large, max-video-preview:-1\" \/>\n<link rel=\"canonical\" href=\"https:\/\/maxilladental.com\/tr\/maxilla-dental-groupun-gizlilik-politikasi\/\" \/>\n<meta property=\"og:locale\" content=\"tr_TR\" \/>\n<meta property=\"og:type\" content=\"article\" \/>\n<meta property=\"og:title\" content=\"Maxilla Dental Group&#039;un Gizlilik Politikas\u0131 - Maxilla Dental Clinic North York, Toronto\" \/>\n<meta property=\"og:description\" content=\"Gizlilik Politikas\u0131 Maxilla Dental Group, H\u0130ZMET sa\u011flayan https:\/\/maxilladental.com\/ web sitesini i\u015fletmektedir. Bu sayfa, Hizmetimiz olan https:\/\/maxilladental.com\/ web sitesini kullanmaya karar veren web sitesi ziyaret\u00e7ilerini Ki\u015fisel Bilgilerin toplanmas\u0131, kullan\u0131lmas\u0131 ve if\u015fa edilmesi ile ilgili politikalar\u0131m\u0131z hakk\u0131nda bilgilendirmek i\u00e7in kullan\u0131l\u0131r. Hizmetimizi kullanmay\u0131 se\u00e7erseniz, bu politikayla ilgili bilgilerin toplanmas\u0131n\u0131 ve kullan\u0131lmas\u0131n\u0131 kabul etmi\u015f olursunuz. Toplad\u0131\u011f\u0131m\u0131z Ki\u015fisel Bilgiler, Hizmeti [&hellip;]\" \/>\n<meta property=\"og:url\" content=\"https:\/\/maxilladental.com\/tr\/maxilla-dental-groupun-gizlilik-politikasi\/\" \/>\n<meta property=\"og:site_name\" content=\"Maxilla Dental Clinic North York, Toronto\" \/>\n<meta property=\"article:modified_time\" content=\"2025-03-27T04:13:13+00:00\" \/>\n<meta name=\"twitter:card\" content=\"summary_large_image\" \/>\n<meta name=\"twitter:label1\" content=\"Tahmini okuma s\u00fcresi\" \/>\n\t<meta name=\"twitter:data1\" content=\"4 dakika\" \/>\n<script type=\"application\/ld+json\" class=\"yoast-schema-graph\">{\"@context\":\"https:\\\/\\\/schema.org\",\"@graph\":[{\"@type\":\"WebPage\",\"@id\":\"https:\\\/\\\/maxilladental.com\\\/tr\\\/maxilla-dental-groupun-gizlilik-politikasi\\\/\",\"url\":\"https:\\\/\\\/maxilladental.com\\\/tr\\\/maxilla-dental-groupun-gizlilik-politikasi\\\/\",\"name\":\"Maxilla Dental Group'un Gizlilik Politikas\u0131 - Maxilla Dental Clinic North York, Toronto\",\"isPartOf\":{\"@id\":\"https:\\\/\\\/maxilladental.com\\\/tr\\\/#website\"},\"datePublished\":\"2024-08-03T03:37:05+00:00\",\"dateModified\":\"2025-03-27T04:13:13+00:00\",\"breadcrumb\":{\"@id\":\"https:\\\/\\\/maxilladental.com\\\/tr\\\/maxilla-dental-groupun-gizlilik-politikasi\\\/#breadcrumb\"},\"inLanguage\":\"tr\",\"potentialAction\":[{\"@type\":\"ReadAction\",\"target\":[\"https:\\\/\\\/maxilladental.com\\\/tr\\\/maxilla-dental-groupun-gizlilik-politikasi\\\/\"]}]},{\"@type\":\"BreadcrumbList\",\"@id\":\"https:\\\/\\\/maxilladental.com\\\/tr\\\/maxilla-dental-groupun-gizlilik-politikasi\\\/#breadcrumb\",\"itemListElement\":[{\"@type\":\"ListItem\",\"position\":1,\"name\":\"Ev\",\"item\":\"https:\\\/\\\/maxilladental.com\\\/tr\\\/maxilla-dental\\\/\"},{\"@type\":\"ListItem\",\"position\":2,\"name\":\"Maxilla Dental Group&#8217;un Gizlilik Politikas\u0131\"}]},{\"@type\":\"WebSite\",\"@id\":\"https:\\\/\\\/maxilladental.com\\\/tr\\\/#website\",\"url\":\"https:\\\/\\\/maxilladental.com\\\/tr\\\/\",\"name\":\"Maxilla Dental Clinic North York, Toronto\",\"description\":\"\",\"publisher\":{\"@id\":\"https:\\\/\\\/maxilladental.com\\\/tr\\\/#organization\"},\"potentialAction\":[{\"@type\":\"SearchAction\",\"target\":{\"@type\":\"EntryPoint\",\"urlTemplate\":\"https:\\\/\\\/maxilladental.com\\\/tr\\\/?s={search_term_string}\"},\"query-input\":{\"@type\":\"PropertyValueSpecification\",\"valueRequired\":true,\"valueName\":\"search_term_string\"}}],\"inLanguage\":\"tr\"},{\"@type\":\"Organization\",\"@id\":\"https:\\\/\\\/maxilladental.com\\\/tr\\\/#organization\",\"name\":\"Maxilla Di\u015f Klini\u011fi North York, Toronto\",\"url\":\"https:\\\/\\\/maxilladental.com\\\/tr\\\/\",\"logo\":{\"@type\":\"ImageObject\",\"inLanguage\":\"tr\",\"@id\":\"https:\\\/\\\/maxilladental.com\\\/tr\\\/#\\\/schema\\\/logo\\\/image\\\/\",\"url\":\"https:\\\/\\\/maxilladental.com\\\/wp-content\\\/uploads\\\/2021\\\/10\\\/Logo-maxilla.png\",\"contentUrl\":\"https:\\\/\\\/maxilladental.com\\\/wp-content\\\/uploads\\\/2021\\\/10\\\/Logo-maxilla.png\",\"width\":671,\"height\":454,\"caption\":\"Maxilla Di\u015f Klini\u011fi North York, Toronto\"},\"image\":{\"@id\":\"https:\\\/\\\/maxilladental.com\\\/tr\\\/#\\\/schema\\\/logo\\\/image\\\/\"}}]}<\/script>\n<!-- \/ Yoast SEO plugin. -->","yoast_head_json":{"title":"Maxilla Dental Group'un Gizlilik Politikas\u0131 - Maxilla Dental Clinic North York, Toronto","robots":{"index":"index","follow":"follow","max-snippet":"max-snippet:-1","max-image-preview":"max-image-preview:large","max-video-preview":"max-video-preview:-1"},"canonical":"https:\/\/maxilladental.com\/tr\/maxilla-dental-groupun-gizlilik-politikasi\/","og_locale":"tr_TR","og_type":"article","og_title":"Maxilla Dental Group'un Gizlilik Politikas\u0131 - Maxilla Dental Clinic North York, Toronto","og_description":"Gizlilik Politikas\u0131 Maxilla Dental Group, H\u0130ZMET sa\u011flayan https:\/\/maxilladental.com\/ web sitesini i\u015fletmektedir. Bu sayfa, Hizmetimiz olan https:\/\/maxilladental.com\/ web sitesini kullanmaya karar veren web sitesi ziyaret\u00e7ilerini Ki\u015fisel Bilgilerin toplanmas\u0131, kullan\u0131lmas\u0131 ve if\u015fa edilmesi ile ilgili politikalar\u0131m\u0131z hakk\u0131nda bilgilendirmek i\u00e7in kullan\u0131l\u0131r. Hizmetimizi kullanmay\u0131 se\u00e7erseniz, bu politikayla ilgili bilgilerin toplanmas\u0131n\u0131 ve kullan\u0131lmas\u0131n\u0131 kabul etmi\u015f olursunuz. Toplad\u0131\u011f\u0131m\u0131z Ki\u015fisel Bilgiler, Hizmeti [&hellip;]","og_url":"https:\/\/maxilladental.com\/tr\/maxilla-dental-groupun-gizlilik-politikasi\/","og_site_name":"Maxilla Dental Clinic North York, Toronto","article_modified_time":"2025-03-27T04:13:13+00:00","twitter_card":"summary_large_image","twitter_misc":{"Tahmini okuma s\u00fcresi":"4 dakika"},"schema":{"@context":"https:\/\/schema.org","@graph":[{"@type":"WebPage","@id":"https:\/\/maxilladental.com\/tr\/maxilla-dental-groupun-gizlilik-politikasi\/","url":"https:\/\/maxilladental.com\/tr\/maxilla-dental-groupun-gizlilik-politikasi\/","name":"Maxilla Dental Group'un Gizlilik Politikas\u0131 - Maxilla Dental Clinic North York, Toronto","isPartOf":{"@id":"https:\/\/maxilladental.com\/tr\/#website"},"datePublished":"2024-08-03T03:37:05+00:00","dateModified":"2025-03-27T04:13:13+00:00","breadcrumb":{"@id":"https:\/\/maxilladental.com\/tr\/maxilla-dental-groupun-gizlilik-politikasi\/#breadcrumb"},"inLanguage":"tr","potentialAction":[{"@type":"ReadAction","target":["https:\/\/maxilladental.com\/tr\/maxilla-dental-groupun-gizlilik-politikasi\/"]}]},{"@type":"BreadcrumbList","@id":"https:\/\/maxilladental.com\/tr\/maxilla-dental-groupun-gizlilik-politikasi\/#breadcrumb","itemListElement":[{"@type":"ListItem","position":1,"name":"Ev","item":"https:\/\/maxilladental.com\/tr\/maxilla-dental\/"},{"@type":"ListItem","position":2,"name":"Maxilla Dental Group&#8217;un Gizlilik Politikas\u0131"}]},{"@type":"WebSite","@id":"https:\/\/maxilladental.com\/tr\/#website","url":"https:\/\/maxilladental.com\/tr\/","name":"Maxilla Dental Clinic North York, Toronto","description":"","publisher":{"@id":"https:\/\/maxilladental.com\/tr\/#organization"},"potentialAction":[{"@type":"SearchAction","target":{"@type":"EntryPoint","urlTemplate":"https:\/\/maxilladental.com\/tr\/?s={search_term_string}"},"query-input":{"@type":"PropertyValueSpecification","valueRequired":true,"valueName":"search_term_string"}}],"inLanguage":"tr"},{"@type":"Organization","@id":"https:\/\/maxilladental.com\/tr\/#organization","name":"Maxilla Di\u015f Klini\u011fi North York, Toronto","url":"https:\/\/maxilladental.com\/tr\/","logo":{"@type":"ImageObject","inLanguage":"tr","@id":"https:\/\/maxilladental.com\/tr\/#\/schema\/logo\/image\/","url":"https:\/\/maxilladental.com\/wp-content\/uploads\/2021\/10\/Logo-maxilla.png","contentUrl":"https:\/\/maxilladental.com\/wp-content\/uploads\/2021\/10\/Logo-maxilla.png","width":671,"height":454,"caption":"Maxilla Di\u015f Klini\u011fi North York, Toronto"},"image":{"@id":"https:\/\/maxilladental.com\/tr\/#\/schema\/logo\/image\/"}}]}},"_links":{"self":[{"href":"https:\/\/maxilladental.com\/tr\/wp-json\/wp\/v2\/pages\/30945","targetHints":{"allow":["GET"]}}],"collection":[{"href":"https:\/\/maxilladental.com\/tr\/wp-json\/wp\/v2\/pages"}],"about":[{"href":"https:\/\/maxilladental.com\/tr\/wp-json\/wp\/v2\/types\/page"}],"author":[{"embeddable":true,"href":"https:\/\/maxilladental.com\/tr\/wp-json\/wp\/v2\/users\/1"}],"replies":[{"embeddable":true,"href":"https:\/\/maxilladental.com\/tr\/wp-json\/wp\/v2\/comments?post=30945"}],"version-history":[{"count":0,"href":"https:\/\/maxilladental.com\/tr\/wp-json\/wp\/v2\/pages\/30945\/revisions"}],"wp:attachment":[{"href":"https:\/\/maxilladental.com\/tr\/wp-json\/wp\/v2\/media?parent=30945"}],"curies":[{"name":"wp","href":"https:\/\/api.w.org\/{rel}","templated":true}]}}