{"id":30928,"date":"2024-07-27T17:20:26","date_gmt":"2024-07-27T17:20:26","guid":{"rendered":"https:\/\/maxilladental.com\/dis-hekimi\/"},"modified":"2025-03-27T04:14:11","modified_gmt":"2025-03-27T04:14:11","slug":"dis-hekimi","status":"publish","type":"page","link":"https:\/\/maxilladental.com\/tr\/bizim-takimimiz\/dis-hekimi\/","title":{"rendered":"Di\u015f Hekimi"},"content":{"rendered":"\t\t<div data-elementor-type=\"wp-page\" data-elementor-id=\"30928\" class=\"elementor elementor-30928 elementor-28564\" data-elementor-post-type=\"page\">\n\t\t\t\t\t\t<section data-ka-cursor-size=\"1\" class=\"elementor-section elementor-top-section elementor-element elementor-element-b59b395 elementor-section-height-min-height elementor-section-boxed elementor-section-height-default elementor-section-items-middle\" data-id=\"b59b395\" data-element_type=\"section\" data-e-type=\"section\" data-settings=\"{&quot;background_background&quot;:&quot;classic&quot;,&quot;kng_cursor_interaction&quot;:&quot;default&quot;,&quot;kng_cursor_magnetic&quot;:&quot;none&quot;,&quot;kng_cursor_size_multiplier&quot;:{&quot;unit&quot;:&quot;px&quot;,&quot;size&quot;:1,&quot;sizes&quot;:[]}}\">\n\t\t\t\t\t\t\t<div class=\"elementor-background-overlay\"><\/div>\n\t\t\t\t\t\t\t<div class=\"elementor-container elementor-column-gap-default\">\n\t\t\t\t\t<div data-ka-cursor-size=\"1\" class=\"elementor-column elementor-col-100 elementor-top-column elementor-element elementor-element-20717d5\" data-id=\"20717d5\" data-element_type=\"column\" data-e-type=\"column\" data-settings=\"{&quot;kng_cursor_interaction&quot;:&quot;default&quot;,&quot;kng_cursor_magnetic&quot;:&quot;none&quot;,&quot;kng_cursor_size_multiplier&quot;:{&quot;unit&quot;:&quot;px&quot;,&quot;size&quot;:1,&quot;sizes&quot;:[]}}\">\n\t\t\t<div class=\"elementor-widget-wrap elementor-element-populated\">\n\t\t\t\t\t\t<section data-ka-cursor-size=\"1\" class=\"elementor-section elementor-inner-section elementor-element elementor-element-5642018 elementor-section-boxed elementor-section-height-default elementor-section-height-default elementor-invisible\" data-id=\"5642018\" data-element_type=\"section\" data-e-type=\"section\" data-settings=\"{&quot;animation&quot;:&quot;fadeIn&quot;,&quot;animation_delay&quot;:100,&quot;kng_cursor_interaction&quot;:&quot;default&quot;,&quot;kng_cursor_magnetic&quot;:&quot;none&quot;,&quot;kng_cursor_size_multiplier&quot;:{&quot;unit&quot;:&quot;px&quot;,&quot;size&quot;:1,&quot;sizes&quot;:[]}}\">\n\t\t\t\t\t\t<div class=\"elementor-container elementor-column-gap-default\">\n\t\t\t\t\t<div data-ka-cursor-size=\"1\" class=\"elementor-column elementor-col-100 elementor-inner-column elementor-element elementor-element-d6a6694\" data-id=\"d6a6694\" data-element_type=\"column\" data-e-type=\"column\" data-settings=\"{&quot;kng_cursor_interaction&quot;:&quot;default&quot;,&quot;kng_cursor_magnetic&quot;:&quot;none&quot;,&quot;kng_cursor_size_multiplier&quot;:{&quot;unit&quot;:&quot;px&quot;,&quot;size&quot;:1,&quot;sizes&quot;:[]}}\">\n\t\t\t<div class=\"elementor-widget-wrap elementor-element-populated\">\n\t\t\t\t\t\t<div data-ka-cursor-size=\"1\" class=\"elementor-element elementor-element-9d6de43 elementor-widget-mobile__width-inherit inner-page-heading elementor-widget elementor-widget-text-editor\" data-id=\"9d6de43\" data-element_type=\"widget\" data-e-type=\"widget\" data-settings=\"{&quot;kng_cursor_interaction&quot;:&quot;default&quot;,&quot;kng_cursor_magnetic&quot;:&quot;none&quot;,&quot;kng_cursor_size_multiplier&quot;:{&quot;unit&quot;:&quot;px&quot;,&quot;size&quot;:1,&quot;sizes&quot;:[]}}\" data-widget_type=\"text-editor.default\">\n\t\t\t\t<div class=\"elementor-widget-container\">\n\t\t\t\t\t\t\t\t\tDi\u015f Hekimimizle Tan\u0131\u015f\u0131n\t\t\t\t\t\t\t\t<\/div>\n\t\t\t\t<\/div>\n\t\t\t\t\t<\/div>\n\t\t<\/div>\n\t\t\t\t\t<\/div>\n\t\t<\/section>\n\t\t\t\t\t<\/div>\n\t\t<\/div>\n\t\t\t\t\t<\/div>\n\t\t<\/section>\n\t\t\t\t<section data-ka-cursor-size=\"1\" class=\"elementor-section elementor-top-section elementor-element elementor-element-3c42a68 elementor-section-boxed elementor-section-height-default elementor-section-height-default\" data-id=\"3c42a68\" data-element_type=\"section\" data-e-type=\"section\" data-settings=\"{&quot;kng_cursor_interaction&quot;:&quot;default&quot;,&quot;kng_cursor_magnetic&quot;:&quot;none&quot;,&quot;kng_cursor_size_multiplier&quot;:{&quot;unit&quot;:&quot;px&quot;,&quot;size&quot;:1,&quot;sizes&quot;:[]}}\">\n\t\t\t\t\t\t<div class=\"elementor-container elementor-column-gap-default\">\n\t\t\t\t\t<div data-ka-cursor-size=\"1\" class=\"elementor-column elementor-col-100 elementor-top-column elementor-element elementor-element-8267915\" data-id=\"8267915\" data-element_type=\"column\" data-e-type=\"column\" data-settings=\"{&quot;kng_cursor_interaction&quot;:&quot;default&quot;,&quot;kng_cursor_magnetic&quot;:&quot;none&quot;,&quot;kng_cursor_size_multiplier&quot;:{&quot;unit&quot;:&quot;px&quot;,&quot;size&quot;:1,&quot;sizes&quot;:[]}}\">\n\t\t\t<div class=\"elementor-widget-wrap elementor-element-populated\">\n\t\t\t\t\t\t<section data-ka-cursor-size=\"1\" class=\"elementor-section elementor-inner-section elementor-element elementor-element-cc45a27 elementor-section-boxed elementor-section-height-default elementor-section-height-default\" data-id=\"cc45a27\" data-element_type=\"section\" data-e-type=\"section\" data-settings=\"{&quot;kng_cursor_interaction&quot;:&quot;default&quot;,&quot;kng_cursor_magnetic&quot;:&quot;none&quot;,&quot;kng_cursor_size_multiplier&quot;:{&quot;unit&quot;:&quot;px&quot;,&quot;size&quot;:1,&quot;sizes&quot;:[]}}\">\n\t\t\t\t\t\t<div class=\"elementor-container elementor-column-gap-no\">\n\t\t\t\t\t<div data-ka-cursor-size=\"1\" class=\"elementor-column elementor-col-50 elementor-inner-column elementor-element elementor-element-ac04e58\" data-id=\"ac04e58\" data-element_type=\"column\" data-e-type=\"column\" data-settings=\"{&quot;background_background&quot;:&quot;classic&quot;,&quot;kng_cursor_interaction&quot;:&quot;default&quot;,&quot;kng_cursor_magnetic&quot;:&quot;none&quot;,&quot;kng_cursor_size_multiplier&quot;:{&quot;unit&quot;:&quot;px&quot;,&quot;size&quot;:1,&quot;sizes&quot;:[]}}\">\n\t\t\t<div class=\"elementor-widget-wrap elementor-element-populated\">\n\t\t\t\t\t\t<div data-ka-cursor-size=\"1\" class=\"elementor-element elementor-element-c977d75 elementor-widget__width-inherit elementor-widget elementor-widget-image\" data-id=\"c977d75\" data-element_type=\"widget\" data-e-type=\"widget\" data-settings=\"{&quot;_animation&quot;:&quot;none&quot;,&quot;kng_cursor_interaction&quot;:&quot;default&quot;,&quot;kng_cursor_magnetic&quot;:&quot;none&quot;,&quot;kng_cursor_size_multiplier&quot;:{&quot;unit&quot;:&quot;px&quot;,&quot;size&quot;:1,&quot;sizes&quot;:[]}}\" data-widget_type=\"image.default\">\n\t\t\t\t<div class=\"elementor-widget-container\">\n\t\t\t\t\t\t\t\t\t\t\t\t\t\t\t<img fetchpriority=\"high\" decoding=\"async\" width=\"1024\" height=\"1024\" src=\"https:\/\/maxilladental.com\/wp-content\/uploads\/woocommerce-placeholder-1024x1024.png\" class=\"attachment-large size-large wp-image-30265\" alt=\"\" srcset=\"https:\/\/maxilladental.com\/wp-content\/uploads\/woocommerce-placeholder-1024x1024.png 1024w, https:\/\/maxilladental.com\/wp-content\/uploads\/woocommerce-placeholder-300x300.png 300w, https:\/\/maxilladental.com\/wp-content\/uploads\/woocommerce-placeholder-150x150.png 150w, https:\/\/maxilladental.com\/wp-content\/uploads\/woocommerce-placeholder-768x768.png 768w, https:\/\/maxilladental.com\/wp-content\/uploads\/woocommerce-placeholder.png 1200w\" sizes=\"(max-width: 1024px) 100vw, 1024px\" \/>\t\t\t\t\t\t\t\t\t\t\t\t\t\t\t<\/div>\n\t\t\t\t<\/div>\n\t\t\t\t<div data-ka-cursor-size=\"1\" class=\"elementor-element elementor-element-d4f5cd6 elementor-widget elementor-widget-heading\" data-id=\"d4f5cd6\" data-element_type=\"widget\" data-e-type=\"widget\" data-settings=\"{&quot;kng_cursor_interaction&quot;:&quot;default&quot;,&quot;kng_cursor_magnetic&quot;:&quot;none&quot;,&quot;kng_cursor_size_multiplier&quot;:{&quot;unit&quot;:&quot;px&quot;,&quot;size&quot;:1,&quot;sizes&quot;:[]}}\" data-widget_type=\"heading.default\">\n\t\t\t\t<div class=\"elementor-widget-container\">\n\t\t\t\t\t<h2 class=\"elementor-heading-title elementor-size-default\">Ali Salimi<\/h2>\t\t\t\t<\/div>\n\t\t\t\t<\/div>\n\t\t\t\t<div data-ka-cursor-size=\"1\" class=\"elementor-element elementor-element-ce1f71a elementor-widget elementor-widget-heading\" data-id=\"ce1f71a\" data-element_type=\"widget\" data-e-type=\"widget\" data-settings=\"{&quot;kng_cursor_interaction&quot;:&quot;default&quot;,&quot;kng_cursor_magnetic&quot;:&quot;none&quot;,&quot;kng_cursor_size_multiplier&quot;:{&quot;unit&quot;:&quot;px&quot;,&quot;size&quot;:1,&quot;sizes&quot;:[]}}\" data-widget_type=\"heading.default\">\n\t\t\t\t<div class=\"elementor-widget-container\">\n\t\t\t\t\t<h2 class=\"elementor-heading-title elementor-size-default\">Di\u015f Hekimi<\/h2>\t\t\t\t<\/div>\n\t\t\t\t<\/div>\n\t\t\t\t<div data-ka-cursor-size=\"1\" class=\"elementor-element elementor-element-b350575 elementor-widget elementor-widget-text-editor\" data-id=\"b350575\" data-element_type=\"widget\" data-e-type=\"widget\" data-settings=\"{&quot;kng_cursor_interaction&quot;:&quot;default&quot;,&quot;kng_cursor_magnetic&quot;:&quot;none&quot;,&quot;kng_cursor_size_multiplier&quot;:{&quot;unit&quot;:&quot;px&quot;,&quot;size&quot;:1,&quot;sizes&quot;:[]}}\" data-widget_type=\"text-editor.default\">\n\t\t\t\t<div class=\"elementor-widget-container\">\n\t\t\t\t\t\t\t\t\t<p>Ali, 2017 y\u0131l\u0131nda Oxford Dental College&#8217;dan Ontario&#8217;da uygulama lisans\u0131n\u0131 ald\u0131. Di\u015f protezini bir sanat haline getirmekten ve 19 ya\u015f\u0131ndan beri a\u011f\u0131z apareylerini m\u00fcmk\u00fcn oldu\u011funca ger\u00e7ek hale getirmekten gurur duyan Ali, Kay\u0131tl\u0131 Di\u015f Teknisyeni (R.D.T) lisans\u0131n\u0131 ald\u0131. \u0130ran&#8217;a gelmeden \u00f6nce 1998 y\u0131l\u0131nda. Di\u015f hekimli\u011fi alan\u0131n\u0131n t\u00fcm seviyelerinde 20 y\u0131l\u0131 a\u015fk\u0131n deneyim biriktirmi\u015ftir. Ali ailemizde \u015fu hizmetleri vermektedir; \u0130mplant Destekli Protezler, Tam Protezler, Parsiyel Protezler, Immediate Protezler, Ayn\u0131 g\u00fcn onar\u0131mlar, ki\u015fiye \u00f6zel a\u011f\u0131z koruyucular\u0131, Relines\/Rebase en iyi niteliklerle.    <\/p>\t\t\t\t\t\t\t\t<\/div>\n\t\t\t\t<\/div>\n\t\t\t\t\t<\/div>\n\t\t<\/div>\n\t\t\t\t<div data-ka-cursor-size=\"1\" class=\"elementor-column elementor-col-50 elementor-inner-column elementor-element elementor-element-0cee0ee\" data-id=\"0cee0ee\" data-element_type=\"column\" data-e-type=\"column\" data-settings=\"{&quot;background_background&quot;:&quot;classic&quot;,&quot;kng_cursor_interaction&quot;:&quot;default&quot;,&quot;kng_cursor_magnetic&quot;:&quot;none&quot;,&quot;kng_cursor_size_multiplier&quot;:{&quot;unit&quot;:&quot;px&quot;,&quot;size&quot;:1,&quot;sizes&quot;:[]}}\">\n\t\t\t<div class=\"elementor-widget-wrap\">\n\t\t\t\t\t\t\t<\/div>\n\t\t<\/div>\n\t\t\t\t\t<\/div>\n\t\t<\/section>\n\t\t\t\t\t<\/div>\n\t\t<\/div>\n\t\t\t\t\t<\/div>\n\t\t<\/section>\n\t\t\t\t<\/div>\n\t\t","protected":false},"excerpt":{"rendered":"<p>Di\u015f Hekimimizle Tan\u0131\u015f\u0131n Ali Salimi Di\u015f Hekimi Ali, 2017 y\u0131l\u0131nda Oxford Dental College&#8217;dan Ontario&#8217;da uygulama lisans\u0131n\u0131 ald\u0131. Di\u015f protezini bir sanat haline getirmekten ve 19 ya\u015f\u0131ndan beri a\u011f\u0131z apareylerini m\u00fcmk\u00fcn oldu\u011funca ger\u00e7ek hale getirmekten gurur duyan Ali, Kay\u0131tl\u0131 Di\u015f Teknisyeni (R.D.T) lisans\u0131n\u0131 ald\u0131. \u0130ran&#8217;a gelmeden \u00f6nce 1998 y\u0131l\u0131nda. Di\u015f hekimli\u011fi alan\u0131n\u0131n t\u00fcm seviyelerinde 20 y\u0131l\u0131 [&hellip;]<\/p>\n","protected":false},"author":1,"featured_media":0,"parent":31052,"menu_order":0,"comment_status":"closed","ping_status":"closed","template":"page-templates\/template-full-width-page-without-header-title.php","meta":{"footnotes":""},"class_list":["post-30928","page","type-page","status-publish","hentry"],"aioseo_notices":[],"yoast_head":"<!-- This site is optimized with the Yoast SEO plugin v27.4 - https:\/\/yoast.com\/product\/yoast-seo-wordpress\/ -->\n<title>Di\u015f Hekimi - Maxilla Dental Clinic North York, Toronto<\/title>\n<meta name=\"robots\" content=\"index, follow, max-snippet:-1, max-image-preview:large, max-video-preview:-1\" \/>\n<link rel=\"canonical\" href=\"https:\/\/maxilladental.com\/tr\/bizim-takimimiz\/dis-hekimi\/\" \/>\n<meta property=\"og:locale\" content=\"tr_TR\" \/>\n<meta property=\"og:type\" content=\"article\" \/>\n<meta property=\"og:title\" content=\"Di\u015f Hekimi - Maxilla Dental Clinic North York, Toronto\" \/>\n<meta property=\"og:description\" content=\"Di\u015f Hekimimizle Tan\u0131\u015f\u0131n Ali Salimi Di\u015f Hekimi Ali, 2017 y\u0131l\u0131nda Oxford Dental College&#8217;dan Ontario&#8217;da uygulama lisans\u0131n\u0131 ald\u0131. Di\u015f protezini bir sanat haline getirmekten ve 19 ya\u015f\u0131ndan beri a\u011f\u0131z apareylerini m\u00fcmk\u00fcn oldu\u011funca ger\u00e7ek hale getirmekten gurur duyan Ali, Kay\u0131tl\u0131 Di\u015f Teknisyeni (R.D.T) lisans\u0131n\u0131 ald\u0131. \u0130ran&#8217;a gelmeden \u00f6nce 1998 y\u0131l\u0131nda. Di\u015f hekimli\u011fi alan\u0131n\u0131n t\u00fcm seviyelerinde 20 y\u0131l\u0131 [&hellip;]\" \/>\n<meta property=\"og:url\" content=\"https:\/\/maxilladental.com\/tr\/bizim-takimimiz\/dis-hekimi\/\" \/>\n<meta property=\"og:site_name\" content=\"Maxilla Dental Clinic North York, Toronto\" \/>\n<meta property=\"article:modified_time\" content=\"2025-03-27T04:14:11+00:00\" \/>\n<meta property=\"og:image\" content=\"https:\/\/maxilladental.com\/wp-content\/uploads\/woocommerce-placeholder.png\" \/>\n\t<meta property=\"og:image:width\" content=\"1200\" \/>\n\t<meta property=\"og:image:height\" content=\"1200\" \/>\n\t<meta property=\"og:image:type\" content=\"image\/png\" \/>\n<meta name=\"twitter:card\" content=\"summary_large_image\" \/>\n<meta name=\"twitter:label1\" content=\"Tahmini okuma s\u00fcresi\" \/>\n\t<meta name=\"twitter:data1\" content=\"1 dakika\" \/>\n<script type=\"application\/ld+json\" class=\"yoast-schema-graph\">{\"@context\":\"https:\\\/\\\/schema.org\",\"@graph\":[{\"@type\":\"WebPage\",\"@id\":\"https:\\\/\\\/maxilladental.com\\\/tr\\\/bizim-takimimiz\\\/dis-hekimi\\\/\",\"url\":\"https:\\\/\\\/maxilladental.com\\\/tr\\\/bizim-takimimiz\\\/dis-hekimi\\\/\",\"name\":\"Di\u015f Hekimi - Maxilla Dental Clinic North York, Toronto\",\"isPartOf\":{\"@id\":\"https:\\\/\\\/maxilladental.com\\\/tr\\\/#website\"},\"primaryImageOfPage\":{\"@id\":\"https:\\\/\\\/maxilladental.com\\\/tr\\\/bizim-takimimiz\\\/dis-hekimi\\\/#primaryimage\"},\"image\":{\"@id\":\"https:\\\/\\\/maxilladental.com\\\/tr\\\/bizim-takimimiz\\\/dis-hekimi\\\/#primaryimage\"},\"thumbnailUrl\":\"https:\\\/\\\/maxilladental.com\\\/wp-content\\\/uploads\\\/woocommerce-placeholder-1024x1024.png\",\"datePublished\":\"2024-07-27T17:20:26+00:00\",\"dateModified\":\"2025-03-27T04:14:11+00:00\",\"breadcrumb\":{\"@id\":\"https:\\\/\\\/maxilladental.com\\\/tr\\\/bizim-takimimiz\\\/dis-hekimi\\\/#breadcrumb\"},\"inLanguage\":\"tr\",\"potentialAction\":[{\"@type\":\"ReadAction\",\"target\":[\"https:\\\/\\\/maxilladental.com\\\/tr\\\/bizim-takimimiz\\\/dis-hekimi\\\/\"]}]},{\"@type\":\"ImageObject\",\"inLanguage\":\"tr\",\"@id\":\"https:\\\/\\\/maxilladental.com\\\/tr\\\/bizim-takimimiz\\\/dis-hekimi\\\/#primaryimage\",\"url\":\"https:\\\/\\\/maxilladental.com\\\/wp-content\\\/uploads\\\/woocommerce-placeholder-1024x1024.png\",\"contentUrl\":\"https:\\\/\\\/maxilladental.com\\\/wp-content\\\/uploads\\\/woocommerce-placeholder-1024x1024.png\"},{\"@type\":\"BreadcrumbList\",\"@id\":\"https:\\\/\\\/maxilladental.com\\\/tr\\\/bizim-takimimiz\\\/dis-hekimi\\\/#breadcrumb\",\"itemListElement\":[{\"@type\":\"ListItem\",\"position\":1,\"name\":\"Ev\",\"item\":\"https:\\\/\\\/maxilladental.com\\\/tr\\\/maxilla-dental\\\/\"},{\"@type\":\"ListItem\",\"position\":2,\"name\":\"Bizim Tak\u0131m\u0131m\u0131z\",\"item\":\"https:\\\/\\\/maxilladental.com\\\/tr\\\/bizim-takimimiz\\\/\"},{\"@type\":\"ListItem\",\"position\":3,\"name\":\"Di\u015f Hekimi\"}]},{\"@type\":\"WebSite\",\"@id\":\"https:\\\/\\\/maxilladental.com\\\/tr\\\/#website\",\"url\":\"https:\\\/\\\/maxilladental.com\\\/tr\\\/\",\"name\":\"Maxilla Dental Clinic North York, Toronto\",\"description\":\"\",\"publisher\":{\"@id\":\"https:\\\/\\\/maxilladental.com\\\/tr\\\/#organization\"},\"potentialAction\":[{\"@type\":\"SearchAction\",\"target\":{\"@type\":\"EntryPoint\",\"urlTemplate\":\"https:\\\/\\\/maxilladental.com\\\/tr\\\/?s={search_term_string}\"},\"query-input\":{\"@type\":\"PropertyValueSpecification\",\"valueRequired\":true,\"valueName\":\"search_term_string\"}}],\"inLanguage\":\"tr\"},{\"@type\":\"Organization\",\"@id\":\"https:\\\/\\\/maxilladental.com\\\/tr\\\/#organization\",\"name\":\"Maxilla Di\u015f Klini\u011fi North York, Toronto\",\"url\":\"https:\\\/\\\/maxilladental.com\\\/tr\\\/\",\"logo\":{\"@type\":\"ImageObject\",\"inLanguage\":\"tr\",\"@id\":\"https:\\\/\\\/maxilladental.com\\\/tr\\\/#\\\/schema\\\/logo\\\/image\\\/\",\"url\":\"https:\\\/\\\/maxilladental.com\\\/wp-content\\\/uploads\\\/2021\\\/10\\\/Logo-maxilla.png\",\"contentUrl\":\"https:\\\/\\\/maxilladental.com\\\/wp-content\\\/uploads\\\/2021\\\/10\\\/Logo-maxilla.png\",\"width\":671,\"height\":454,\"caption\":\"Maxilla Di\u015f Klini\u011fi North York, Toronto\"},\"image\":{\"@id\":\"https:\\\/\\\/maxilladental.com\\\/tr\\\/#\\\/schema\\\/logo\\\/image\\\/\"}}]}<\/script>\n<!-- \/ Yoast SEO plugin. -->","yoast_head_json":{"title":"Di\u015f Hekimi - Maxilla Dental Clinic North York, Toronto","robots":{"index":"index","follow":"follow","max-snippet":"max-snippet:-1","max-image-preview":"max-image-preview:large","max-video-preview":"max-video-preview:-1"},"canonical":"https:\/\/maxilladental.com\/tr\/bizim-takimimiz\/dis-hekimi\/","og_locale":"tr_TR","og_type":"article","og_title":"Di\u015f Hekimi - Maxilla Dental Clinic North York, Toronto","og_description":"Di\u015f Hekimimizle Tan\u0131\u015f\u0131n Ali Salimi Di\u015f Hekimi Ali, 2017 y\u0131l\u0131nda Oxford Dental College&#8217;dan Ontario&#8217;da uygulama lisans\u0131n\u0131 ald\u0131. Di\u015f protezini bir sanat haline getirmekten ve 19 ya\u015f\u0131ndan beri a\u011f\u0131z apareylerini m\u00fcmk\u00fcn oldu\u011funca ger\u00e7ek hale getirmekten gurur duyan Ali, Kay\u0131tl\u0131 Di\u015f Teknisyeni (R.D.T) lisans\u0131n\u0131 ald\u0131. \u0130ran&#8217;a gelmeden \u00f6nce 1998 y\u0131l\u0131nda. Di\u015f hekimli\u011fi alan\u0131n\u0131n t\u00fcm seviyelerinde 20 y\u0131l\u0131 [&hellip;]","og_url":"https:\/\/maxilladental.com\/tr\/bizim-takimimiz\/dis-hekimi\/","og_site_name":"Maxilla Dental Clinic North York, Toronto","article_modified_time":"2025-03-27T04:14:11+00:00","og_image":[{"width":1200,"height":1200,"url":"https:\/\/maxilladental.com\/wp-content\/uploads\/woocommerce-placeholder.png","type":"image\/png"}],"twitter_card":"summary_large_image","twitter_misc":{"Tahmini okuma s\u00fcresi":"1 dakika"},"schema":{"@context":"https:\/\/schema.org","@graph":[{"@type":"WebPage","@id":"https:\/\/maxilladental.com\/tr\/bizim-takimimiz\/dis-hekimi\/","url":"https:\/\/maxilladental.com\/tr\/bizim-takimimiz\/dis-hekimi\/","name":"Di\u015f Hekimi - Maxilla Dental Clinic North York, Toronto","isPartOf":{"@id":"https:\/\/maxilladental.com\/tr\/#website"},"primaryImageOfPage":{"@id":"https:\/\/maxilladental.com\/tr\/bizim-takimimiz\/dis-hekimi\/#primaryimage"},"image":{"@id":"https:\/\/maxilladental.com\/tr\/bizim-takimimiz\/dis-hekimi\/#primaryimage"},"thumbnailUrl":"https:\/\/maxilladental.com\/wp-content\/uploads\/woocommerce-placeholder-1024x1024.png","datePublished":"2024-07-27T17:20:26+00:00","dateModified":"2025-03-27T04:14:11+00:00","breadcrumb":{"@id":"https:\/\/maxilladental.com\/tr\/bizim-takimimiz\/dis-hekimi\/#breadcrumb"},"inLanguage":"tr","potentialAction":[{"@type":"ReadAction","target":["https:\/\/maxilladental.com\/tr\/bizim-takimimiz\/dis-hekimi\/"]}]},{"@type":"ImageObject","inLanguage":"tr","@id":"https:\/\/maxilladental.com\/tr\/bizim-takimimiz\/dis-hekimi\/#primaryimage","url":"https:\/\/maxilladental.com\/wp-content\/uploads\/woocommerce-placeholder-1024x1024.png","contentUrl":"https:\/\/maxilladental.com\/wp-content\/uploads\/woocommerce-placeholder-1024x1024.png"},{"@type":"BreadcrumbList","@id":"https:\/\/maxilladental.com\/tr\/bizim-takimimiz\/dis-hekimi\/#breadcrumb","itemListElement":[{"@type":"ListItem","position":1,"name":"Ev","item":"https:\/\/maxilladental.com\/tr\/maxilla-dental\/"},{"@type":"ListItem","position":2,"name":"Bizim Tak\u0131m\u0131m\u0131z","item":"https:\/\/maxilladental.com\/tr\/bizim-takimimiz\/"},{"@type":"ListItem","position":3,"name":"Di\u015f Hekimi"}]},{"@type":"WebSite","@id":"https:\/\/maxilladental.com\/tr\/#website","url":"https:\/\/maxilladental.com\/tr\/","name":"Maxilla Dental Clinic North York, Toronto","description":"","publisher":{"@id":"https:\/\/maxilladental.com\/tr\/#organization"},"potentialAction":[{"@type":"SearchAction","target":{"@type":"EntryPoint","urlTemplate":"https:\/\/maxilladental.com\/tr\/?s={search_term_string}"},"query-input":{"@type":"PropertyValueSpecification","valueRequired":true,"valueName":"search_term_string"}}],"inLanguage":"tr"},{"@type":"Organization","@id":"https:\/\/maxilladental.com\/tr\/#organization","name":"Maxilla Di\u015f Klini\u011fi North York, Toronto","url":"https:\/\/maxilladental.com\/tr\/","logo":{"@type":"ImageObject","inLanguage":"tr","@id":"https:\/\/maxilladental.com\/tr\/#\/schema\/logo\/image\/","url":"https:\/\/maxilladental.com\/wp-content\/uploads\/2021\/10\/Logo-maxilla.png","contentUrl":"https:\/\/maxilladental.com\/wp-content\/uploads\/2021\/10\/Logo-maxilla.png","width":671,"height":454,"caption":"Maxilla Di\u015f Klini\u011fi North York, Toronto"},"image":{"@id":"https:\/\/maxilladental.com\/tr\/#\/schema\/logo\/image\/"}}]}},"_links":{"self":[{"href":"https:\/\/maxilladental.com\/tr\/wp-json\/wp\/v2\/pages\/30928","targetHints":{"allow":["GET"]}}],"collection":[{"href":"https:\/\/maxilladental.com\/tr\/wp-json\/wp\/v2\/pages"}],"about":[{"href":"https:\/\/maxilladental.com\/tr\/wp-json\/wp\/v2\/types\/page"}],"author":[{"embeddable":true,"href":"https:\/\/maxilladental.com\/tr\/wp-json\/wp\/v2\/users\/1"}],"replies":[{"embeddable":true,"href":"https:\/\/maxilladental.com\/tr\/wp-json\/wp\/v2\/comments?post=30928"}],"version-history":[{"count":0,"href":"https:\/\/maxilladental.com\/tr\/wp-json\/wp\/v2\/pages\/30928\/revisions"}],"up":[{"embeddable":true,"href":"https:\/\/maxilladental.com\/tr\/wp-json\/wp\/v2\/pages\/31052"}],"wp:attachment":[{"href":"https:\/\/maxilladental.com\/tr\/wp-json\/wp\/v2\/media?parent=30928"}],"curies":[{"name":"wp","href":"https:\/\/api.w.org\/{rel}","templated":true}]}}